{"id":951,"date":"2016-09-03T13:36:18","date_gmt":"2016-09-03T11:36:18","guid":{"rendered":"https:\/\/www.rensiweb.com\/collana-damiani-gioielli-mini-simboli-oro-bianco-750-18-kt-farfalla\/"},"modified":"2026-04-07T20:49:58","modified_gmt":"2026-04-07T18:49:58","slug":"collana-damiani-gioielli-mini-simboli-oro-bianco-750-18-kt-farfalla","status":"publish","type":"product","link":"https:\/\/www.rensiweb.com\/it\/collana-damiani-gioielli-mini-simboli-oro-bianco-750-18-kt-farfalla.html","title":{"rendered":"Collana donna DAMIANI gioielli Mini Simboli- Oro Bianco 750\/000 (18 Kt.)..."},"content":{"rendered":"<div><strong>Collana donna DAMIANI gioielli Mini Simboli in Oro Bianco 750\/000 (18 Kt.) e Diamanti<\/strong>, disponibile in diverse forme, Farfalla o Orsetto.<\/div>\n<div>In alcune figure si pu\u00f2 trovare la<strong> versione<\/strong> semplice con <strong>alcuni Diamanti<\/strong>, o la versione <strong>Diamanti\u00a0Full Pav\u00e8<\/strong>.<\/div>\n<div>La <strong>Catena<\/strong> utilizzata, \u00e8 <strong>scorrevole<\/strong> ed ha una lughezza di <strong>cm. 42<\/strong>, mentre il <strong>Pendente<\/strong> ha di media una <strong>dimensione di mm. 11 x 11<\/strong>.<\/div>\n<div>La <strong>Catena utilizzata da DAMIANI gioielli<\/strong>, come in altre occasione, \u00e8 in <strong>Oro Bianco 750\/000 (18 Kt.)<\/strong> ed ha inserito al suo interno la &#8220;<strong>D<\/strong>&#8221; simbolo di <strong>DAMIANI<\/strong>, con un Chiusura semplice ed un finale nel quale si possono ritrovare i marchi e la Firma.<\/div>\n<div><\/div>\n<ul>\n<li><strong>Modello 1 <\/strong>(20046145)<strong> : Collana Oro Bianco 750\/000 (18 Kt.) &#8211; Farfalla.<\/strong><\/li>\n<li><strong>Modello 2<\/strong>\u00a0(20046143)<strong> : Collana Oro Bianco 750\/000 (18 Kt.) &#8211; Farfalla Full Pav\u00e8.<\/strong><\/li>\n<li><strong>Modello 3<\/strong>\u00a0(20046141)<strong> : Collana Oro Bianco 750\/000 (18 Kt.) &#8211; Orsetto.<\/strong><\/li>\n<li><strong>Modello 4<\/strong>\u00a0(20046008)<strong> : Collana Oro Bianco 750\/000 (18 Kt.) &#8211; Orsetto Full Pav\u00e8.<\/strong><\/li>\n<\/ul>\n<div><\/div>\n<div>Collezione di <strong>Mini Simboli, creata da DAMIANI gioielli (made in Italy)<\/strong>, \u00e8 adatta a molte et\u00e0 ed \u00e8 un regalo perfetto per diverse occasioni.<\/div>\n<div>I soggetti e le dimensioni usate sono cos\u00ec versatili, da poter essere utilizzate per un <strong>regalo di Compleanno, Battesimo, Comunione, Cresima<\/strong> o per qualsiasi altro evento, adatto alle <strong>Bambine, Ragazze giovani, come a Donne<\/strong> di qualunque et\u00e0.<\/div>\n","protected":false},"excerpt":{"rendered":"<p>Collana donna DAMIANI gioielli Mini Simboli in Oro Bianco 750\/000 (18 Kt.) e Diamanti, disponibile in diverse forme, semplice o Full Pav\u00e8.<\/p>\n","protected":false},"featured_media":6633,"comment_status":"open","ping_status":"closed","template":"","meta":[],"product_brand":[4],"product_cat":[1998,2006],"product_tag":[],"class_list":{"0":"post-951","1":"product","2":"type-product","3":"status-publish","4":"has-post-thumbnail","6":"product_brand-damiani-gioielli-orologi-italia","7":"product_cat-gioielli","8":"product_cat-damiani","9":"pa_cf_mixprodotti-modello_1","10":"pa_cf_mixprodotti-modello_2","11":"pa_cf_mixprodotti-modello_3","12":"pa_cf_mixprodotti-modello_4","14":"first","15":"instock","16":"sale","17":"shipping-taxable","18":"purchasable","19":"product-type-variable"},"exclude_global_add_ons":[],"addons":[],"_links":{"self":[{"href":"https:\/\/www.rensiweb.com\/it\/wp-json\/wp\/v2\/product\/951","targetHints":{"allow":["GET"]}}],"collection":[{"href":"https:\/\/www.rensiweb.com\/it\/wp-json\/wp\/v2\/product"}],"about":[{"href":"https:\/\/www.rensiweb.com\/it\/wp-json\/wp\/v2\/types\/product"}],"replies":[{"embeddable":true,"href":"https:\/\/www.rensiweb.com\/it\/wp-json\/wp\/v2\/comments?post=951"}],"wp:featuredmedia":[{"embeddable":true,"href":"https:\/\/www.rensiweb.com\/it\/wp-json\/wp\/v2\/media\/6633"}],"wp:attachment":[{"href":"https:\/\/www.rensiweb.com\/it\/wp-json\/wp\/v2\/media?parent=951"}],"wp:term":[{"taxonomy":"product_brand","embeddable":true,"href":"https:\/\/www.rensiweb.com\/it\/wp-json\/wp\/v2\/product_brand?post=951"},{"taxonomy":"product_cat","embeddable":true,"href":"https:\/\/www.rensiweb.com\/it\/wp-json\/wp\/v2\/product_cat?post=951"},{"taxonomy":"product_tag","embeddable":true,"href":"https:\/\/www.rensiweb.com\/it\/wp-json\/wp\/v2\/product_tag?post=951"}],"curies":[{"name":"wp","href":"https:\/\/api.w.org\/{rel}","templated":true}]}}