{"id":95,"date":"2014-07-16T14:55:04","date_gmt":"2014-07-16T12:55:04","guid":{"rendered":"https:\/\/www.rensiweb.com\/orologio-citizen-uomo-pilot-solo-tempo-ecodrive-titanio-radiocontrollato-as2020\/"},"modified":"2026-05-06T20:56:07","modified_gmt":"2026-05-06T18:56:07","slug":"orologio-citizen-uomo-pilot-solo-tempo-ecodrive-titanio-radiocontrollato-as2020","status":"publish","type":"product","link":"https:\/\/www.rensiweb.com\/it\/orologio-citizen-uomo-pilot-solo-tempo-ecodrive-titanio-radiocontrollato-as2020.html","title":{"rendered":"Orologio uomo Citizen Pilot solo Tempo Radiocontrollato CB024 &#8211; EcoDrive &#8211; (mm.43..."},"content":{"rendered":"<div><strong>Orologio uomo Citizen Pilot solo Tempo Radiocontrollato CB024, Acciaio<\/strong>\u00a0solo Tempo, Radiocontrollato a 5 canali (Europa, USA, Cina e Giappone), con ora, minuti, secondi, calendario perpetuo.<\/div>\n<div>Una nota collezione che ha decretato il successo di Citizen negli orologi Radiocontrollati, leader di settore.<\/div>\n<div>Disponibile in diverse varianti che hanno in comune la cassa in\u00a0<strong>Acciaio Inox, vetro in Zaffiro, sistema Eco-Drive<\/strong>\u00a0con riserva di carica che pu\u00f2 arrivare fino a 2 anni,\u00a0<strong>Radiocontrollo 5 canale per la ricezione del segnale in Europa, USA, Cina e Giappone<\/strong>, visulizzazione stato della ricezione, riserva di carica, resistente all&#8217;acqua 20 bar, fondo e corona serrati a vite.<\/div>\n<ul>\n<li><strong>modello CB0240-88E: cassa e cinturino Acciaio,\u00a0<strong><strong><strong>quadrante<\/strong><\/strong>\u00a0Nero.<\/strong><\/strong><\/li>\n<li><strong>modello\u00a0CB0240-88L : cassa e cinturino Acciaio,\u00a0<strong><strong><strong>quadrante Blu<\/strong><\/strong>.<\/strong><\/strong><\/li>\n<li><strong>modello\u00a0CB0245-84E : cassa e cinturino Acciaio PVD Nero,\u00a0<strong><strong><strong>quadrante Nero<\/strong><\/strong>.<\/strong><\/strong><\/li>\n<\/ul>\n<div><\/div>\n<div><strong>Orologi Citizen Pilot Acciaio<\/strong>, tra i pi\u00f9 conosciuti e apprezzati, l&#8217;ora esatta al vostro polso, cambio ora legale e solare, di notte gli\u00a0<strong>orologi Pilot di Citizen<\/strong>\u00a0attivano la ricerca automatica del segnale (possibile lanciare anche manualmente la ricerca del segnale), si aggiorna con l&#8217;ora precisa al secondo, tutta la tranquillit\u00e0 di avere sempre l&#8217;ora perfetta.<\/div>\n<div><strong>Pilot Citizen uomo Acciaio<\/strong>\u00a0solo Tempo, \u00e8 l&#8217; orologio adatto per chi cerca la semplicit\u00e0 e la precisione, in un prodotto di qualit\u00e0.<\/div>\n","protected":false},"excerpt":{"rendered":"<p>Orologio uomo Citizen Pilot solo Tempo Radiocontrollato CB024, Radiocontrollato 5 canali, movimento Eco-Drive, cassa e cinturino Acciaio Inox, vetro Zaffiro, cassa da mm.43, W.R.20 Bar.<\/p>\n<p><span style=\"font-size: 18pt;color: #339966\"><strong>5 Anni di GARANZIA Ufficiale<\/strong><\/span><\/p>\n","protected":false},"featured_media":6057,"comment_status":"open","ping_status":"closed","template":"","meta":[],"product_brand":[5],"product_cat":[2004,1994],"product_tag":[],"class_list":{"0":"post-95","1":"product","2":"type-product","3":"status-publish","4":"has-post-thumbnail","6":"product_brand-citizen-orologi-giappone","7":"product_cat-citizen","8":"product_cat-orologi","10":"first","11":"instock","12":"sale","13":"shipping-taxable","14":"purchasable","15":"product-type-variable"},"exclude_global_add_ons":[],"addons":[],"_links":{"self":[{"href":"https:\/\/www.rensiweb.com\/it\/wp-json\/wp\/v2\/product\/95","targetHints":{"allow":["GET"]}}],"collection":[{"href":"https:\/\/www.rensiweb.com\/it\/wp-json\/wp\/v2\/product"}],"about":[{"href":"https:\/\/www.rensiweb.com\/it\/wp-json\/wp\/v2\/types\/product"}],"replies":[{"embeddable":true,"href":"https:\/\/www.rensiweb.com\/it\/wp-json\/wp\/v2\/comments?post=95"}],"wp:featuredmedia":[{"embeddable":true,"href":"https:\/\/www.rensiweb.com\/it\/wp-json\/wp\/v2\/media\/6057"}],"wp:attachment":[{"href":"https:\/\/www.rensiweb.com\/it\/wp-json\/wp\/v2\/media?parent=95"}],"wp:term":[{"taxonomy":"product_brand","embeddable":true,"href":"https:\/\/www.rensiweb.com\/it\/wp-json\/wp\/v2\/product_brand?post=95"},{"taxonomy":"product_cat","embeddable":true,"href":"https:\/\/www.rensiweb.com\/it\/wp-json\/wp\/v2\/product_cat?post=95"},{"taxonomy":"product_tag","embeddable":true,"href":"https:\/\/www.rensiweb.com\/it\/wp-json\/wp\/v2\/product_tag?post=95"}],"curies":[{"name":"wp","href":"https:\/\/api.w.org\/{rel}","templated":true}]}}