{"id":910,"date":"2016-08-24T10:36:54","date_gmt":"2016-08-24T08:36:54","guid":{"rendered":"https:\/\/www.rensiweb.com\/bracciale-damiani-gioielli-damianissima-argento-925-onice-nero\/"},"modified":"2026-04-25T14:50:00","modified_gmt":"2026-04-25T12:50:00","slug":"bracciale-damiani-gioielli-damianissima-argento-925-onice-nero","status":"publish","type":"product","link":"https:\/\/www.rensiweb.com\/it\/bracciale-damiani-gioielli-damianissima-argento-925-onice-nero.html","title":{"rendered":"Bracciale donna DAMIANI Collezione Damianissima- Argento 925\/000..."},"content":{"rendered":"<div><strong>Bracciale donna DAMIANI Collezione Damianissima in Argento 925\/000<\/strong>, f\u00e0 parte di una pi\u00f9 ampia collezione che comprende anche Anelli, Orecchini, Collane.<\/div>\n<div>Questo Bracciale in Argento ha il decoro centrale sul quale si trovano <strong>inserito Onice Nero o Madreperla Bianca e alcuni Diamanti<\/strong>, a seconda della variante, pi\u00f9 4 decori in Argento.<\/div>\n<div>Il Bracciale presenta una chiusura che <strong>si pu\u00f2 agganciare a cm. 17 o cm. 19<\/strong>.<\/div>\n<div>Questo <strong>Bracciale<\/strong>\u00a0donna, della <strong>collezione Damianissima.925 di DAMIANI gioielli<\/strong>, non \u00e8 particolarmente pesante o ingombrante, e si adatta benissimo a <strong>Donne e Ragazze<\/strong> di qualunque et\u00e0.<\/div>\n<div><\/div>\n<ul>\n<li><strong>Modello 20045653 : Bracciale Argento 925\/000 &#8211; Onice Nero<\/strong><\/li>\n<li><strong><span style=\"line-height: 1.3em\">Modello 20045652 : Bracciale Argento 925\/000 &#8211; Madreperla Bianca.<\/span><\/strong><\/li>\n<\/ul>\n<div><\/div>\n<div>Gioiello semplice e non appariscente, che per\u00f2 riuscir\u00e0 a farsi notare per la sua particolarit\u00e0.<\/div>\n","protected":false},"excerpt":{"rendered":"<p>Bracciale donna DAMIANI Collezione Damianissima in Argento 925\/000, con inserto di Onice Nero o Madreperla Bianca, lungo cm. 17\/19.<\/p>\n","protected":false},"featured_media":6587,"comment_status":"open","ping_status":"closed","template":"","meta":[],"product_brand":[4],"product_cat":[1998,2006],"product_tag":[],"class_list":{"0":"post-910","1":"product","2":"type-product","3":"status-publish","4":"has-post-thumbnail","6":"product_brand-damiani-gioielli-orologi-italia","7":"product_cat-gioielli","8":"product_cat-damiani","9":"pa_cf_colori-bianco","10":"pa_cf_colori-nero","12":"first","13":"outofstock","14":"sale","15":"shipping-taxable","16":"purchasable","17":"product-type-variable"},"exclude_global_add_ons":[],"addons":[],"_links":{"self":[{"href":"https:\/\/www.rensiweb.com\/it\/wp-json\/wp\/v2\/product\/910","targetHints":{"allow":["GET"]}}],"collection":[{"href":"https:\/\/www.rensiweb.com\/it\/wp-json\/wp\/v2\/product"}],"about":[{"href":"https:\/\/www.rensiweb.com\/it\/wp-json\/wp\/v2\/types\/product"}],"replies":[{"embeddable":true,"href":"https:\/\/www.rensiweb.com\/it\/wp-json\/wp\/v2\/comments?post=910"}],"wp:featuredmedia":[{"embeddable":true,"href":"https:\/\/www.rensiweb.com\/it\/wp-json\/wp\/v2\/media\/6587"}],"wp:attachment":[{"href":"https:\/\/www.rensiweb.com\/it\/wp-json\/wp\/v2\/media?parent=910"}],"wp:term":[{"taxonomy":"product_brand","embeddable":true,"href":"https:\/\/www.rensiweb.com\/it\/wp-json\/wp\/v2\/product_brand?post=910"},{"taxonomy":"product_cat","embeddable":true,"href":"https:\/\/www.rensiweb.com\/it\/wp-json\/wp\/v2\/product_cat?post=910"},{"taxonomy":"product_tag","embeddable":true,"href":"https:\/\/www.rensiweb.com\/it\/wp-json\/wp\/v2\/product_tag?post=910"}],"curies":[{"name":"wp","href":"https:\/\/api.w.org\/{rel}","templated":true}]}}