{"id":882,"date":"2016-08-21T14:25:53","date_gmt":"2016-08-21T12:25:53","guid":{"rendered":"https:\/\/www.rensiweb.com\/orecchini-damiani-gioielli-perle-mare-giapponese-oro-bianco-750-18kt-mm-0625\/"},"modified":"2026-04-07T20:49:55","modified_gmt":"2026-04-07T18:49:55","slug":"orecchini-damiani-gioielli-perle-mare-giapponese-oro-bianco-750-18kt-mm-0625","status":"publish","type":"product","link":"https:\/\/www.rensiweb.com\/it\/orecchini-damiani-gioielli-perle-mare-giapponese-oro-bianco-750-18kt-mm-0625.html","title":{"rendered":"Orecchini donna DAMIANI con Perle di Mare-Oro Bianco 750\/000 (18Kt.)..."},"content":{"rendered":"<div><strong>Orecchini donna DAMIANI con Perle di Mare<\/strong> sono dei classici intramontabili, hanno un <strong>fascino senza tempo<\/strong> adatto a Donne di qualsiasi et\u00e0.<\/div>\n<div>Gli <strong>Orecchini con Perle di DAMIANI gioielli (made in Italy)<\/strong>, montano solo <strong>Perle coltivate Giapponesi di 1^ scelta<\/strong>, tra le migliori in assoluto, per Colore, Luminosit\u00e0, Sfericit\u00e0.<\/div>\n<div>Se cerchi degli <strong>Orecchini con Perla semplici<\/strong> a lobo, chiedendo l&#8217;alta qualit\u00e0, allora non pu\u00f2 sbagliarti, scegliendo questi.<\/div>\n<div>Tutti gli <strong>Orecchini con Perla di DAMIANI gioielli<\/strong>, sono montati su un paletto in <strong>Oro Bianco a 750\/000 (18Kt.)<\/strong>, accompagnati da una <strong>Farfalla<\/strong> di sicurezza, \u00a0in <strong>Oro Bianco<\/strong>, solida e di ottima finitura.<\/div>\n<div><\/div>\n<ul>\n<li><strong>Modello 20011415 : Orecchini in Oro Bianco 750\/000 (18 Kt.) &#8211; Perle di diametro mm. 6.25 (6.00\/6.50).<\/strong><\/li>\n<li><strong>Modello 20011416 : Orecchini in Oro Bianco 750\/000 (18 Kt.) &#8211; Perle di diametro mm. 6.75 (6.50\/7.00).<\/strong><\/li>\n<li><strong>Modello 20011418 : Orecchini in Oro Bianco 750\/000 (18 Kt.) &#8211; Perle di diametro mm. 7.25 (7.00\/7.50).<\/strong><\/li>\n<li><strong>Modello 20011419 : Orecchini in Oro Bianco 750\/000 (18 Kt.) &#8211; Perle di diametro mm. 7.75 (7.50\/8.00).<\/strong><\/li>\n<li><strong>Modello 20011420 : Orecchini in Oro Bianco 750\/000 (18 Kt.) &#8211; Perle di diametro mm. 8.25 (8.00\/8.50).<\/strong><\/li>\n<li><strong>Modello 20011421 : Orecchini in Oro Bianco 750\/000 (18 Kt.) &#8211; Perle di diametro mm. 8.75 (8.50\/9.00).<\/strong><\/li>\n<\/ul>\n<div><\/div>\n<div>Gli <strong>Orecchini donna con Perla<\/strong> da sempre hanno un <strong>raffinato tocco di Femminilit\u00e0<\/strong>, si adattano a molti stili di vita e di abbigliamento, essendo sempre un ottimo abbinamento.<\/div>\n<div><strong>DAMIANI gioielli<\/strong>, ha prodotto questa linea di <strong>Orecchini di Perle coltivate Giapponesi di Alta Qualit\u00e0<\/strong>, destinati a durare nel tempo.<\/div>\n<div>Consigliamo comunque di leggere eventuali nostri Articoli dove si p\u00f9o suggerire un mantenimento adeguato perch\u00e8 possano durare pi\u00f9 a lungo.<\/div>\n","protected":false},"excerpt":{"rendered":"<p>Orecchini donna DAMIANI con Perle di Mare in\u00a0 Oro Bianco a titolo 750\/000 (18 Kt.), con Perle coltivate Giapponesi di Alta Qualit\u00e0, con Diametri da 6.25 a 8.75 mm.<\/p>\n","protected":false},"featured_media":6529,"comment_status":"open","ping_status":"closed","template":"","meta":[],"product_brand":[4],"product_cat":[1998,2006],"product_tag":[],"class_list":{"0":"post-882","1":"product","2":"type-product","3":"status-publish","4":"has-post-thumbnail","6":"product_brand-damiani-gioielli-orologi-italia","7":"product_cat-gioielli","8":"product_cat-damiani","9":"pa_cf_metalloediametro-mm625","10":"pa_cf_metalloediametro-mm725","12":"first","13":"instock","14":"sale","15":"shipping-taxable","16":"purchasable","17":"product-type-variable"},"exclude_global_add_ons":[],"addons":[],"_links":{"self":[{"href":"https:\/\/www.rensiweb.com\/it\/wp-json\/wp\/v2\/product\/882","targetHints":{"allow":["GET"]}}],"collection":[{"href":"https:\/\/www.rensiweb.com\/it\/wp-json\/wp\/v2\/product"}],"about":[{"href":"https:\/\/www.rensiweb.com\/it\/wp-json\/wp\/v2\/types\/product"}],"replies":[{"embeddable":true,"href":"https:\/\/www.rensiweb.com\/it\/wp-json\/wp\/v2\/comments?post=882"}],"wp:featuredmedia":[{"embeddable":true,"href":"https:\/\/www.rensiweb.com\/it\/wp-json\/wp\/v2\/media\/6529"}],"wp:attachment":[{"href":"https:\/\/www.rensiweb.com\/it\/wp-json\/wp\/v2\/media?parent=882"}],"wp:term":[{"taxonomy":"product_brand","embeddable":true,"href":"https:\/\/www.rensiweb.com\/it\/wp-json\/wp\/v2\/product_brand?post=882"},{"taxonomy":"product_cat","embeddable":true,"href":"https:\/\/www.rensiweb.com\/it\/wp-json\/wp\/v2\/product_cat?post=882"},{"taxonomy":"product_tag","embeddable":true,"href":"https:\/\/www.rensiweb.com\/it\/wp-json\/wp\/v2\/product_tag?post=882"}],"curies":[{"name":"wp","href":"https:\/\/api.w.org\/{rel}","templated":true}]}}