{"id":880,"date":"2016-08-20T07:36:23","date_gmt":"2016-08-20T05:36:23","guid":{"rendered":"https:\/\/www.rensiweb.com\/anello-solitario-damiani-gioielli-minou-full-pave-oro-bianco-750-18kt-con-diamante-brillante-030-g-042\/"},"modified":"2026-04-24T20:52:03","modified_gmt":"2026-04-24T18:52:03","slug":"anello-solitario-damiani-gioielli-minou-full-pave-oro-bianco-750-18kt-con-diamante-brillante-030-g-042","status":"publish","type":"product","link":"https:\/\/www.rensiweb.com\/it\/anello-solitario-damiani-gioielli-minou-full-pave-oro-bianco-750-18kt-con-diamante-brillante-030-g-042.html","title":{"rendered":"Anello Solitario donna-DAMIANI Collezione Minou Full Pave-Oro Bianco 750\/000 (18Kt.)-con Diam..."},"content":{"rendered":"<div><strong>Anello Solitario donna-DAMIANI Collezione Minou\u00a0Full Pav\u00e8<\/strong>, tra le pi\u00f9 importante collezioni di<strong>\u00a0DAMIANI gioielli,<\/strong>\u00a0con castone a 6 punte ed anello esterno, tutto a Pav\u00e8 di\u00a0<strong>Diamanti<\/strong>\u00a0dal design luminoso e di effetto.<\/div>\n<div>Il design a Pav\u00e8 del castone nell&#8217;\u00a0Anello Solitario<strong>\u00a0Minou Full Pav\u00e8 in Oro Bianco 750\/000 (18Kt.)<\/strong>, \u00e8 un modello esclusivo di\u00a0<strong>DAMIANI gioielli<\/strong>.<\/div>\n<div>Collezione Minou Full Pav\u00e8,\u00a0<strong>DAMIANI gioielli risalta per le elevate finiture di alta gioielleria<\/strong>, prodotti del Brand sono\u00a0<strong>made in Italy<\/strong>.<\/div>\n<div>Il castone a 6 fili ed anello esterno <strong>tutti a Pav\u00e8<\/strong>, d\u00e0 solidit\u00e0 e ne <strong>aumenta notevolmente la luminosit\u00e0<\/strong> al castone stesso dell&#8217; Anello; doppia fila di <strong>Diamanti<\/strong> sull&#8217; anello esterno, e Pav\u00e8 sul fianco delle 6 punte.<\/div>\n<div><strong>DAMIANI gioielli collezione Minou Full Pav\u00e8<\/strong>,\u00a0<strong>Anello Solitario\u00a0in Oro Bianco<\/strong>\u00a0750\/000 (18 Kt.), con Diamante a taglio Brillante e Pav\u00e8 in tutta la superficie della parte superiore dell&#8217; Anello, \u00e8 una delle<strong>\u00a0collezioni di maggior rilievo<\/strong>\u00a0di DAMIANI gioielli,\u00a0<strong>made in Italy<\/strong>.<\/div>\n<div><\/div>\n<ul>\n<li><strong>Modello 81036143 : Anello Oro Bianco 750\/000 (18 Kt.) &#8211; Diamante ct. 0.30 G &#8211; Pav\u00e8 totale ct. 0.42 H.<\/strong><\/li>\n<li><strong>Modello 81042226 : Anello Oro Bianco 750\/000 (18 Kt.) &#8211; Diamante ct. 0.30 H &#8211; Pav\u00e8 totale ct. 0.43 H.<\/strong><\/li>\n<\/ul>\n<div><\/div>\n<div>Il\u00a0<strong>Castone degli\u00a0<strong>Anelli donna, Solitari Minou Full Pav\u00e8<\/strong><\/strong>, hanno una diametro di mm. 7.3 .<\/div>\n<div><\/div>\n<div><strong>Collezione Minou Full Pav\u00e8 di DAMIANI gioielli<\/strong>, \u00e8 un Up-grade della collezione Anelli Minou che sicuramente vi far\u00e0 illuminare gli occhi.<\/div>\n","protected":false},"excerpt":{"rendered":"<p>Anello Solitario donna-DAMIANI Collezione Minou Full Pave Oro Bianco a titolo 750\/000 (18 Kt.), con Diamante a taglio Brillante rotondo di ct. 0.30 e Pav\u00e8 di Diamanti per un totale di ct. 0.42.<\/p>\n","protected":false},"featured_media":6516,"comment_status":"open","ping_status":"closed","template":"","meta":[],"product_brand":[4],"product_cat":[1998,2006],"product_tag":[],"class_list":{"0":"post-880","1":"product","2":"type-product","3":"status-publish","4":"has-post-thumbnail","6":"product_brand-damiani-gioielli-orologi-italia","7":"product_cat-gioielli","8":"product_cat-damiani","9":"pa_cf_giocbrillegemme-ct030_n12","10":"pa_cf_giocbrillegemme-ct030_n15","12":"first","13":"outofstock","14":"sale","15":"shipping-taxable","16":"purchasable","17":"product-type-variable"},"exclude_global_add_ons":[],"addons":[],"_links":{"self":[{"href":"https:\/\/www.rensiweb.com\/it\/wp-json\/wp\/v2\/product\/880","targetHints":{"allow":["GET"]}}],"collection":[{"href":"https:\/\/www.rensiweb.com\/it\/wp-json\/wp\/v2\/product"}],"about":[{"href":"https:\/\/www.rensiweb.com\/it\/wp-json\/wp\/v2\/types\/product"}],"replies":[{"embeddable":true,"href":"https:\/\/www.rensiweb.com\/it\/wp-json\/wp\/v2\/comments?post=880"}],"wp:featuredmedia":[{"embeddable":true,"href":"https:\/\/www.rensiweb.com\/it\/wp-json\/wp\/v2\/media\/6516"}],"wp:attachment":[{"href":"https:\/\/www.rensiweb.com\/it\/wp-json\/wp\/v2\/media?parent=880"}],"wp:term":[{"taxonomy":"product_brand","embeddable":true,"href":"https:\/\/www.rensiweb.com\/it\/wp-json\/wp\/v2\/product_brand?post=880"},{"taxonomy":"product_cat","embeddable":true,"href":"https:\/\/www.rensiweb.com\/it\/wp-json\/wp\/v2\/product_cat?post=880"},{"taxonomy":"product_tag","embeddable":true,"href":"https:\/\/www.rensiweb.com\/it\/wp-json\/wp\/v2\/product_tag?post=880"}],"curies":[{"name":"wp","href":"https:\/\/api.w.org\/{rel}","templated":true}]}}