{"id":879,"date":"2016-08-20T07:27:14","date_gmt":"2016-08-20T05:27:14","guid":{"rendered":"https:\/\/www.rensiweb.com\/anello-solitario-damiani-gioielli-minou-pave-oro-bianco-750-18kt-con-diamante-brillante-036\/"},"modified":"2026-04-21T20:49:55","modified_gmt":"2026-04-21T18:49:55","slug":"anello-solitario-damiani-gioielli-minou-pave-oro-bianco-750-18kt-con-diamante-brillante-036","status":"publish","type":"product","link":"https:\/\/www.rensiweb.com\/it\/anello-solitario-damiani-gioielli-minou-pave-oro-bianco-750-18kt-con-diamante-brillante-036.html","title":{"rendered":"Anello Solitario donna DAMIANI Collezione Minou Pav\u00e8-Oro Bianco 750\/000 (18Kt.) con Diamante..."},"content":{"rendered":"<div><\/div>\n<div>Anello Solitario donna DAMIANI Collezione Minou Pav\u00e8, importante collezioni di<strong>\u00a0DAMIANI gioielli,<\/strong>\u00a0con castone a 6 punte ed anello esterno a Pav\u00e8 di <strong>Diamanti<\/strong> dal design inconfondibile.<\/div>\n<div>Il design del castone nell&#8217;\u00a0Anello Solitario<strong>\u00a0Minou Pav\u00e8 in Oro Bianco 750\/000 (18Kt.)<\/strong>, \u00e8 una esclusiva di\u00a0<strong>DAMIANI gioielli<\/strong>.<\/div>\n<div>Collezione Minou Pav\u00e8,\u00a0<strong>DAMIANI gioielli risalta per finiture di alta gioielleria<\/strong>, tutti i prodotti di questa collezione e del Brand sono\u00a0<strong>made in Italy<\/strong>.<\/div>\n<div>Il castone a 6 fili ed anello esterno a Pav\u00e8, d\u00e0 solidit\u00e0 e ne aumenta la luminosit\u00e0 al castone stesso dell&#8217; Anello, design semplice che risalta il\u00a0<strong>Diamante<\/strong>.<\/div>\n<div><strong>DAMIANI gioielli collezione Minou Pav\u00e8<\/strong>,\u00a0<strong>Anello Solitario\u00a0in Oro Bianco<\/strong>\u00a0750\/000 (18 Kt.), con Diamante a taglio Brillante e Pav\u00e8 di contorno, \u00e8 una delle<strong>\u00a0collezioni di maggior importanza<\/strong>\u00a0del noto Brand di gioielleria <strong>made in Italy<\/strong>.<\/div>\n<div><\/div>\n<ul>\n<li><strong>Modello 20016273 : Anello Oro Bianco 750\/000 (18 Kt.) &#8211; Diamante ct. 0.36 &#8211; H.<\/strong><\/li>\n<\/ul>\n<div><\/div>\n<div>Il\u00a0<strong>Castone degli\u00a0<strong>Anelli donna Solitari Minou Pav\u00e8<\/strong><\/strong>, ha una diametro quasi di mm. 7.0 .<\/div>\n<div><\/div>\n<div><strong>Collezione Minou Pav\u00e8 di DAMIANI gioielli<\/strong>, \u00e8 un semplice ma efficace Up-grade alla versione semplice della stessa collezione.<\/div>\n","protected":false},"excerpt":{"rendered":"<p>Anello Solitario donna DAMIANI Collezione Minou Pav\u00e8 Oro Bianco a titolo 750\/000 (18 Kt.), con Diamante a taglio Brillante rotondo di ct. 0.36 H.<\/p>\n","protected":false},"featured_media":6509,"comment_status":"open","ping_status":"closed","template":"","meta":[],"product_brand":[4],"product_cat":[1998,2006],"product_tag":[],"class_list":{"0":"post-879","1":"product","2":"type-product","3":"status-publish","4":"has-post-thumbnail","6":"product_brand-damiani-gioielli-orologi-italia","7":"product_cat-gioielli","8":"product_cat-damiani","9":"pa_cf_giocbrillegemme-ct035_n15","11":"first","12":"instock","13":"sale","14":"shipping-taxable","15":"purchasable","16":"product-type-variable"},"exclude_global_add_ons":[],"addons":[],"_links":{"self":[{"href":"https:\/\/www.rensiweb.com\/it\/wp-json\/wp\/v2\/product\/879","targetHints":{"allow":["GET"]}}],"collection":[{"href":"https:\/\/www.rensiweb.com\/it\/wp-json\/wp\/v2\/product"}],"about":[{"href":"https:\/\/www.rensiweb.com\/it\/wp-json\/wp\/v2\/types\/product"}],"replies":[{"embeddable":true,"href":"https:\/\/www.rensiweb.com\/it\/wp-json\/wp\/v2\/comments?post=879"}],"wp:featuredmedia":[{"embeddable":true,"href":"https:\/\/www.rensiweb.com\/it\/wp-json\/wp\/v2\/media\/6509"}],"wp:attachment":[{"href":"https:\/\/www.rensiweb.com\/it\/wp-json\/wp\/v2\/media?parent=879"}],"wp:term":[{"taxonomy":"product_brand","embeddable":true,"href":"https:\/\/www.rensiweb.com\/it\/wp-json\/wp\/v2\/product_brand?post=879"},{"taxonomy":"product_cat","embeddable":true,"href":"https:\/\/www.rensiweb.com\/it\/wp-json\/wp\/v2\/product_cat?post=879"},{"taxonomy":"product_tag","embeddable":true,"href":"https:\/\/www.rensiweb.com\/it\/wp-json\/wp\/v2\/product_tag?post=879"}],"curies":[{"name":"wp","href":"https:\/\/api.w.org\/{rel}","templated":true}]}}