{"id":874,"date":"2016-08-19T18:17:41","date_gmt":"2016-08-19T16:17:41","guid":{"rendered":"https:\/\/www.rensiweb.com\/anello-solitario-damiani-gioielli-minou-oro-bianco-750-18kt-con-diamante-brillante-014\/"},"modified":"2026-04-07T20:51:53","modified_gmt":"2026-04-07T18:51:53","slug":"anello-solitario-damiani-gioielli-minou-oro-bianco-750-18kt-con-diamante-brillante-014","status":"publish","type":"product","link":"https:\/\/www.rensiweb.com\/it\/anello-solitario-damiani-gioielli-minou-oro-bianco-750-18kt-con-diamante-brillante-014.html","title":{"rendered":"Anello donna DAMIANI gioielli Solitario Minou &#8211; Oro Bianco 750\/000 (18Kt.) &#8211; con ..."},"content":{"rendered":"<div><strong>Anello donna DAMIANI gioielli Solitario Minou,<\/strong>\u00a0creato con un castone a 6 punte ed anello esterno dal design inconfondibile.<\/div>\n<div>Il design del castone dell&#8217;\u00a0Anello Solitario<strong>\u00a0Minou in Oro Bianco 750\/000 (18Kt.)<\/strong>, \u00e8 un esclusivo modello di <strong>DAMIANI gioielli<\/strong>.<\/div>\n<div>Collezione Minou,\u00a0<strong>DAMIANI gioielli si risalta per finiture di alta gioielleria<\/strong>, tutti i prodotti di questo Brand sono\u00a0<strong>made in Italy<\/strong>.<\/div>\n<div>Il castone a 6 fili ed anello esterno, d\u00e0 solidit\u00e0 al castone stesso dell&#8217;Anello, design semplice che mette in risalto il\u00a0<strong>Diamante<\/strong>.<\/div>\n<div><strong>DAMIANI gioielli collezione Minou<\/strong>, <strong>Anello Solitario\u00a0in Oro Bianco<\/strong>\u00a0750\/000 (18 Kt.), con Diamante a taglio Brillante \u00e8\u00a0<strong>tra le collezioni di maggior rilievo<\/strong>\u00a0del noto Brand di gioielleria made in Italy, nota a livello mondiale.<\/div>\n<div><\/div>\n<ul>\n<li><strong>Modello 20053466 : Anello Oro Bianco 750\/000 (18 Kt.) &#8211; Diamante ct. 0.14 &#8211; H.<\/strong><\/li>\n<li><strong>Modello 20053482 : Anello Oro Bianco 750\/000 (18 Kt.) &#8211; Diamante ct. 0.20 &#8211; G.<\/strong><\/li>\n<li><strong>Modello 81062063 : Anello Oro Bianco 750\/000 (18 Kt.) &#8211; Diamante ct. 0.30 &#8211; G.<\/strong><\/li>\n<li><strong>Modello 20012459 : Anello Oro Bianco 750\/000 (18 Kt.) &#8211; Diamante ct. 0.45 &#8211; H.<\/strong><\/li>\n<li><strong>Modello 81062065 : Anello Oro Bianco 750\/000 (18 Kt.) &#8211; Diamante ct. 0.50 &#8211; G.<\/strong><\/li>\n<\/ul>\n<div><\/div>\n<div>Il\u00a0<strong>Castone degli <strong>Anelli donna Solitari Minou<\/strong><\/strong>, ha una diametro che parte da circa mm. 5.5 fino a circa mm. 6.5.<\/div>\n<div><\/div>\n<div><strong>Collezione Minou di DAMIANI gioielli<\/strong>, \u00e8 composta da Anelli in diverse varianti, semplici, con Pav\u00e8 e con Full Pav\u00e8.<\/div>\n","protected":false},"excerpt":{"rendered":"<p>Anello donna DAMIANI gioielli Solitario Minou, Oro Bianco a titolo 750\/000 (18 Kt.), con Diamante a taglio Brillante rotondo con disponibilit\u00e0 di vari pesi di ct., colori e purezze.<\/p>\n","protected":false},"featured_media":6495,"comment_status":"open","ping_status":"closed","template":"","meta":[],"product_brand":[4],"product_cat":[1998,2006],"product_tag":[],"class_list":{"0":"post-874","1":"product","2":"type-product","3":"status-publish","4":"has-post-thumbnail","6":"product_brand-damiani-gioielli-orologi-italia","7":"product_cat-gioielli","8":"product_cat-damiani","9":"pa_cf_giocbrillegemme-ct015_n15","10":"pa_cf_giocbrillegemme-ct030_n13","11":"pa_cf_giocbrillegemme-ct045_n15","13":"first","14":"instock","15":"sale","16":"shipping-taxable","17":"purchasable","18":"product-type-variable"},"exclude_global_add_ons":[],"addons":[],"_links":{"self":[{"href":"https:\/\/www.rensiweb.com\/it\/wp-json\/wp\/v2\/product\/874","targetHints":{"allow":["GET"]}}],"collection":[{"href":"https:\/\/www.rensiweb.com\/it\/wp-json\/wp\/v2\/product"}],"about":[{"href":"https:\/\/www.rensiweb.com\/it\/wp-json\/wp\/v2\/types\/product"}],"replies":[{"embeddable":true,"href":"https:\/\/www.rensiweb.com\/it\/wp-json\/wp\/v2\/comments?post=874"}],"wp:featuredmedia":[{"embeddable":true,"href":"https:\/\/www.rensiweb.com\/it\/wp-json\/wp\/v2\/media\/6495"}],"wp:attachment":[{"href":"https:\/\/www.rensiweb.com\/it\/wp-json\/wp\/v2\/media?parent=874"}],"wp:term":[{"taxonomy":"product_brand","embeddable":true,"href":"https:\/\/www.rensiweb.com\/it\/wp-json\/wp\/v2\/product_brand?post=874"},{"taxonomy":"product_cat","embeddable":true,"href":"https:\/\/www.rensiweb.com\/it\/wp-json\/wp\/v2\/product_cat?post=874"},{"taxonomy":"product_tag","embeddable":true,"href":"https:\/\/www.rensiweb.com\/it\/wp-json\/wp\/v2\/product_tag?post=874"}],"curies":[{"name":"wp","href":"https:\/\/api.w.org\/{rel}","templated":true}]}}