{"id":863,"date":"2016-08-18T11:13:33","date_gmt":"2016-08-18T09:13:33","guid":{"rendered":"https:\/\/www.rensiweb.com\/collana-punto-luce-damiani-gioielli-bocciolo-oro-bianco-750-18kt-con-diamante-brillante-031\/"},"modified":"2026-05-07T14:51:12","modified_gmt":"2026-05-07T12:51:12","slug":"collana-punto-luce-damiani-gioielli-bocciolo-oro-bianco-750-18kt-con-diamante-brillante-031","status":"publish","type":"product","link":"https:\/\/www.rensiweb.com\/it\/collana-punto-luce-damiani-gioielli-bocciolo-oro-bianco-750-18kt-con-diamante-brillante-031.html","title":{"rendered":"Collana donna Punto luce DAMIANI Collezione Bocciolo Oro Bianco 750\/000 (18Kt.)con Diamante..."},"content":{"rendered":"<div><strong style=\"line-height: 1.3em\">Collana donna Punto luce DAMIANI Collezione Bocciolo, DAMIANI gioielli<\/strong><span style=\"line-height: 1.3em\">\u00a0ha creato questo girocollo con castone dal design che richiama la forma rotondeggiante del bocciolo di un fiore.<\/span><\/div>\n<div>Il castone della Catena<strong>\u00a0Bocciolo in Oro Bianco<\/strong>, sembra avvolgere con dolcezza il\u00a0<strong>Diamante<\/strong>, come in un abbraccio.<\/div>\n<div>Come in molte collezioni,\u00a0<strong>DAMIANI gioielli si notano le finiture di alta gioielleria<\/strong>, applicate ai sui prodotti\u00a0<strong>made in Italy<\/strong>.<\/div>\n<div>Il particolare castone a fili crea un design particolare, \u00e8 visibilmente aperta la struttura che v\u00e0 a contenere il Diamante, permettendogli cos\u00ec di ricevere molta luce.<\/div>\n<div><strong>DAMIANI gioielli collezione Bocciolo<\/strong>, <strong>Collana donna, Punto luce\u00a0in Oro Bianco<\/strong> 750\/000 (18 Kt.), con Diamante a taglio Brillante si distunge per le forme non convenzionali usate spesso su questo genere di gioiello con Diamante.<\/div>\n<div><\/div>\n<ul>\n<li><strong>Modello 81057157 : Catena\/Girocollo Oro Bianco 750\/000 (18 Kt.) &#8211; lunga cm. 42\/50 &#8211; Diamante ct. 0.31 &#8211; G &#8211; VS2.<\/strong><\/li>\n<li><strong>Modello 81058905 : Catena\/Girocollo Oro Bianco 750\/000 (18 Kt.) &#8211; lunga cm. 42\/50 &#8211; Diamante ct. 0.30 &#8211; G &#8211; VS2.<\/strong><\/li>\n<\/ul>\n<div><\/div>\n<div>Il\u00a0<strong>Castone della Catena<\/strong>, ha una diametro di mm. 7.5, mentre la\u00a0<strong>Catena<\/strong>\u00a0ha una lunghezza massima di cm. 50 con un anellino per l&#8217;aggancio a cm. 42 .<\/div>\n<div><\/div>\n<div><strong>Collezione Bocciolo di DAMIANI gioielli<\/strong>, si far\u00e0 notare per il suo unico e particolare design.<\/div>\n","protected":false},"excerpt":{"rendered":"<p>Collana donna Punto luce DAMIANI Collezione Bocciolo in Oro Bianco a titolo 750\/000 (18 Kt.), con Diamante a taglio Brillante rotondo di ct. 0.31 &#8211; G -VS, catenina lunga cm. 42\/50.<\/p>\n","protected":false},"featured_media":6450,"comment_status":"open","ping_status":"closed","template":"","meta":[],"product_brand":[4],"product_cat":[1998,2006],"product_tag":[],"class_list":{"0":"post-863","1":"product","2":"type-product","3":"status-publish","4":"has-post-thumbnail","6":"product_brand-damiani-gioielli-orologi-italia","7":"product_cat-gioielli","8":"product_cat-damiani","10":"first","11":"outofstock","12":"shipping-taxable","13":"purchasable","14":"product-type-simple"},"exclude_global_add_ons":[],"addons":[],"_links":{"self":[{"href":"https:\/\/www.rensiweb.com\/it\/wp-json\/wp\/v2\/product\/863","targetHints":{"allow":["GET"]}}],"collection":[{"href":"https:\/\/www.rensiweb.com\/it\/wp-json\/wp\/v2\/product"}],"about":[{"href":"https:\/\/www.rensiweb.com\/it\/wp-json\/wp\/v2\/types\/product"}],"replies":[{"embeddable":true,"href":"https:\/\/www.rensiweb.com\/it\/wp-json\/wp\/v2\/comments?post=863"}],"wp:featuredmedia":[{"embeddable":true,"href":"https:\/\/www.rensiweb.com\/it\/wp-json\/wp\/v2\/media\/6450"}],"wp:attachment":[{"href":"https:\/\/www.rensiweb.com\/it\/wp-json\/wp\/v2\/media?parent=863"}],"wp:term":[{"taxonomy":"product_brand","embeddable":true,"href":"https:\/\/www.rensiweb.com\/it\/wp-json\/wp\/v2\/product_brand?post=863"},{"taxonomy":"product_cat","embeddable":true,"href":"https:\/\/www.rensiweb.com\/it\/wp-json\/wp\/v2\/product_cat?post=863"},{"taxonomy":"product_tag","embeddable":true,"href":"https:\/\/www.rensiweb.com\/it\/wp-json\/wp\/v2\/product_tag?post=863"}],"curies":[{"name":"wp","href":"https:\/\/api.w.org\/{rel}","templated":true}]}}