{"id":731,"date":"2016-07-25T10:21:21","date_gmt":"2016-07-25T08:21:21","guid":{"rendered":"https:\/\/www.rensiweb.com\/fedi-oro-giallo-750-18kt-damiani-gioielli-rings-noi2-classiche-mm-027-oro-giallo-bianco-rose-rosso-6\/"},"modified":"2026-04-16T20:49:56","modified_gmt":"2026-04-16T18:49:56","slug":"fedi-oro-giallo-750-18kt-damiani-gioielli-rings-noi2-classiche-mm-027-oro-giallo-bianco-rose-rosso-6","status":"publish","type":"product","link":"https:\/\/www.rensiweb.com\/it\/fedi-oro-giallo-750-18kt-damiani-gioielli-rings-noi2-classiche-mm-027-oro-giallo-bianco-rose-rosso-6.html","title":{"rendered":"Fedi DAMIANI collezione Noi2 mm.2.7  in oro 750\/000 (18Kt.)..."},"content":{"rendered":"<div><strong style=\"line-height: 1.3em\">Fedi DAMIANI collezione Noi2 mm.2.7\u00a0 DAMIANI gioielli<\/strong><span style=\"line-height: 1.3em\">\u00a0ha la sua collezione di\u00a0<\/span><strong style=\"line-height: 1.3em\">Fedi classiche Nuziali in Oro<\/strong><span style=\"line-height: 1.3em\">\u00a0750\/000 (18 Kt.),\u00a0<\/span><strong style=\"line-height: 1.3em\">larghezza mm. 2.7,\u00a0<\/strong><strong style=\"line-height: 1.3em\">Interno Confort Fit\u00a0<\/strong><span style=\"line-height: 1.3em\">(Interno bombato Confort), versioni in\u00a0<\/span><strong style=\"line-height: 1.3em\">Oro Giallo, Bianco, Ros\u00e9\/Rosso<\/strong><span style=\"line-height: 1.3em\">.<\/span><\/div>\n<div>Nelle varianti in\u00a0<strong>Oro Ros\u00e9, <\/strong>l&#8217;intensit\u00e0 del colore Non \u00e8 realmente intenso come nelle foto pubblicate dai vari Brands,\u00a0abbiamo provveduto appositamente a prepararvi delle Immagini pi\u00f9 reali possibili.<\/div>\n<div><strong>Collezione NO12 Rings mm. 2.7<\/strong>,\u00a0parte dal Dito n. 6 con un\u00a0peso indicativo\u00a0di g. 2.50 \u00a0per arrivare ad un massimo di Dito n. 28 con\u00a0peso indicativo\u00a0di g. 5.00 .<\/div>\n<div>Vi diamo una\u00a0<strong>indicazione del peso<\/strong>, calcolato con un metodo proporzionale con margine di Errore molto basso, per dare una informazione pi\u00f9 dettagliata, l&#8217;<strong>azienda Non specifica il peso di ogni singolo modello e n.Dito<\/strong>, fornisce a catalogo solo un peso medio della Collezione applicando generalmente un prezzo unico indifferentemente dal n.Dito.<\/div>\n<div><\/div>\n<div>Per rendere speciale il giorno del tuo Matrimonio, scegli\u00a0<strong>Fedi Nuziali DAMIANI gioielli<\/strong>, segno distintivo di preziosit\u00e0 e qualit\u00e0 che ti accompagner\u00e0 per tutta la vita.<\/div>\n<ul>\n<li><strong>Modello 20047613\/14 : Fede Oro Giallo, con numero Dito dal n. 6 al n. 7.<\/strong><\/li>\n<li><strong>Modello 20035592\/&#8230;\/612 : Fede Oro Giallo, con numero Dito dal n. 8 al n. 28.<\/strong><\/li>\n<\/ul>\n<ul>\n<li><strong>Modello 20043768\/69 : Fede Oro Bianco, con numero Dito dal n. 6 al n. 7.<\/strong><\/li>\n<li><strong>Modello 20035570\/&#8230;\/591 : Fede Oro Bianco, con numero Dito dal n. 8 al n. 28.<\/strong><\/li>\n<\/ul>\n<ul>\n<li><strong>Modello 20043771\/72 : Fede Oro Ros\u00e9\/Rosso, con numero Dito dal n. 6 al n. 7.<\/strong><\/li>\n<li><strong>Modello 20035613\/&#8230;\/634 : Fede Oro Ros\u00e9\/Rosso, con numero Dito dal n. 8 al n. 28.<\/strong><\/li>\n<\/ul>\n<div><\/div>\n<div>In tutte le\u00a0<strong>Fedi in Oro, DAMIANI gioielli<\/strong>, troverete al suo interno\u00a0<strong>Punzoni e &#8220;Firma&#8221;<\/strong>\u00a0per il riconoscimento di\u00a0<strong>origine e qualit\u00e0 del prodotto<\/strong>, all&#8217;interno incastonato un\u00a0<strong>Diamante<\/strong>\u00a0Bianco di ct. 0.01 per impreziosire la\u00a0<strong>Fede Nuziale<\/strong>.<\/div>\n<div>La superficie esterna pu\u00f2 essere completamente liscio o con <strong>Firma DAMIANI<\/strong>, la si pu\u00f2 avere in entrambi i modi a seconda delle preferenze.<\/div>\n","protected":false},"excerpt":{"rendered":"<p>Fedi DAMIANI collezione Noi2 mm.2.7\u00a0 .Fedi classiche Oro Giallo, Bianco, Ros\u00e9\/Rosso, DAMIANI gioielli, a Titolo 750\/000 (18Kt.), larga mm.2.7, con Diamante interno di ct. 0.01. Disponibili con misura Dito dal n. 6 al n. 28.<\/p>\n","protected":false},"featured_media":6404,"comment_status":"open","ping_status":"closed","template":"","meta":[],"product_brand":[4],"product_cat":[1998,2006],"product_tag":[],"class_list":{"0":"post-731","1":"product","2":"type-product","3":"status-publish","4":"has-post-thumbnail","6":"product_brand-damiani-gioielli-orologi-italia","7":"product_cat-gioielli","8":"product_cat-damiani","9":"pa_cf_fedieanelli-n646","10":"pa_cf_fedieanelli-n1353","11":"pa_cf_fedieanelli-n1454","12":"pa_cf_fedieanelli-n1555","13":"pa_cf_fedieanelli-n2262","14":"pa_cf_fedieanelli-n2363","16":"first","17":"instock","18":"sale","19":"shipping-taxable","20":"purchasable","21":"product-type-variable"},"exclude_global_add_ons":[],"addons":[],"_links":{"self":[{"href":"https:\/\/www.rensiweb.com\/it\/wp-json\/wp\/v2\/product\/731","targetHints":{"allow":["GET"]}}],"collection":[{"href":"https:\/\/www.rensiweb.com\/it\/wp-json\/wp\/v2\/product"}],"about":[{"href":"https:\/\/www.rensiweb.com\/it\/wp-json\/wp\/v2\/types\/product"}],"replies":[{"embeddable":true,"href":"https:\/\/www.rensiweb.com\/it\/wp-json\/wp\/v2\/comments?post=731"}],"wp:featuredmedia":[{"embeddable":true,"href":"https:\/\/www.rensiweb.com\/it\/wp-json\/wp\/v2\/media\/6404"}],"wp:attachment":[{"href":"https:\/\/www.rensiweb.com\/it\/wp-json\/wp\/v2\/media?parent=731"}],"wp:term":[{"taxonomy":"product_brand","embeddable":true,"href":"https:\/\/www.rensiweb.com\/it\/wp-json\/wp\/v2\/product_brand?post=731"},{"taxonomy":"product_cat","embeddable":true,"href":"https:\/\/www.rensiweb.com\/it\/wp-json\/wp\/v2\/product_cat?post=731"},{"taxonomy":"product_tag","embeddable":true,"href":"https:\/\/www.rensiweb.com\/it\/wp-json\/wp\/v2\/product_tag?post=731"}],"curies":[{"name":"wp","href":"https:\/\/api.w.org\/{rel}","templated":true}]}}