{"id":728,"date":"2016-07-09T17:39:21","date_gmt":"2016-07-09T15:39:21","guid":{"rendered":"https:\/\/www.rensiweb.com\/fedi-oro-giallo-750-18kt-damiani-gioielli-rings-noi2-classiche-mm-045-oro-giallo-bianco-rose-rosso-6\/"},"modified":"2026-04-28T20:50:01","modified_gmt":"2026-04-28T18:50:01","slug":"fedi-oro-giallo-750-18kt-damiani-gioielli-rings-noi2-classiche-mm-045-oro-giallo-bianco-rose-rosso-6","status":"publish","type":"product","link":"https:\/\/www.rensiweb.com\/it\/fedi-oro-giallo-750-18kt-damiani-gioielli-rings-noi2-classiche-mm-045-oro-giallo-bianco-rose-rosso-6.html","title":{"rendered":"Fedi DAMIANI gioielli Collezione NOI2 mm 4.5 oro 18kt...."},"content":{"rendered":"<div><strong>Fedi DAMIANI gioielli Collezione NOI2 mm 4.5. DAMIANI gioielli<\/strong>\u00a0ha creato la sua collezione di\u00a0<strong>Fedi Nuziali classica in Oro<\/strong>\u00a0750\/000 (18 Kt.),\u00a0<strong>larga mm. 4.5<\/strong>\u00a0con l&#8217;<strong>Interno Confort Fit\u00a0<\/strong>(Interno bombato Confort), versioni in\u00a0<strong>Oro Giallo, Bianco, Ros\u00e9\/Rosso<\/strong>.<\/div>\n<div>Le varianti in\u00a0<strong>Oro Rosso, preferiamo definirle in Oro Ros\u00e9<\/strong>, l&#8217;intensit\u00e0 del colore Non \u00e8 realmente intenso come nelle foto pubblicate dai vari Brands,\u00a0abbiamo provveduto appositamente a prepararvi delle Immagini pi\u00f9 reali possibili.<\/div>\n<div><strong>Collezione NO12 Rings mm. 4.5<\/strong>,\u00a0parte dal Dito n. 6 con un\u00a0peso indicativo\u00a0di g. 6.90 per arrivare ad un massimo di Dito n. 28 con\u00a0peso indicativo\u00a0di g. 11.00 .<\/div>\n<div>Vi diamo una\u00a0<strong>indicazione del peso<\/strong>, con un\u00a0margine di Errore molto basso, in quanto lo abbiamo calcolato per dare una informazione pi\u00f9 dettagliata, l&#8217;<strong>azienda Non specifica il peso di ogni singolo modello e n.Dito<\/strong>, fornisce a catalogo solo un peso medio della Collezione applicando generalmente un prezzo unico indifferentemente dal n.Dito.<\/div>\n<div><\/div>\n<div>Rendi speciale il giorno del tuo Matrimonio, utilizzando\u00a0<strong>Fedi Nuziali DAMIANI gioielli<\/strong>, segno distintivo di qualit\u00e0 e preziosit\u00e0 che ti accompagner\u00e0 per tutta la vita.<\/div>\n<ul>\n<li><strong>Modello 20043787\/8 : Fede Oro Giallo, con numero Dito dal n. 6 al n. 7.<\/strong><\/li>\n<li><strong>Modello 20035806\/&#8230;\/826 : Fede Oro Giallo, con numero Dito dal n. 8 al n. 28.<\/strong><\/li>\n<\/ul>\n<ul>\n<li><strong>Modello 20047611\/2 : Fede Oro Bianco, con numero Dito dal n. 6 al n. 7.<\/strong><\/li>\n<li><strong>Modello 20035785\/&#8230;\/805 : Fede Oro Bianco, con numero Dito dal n. 8 al n. 28.<\/strong><\/li>\n<\/ul>\n<ul>\n<li><strong>Modello 20043789\/90 : Fede Oro Ros\u00e9\/Rosso, con numero Dito dal n. 6 al n. 7.<\/strong><\/li>\n<li><strong>Modello 20035827\/&#8230;\/847 : Fede Oro Ros\u00e9\/Rosso, con numero Dito dal n. 8 al n. 28.<\/strong><\/li>\n<\/ul>\n<div><\/div>\n<div>Tutte le\u00a0<strong>Fedi in Oro, DAMIANI gioielli<\/strong>, hanno al suo interno\u00a0<strong>Punzoni e &#8220;Firma&#8221;<\/strong>\u00a0di riconoscimento per l&#8217;<strong>origine e qualit\u00e0 del prodotto<\/strong>, con incastonato un\u00a0<strong>Diamante<\/strong>\u00a0Bianco di ct. 0.01 per impreziosire la\u00a0<strong>Fede Nuziale<\/strong>.<\/div>\n<div><span style=\"line-height: 1.3em\">L&#8217;esterno \u00e8 liscio o con <\/span><strong style=\"line-height: 1.3em\">Firma DAMIANI<\/strong><span style=\"line-height: 1.3em\">, comunque la si pu\u00f2 avere su richiesta in entrambe le 2 varianti.<\/span><\/div>\n","protected":false},"excerpt":{"rendered":"<p>Fedi DAMIANI gioielli Collezione NOI2 mm 4.5 .Fedi classiche Oro Giallo, Bianco, Ros\u00e9\/Rosso, DAMIANI gioielli, NO12 Rings, a Titolo 750\/000 (18Kt.), larga mm. 4.5, con Diamante interno di ct. 0.01. Disponibili con misura Dito dal n.6 al n.28.<\/p>\n","protected":false},"featured_media":6385,"comment_status":"open","ping_status":"closed","template":"","meta":[],"product_brand":[4],"product_cat":[1998,2024,2006],"product_tag":[],"class_list":{"0":"post-728","1":"product","2":"type-product","3":"status-publish","4":"has-post-thumbnail","6":"product_brand-damiani-gioielli-orologi-italia","7":"product_cat-gioielli","8":"product_cat-outlet","9":"product_cat-damiani","10":"pa_cf_fedieanelli-n1454","11":"pa_cf_fedieanelli-n1656","12":"pa_cf_fedieanelli-n2161","13":"pa_cf_fedieanelli-n2363","15":"first","16":"onbackorder","17":"sale","18":"shipping-taxable","19":"purchasable","20":"product-type-variable"},"exclude_global_add_ons":[],"addons":[],"_links":{"self":[{"href":"https:\/\/www.rensiweb.com\/it\/wp-json\/wp\/v2\/product\/728","targetHints":{"allow":["GET"]}}],"collection":[{"href":"https:\/\/www.rensiweb.com\/it\/wp-json\/wp\/v2\/product"}],"about":[{"href":"https:\/\/www.rensiweb.com\/it\/wp-json\/wp\/v2\/types\/product"}],"replies":[{"embeddable":true,"href":"https:\/\/www.rensiweb.com\/it\/wp-json\/wp\/v2\/comments?post=728"}],"wp:featuredmedia":[{"embeddable":true,"href":"https:\/\/www.rensiweb.com\/it\/wp-json\/wp\/v2\/media\/6385"}],"wp:attachment":[{"href":"https:\/\/www.rensiweb.com\/it\/wp-json\/wp\/v2\/media?parent=728"}],"wp:term":[{"taxonomy":"product_brand","embeddable":true,"href":"https:\/\/www.rensiweb.com\/it\/wp-json\/wp\/v2\/product_brand?post=728"},{"taxonomy":"product_cat","embeddable":true,"href":"https:\/\/www.rensiweb.com\/it\/wp-json\/wp\/v2\/product_cat?post=728"},{"taxonomy":"product_tag","embeddable":true,"href":"https:\/\/www.rensiweb.com\/it\/wp-json\/wp\/v2\/product_tag?post=728"}],"curies":[{"name":"wp","href":"https:\/\/api.w.org\/{rel}","templated":true}]}}