{"id":641,"date":"2016-06-28T22:36:27","date_gmt":"2016-06-28T20:36:27","guid":{"rendered":"https:\/\/www.rensiweb.com\/fedi-oro-giallo-750-18kt-damiani-gioielli-rings-noi2-classiche-mm-3-5-oro-giallo-bianco-rose-rosso\/"},"modified":"2026-05-08T14:50:02","modified_gmt":"2026-05-08T12:50:02","slug":"fedi-oro-giallo-750-18kt-damiani-gioielli-rings-noi2-classiche-mm-3-5-oro-giallo-bianco-rose-rosso","status":"publish","type":"product","link":"https:\/\/www.rensiweb.com\/it\/fedi-oro-giallo-750-18kt-damiani-gioielli-rings-noi2-classiche-mm-3-5-oro-giallo-bianco-rose-rosso.html","title":{"rendered":"Fedi DAMIANI gioielli Collezione NOI2 mm 3.5 in oro 18kt...."},"content":{"rendered":"<div><strong>Fedi DAMIANI gioielli Collezione NOI2 mm 3.5 in oro 18kt., DAMIANI gioielli<\/strong> ha creato la sua collezione di <strong>Fedi Nuziali classiche in Oro<\/strong> 750\/000 (18 Kt.), <strong>larghe mm. 3.5<\/strong> con l&#8217;<strong>Interno Confort Fit <\/strong>(Interno con bombatura Confort), nelle versioni in <strong>Oro Giallo, Bianco, Ros\u00e9\/Rosso<\/strong>.<\/div>\n<div>Le varianti in <strong>Oro Rosso, preferiamo definirle in Oro Ros\u00e9<\/strong>, in quanto l&#8217;intensit\u00e0 del colore Non \u00e8 realmente intenso come nelle foto pubblicate dai vari Brands, <span style=\"text-decoration: underline\">abbiamo provveduto Noi a prepararvi delle Immagini pi\u00f9 reali possibili<\/span>.<\/div>\n<div><strong>Collezione NO12 Rings mm. 3.5<\/strong>,\u00a0parte dal Dito n. 6 con un <span style=\"text-decoration: underline\">peso indicativo<\/span> di g. 5.10 per arrivare ad un massimo di Dito n. 28 con <span style=\"text-decoration: underline\">peso indicativo<\/span> di g. 6.90 .<\/div>\n<div>Vi diamo una <strong>indicazione del peso<\/strong>, con un <span style=\"text-decoration: underline\">margine di Errore molto basso<\/span>, in quanto lo abbiamo calcolato Noi per una migliore informazione, l&#8217;<strong>azienda Non specifica il peso di ogni singolo modello e n.Dito<\/strong>, ma fornisce a catalogo solo un peso medio della Collezione applicando generalmente un prezzo unico indifferentemente dal n.Dito.<\/div>\n<div><\/div>\n<div>Valorizza e rendi speciale il giorno pi\u00f9 importante utilizzando <strong>Fedi Nuziali DAMIANI gioielli<\/strong>, segno distintivo di qualit\u00e0 e preziosit\u00e0 che ti accompagner\u00e0 per tutta la vita.<\/div>\n<ul>\n<li><strong>Modello 20047615\/17 : Fede Oro Giallo, con numero Dito dal n. 6 al n. 7.<\/strong><\/li>\n<li><strong>Modello 20035701\/&#8230;\/21 : Fede Oro Giallo, con numero Dito dal n. 8 al n. 28.<\/strong><\/li>\n<\/ul>\n<ul>\n<li><strong>Modello 20043779\/7610 : Fede Oro Bianco, con numero Dito dal n. 6 al n. 7.<\/strong><\/li>\n<li><strong>Modello 20035680\/&#8230;\/700 : Fede Oro Bianco, con numero Dito dal n. 8 al n. 28.<\/strong><\/li>\n<\/ul>\n<ul>\n<li><strong style=\"line-height: 1.3em\">Modello 20043780\/81 : Fede Oro Ros\u00e9\/Rosso, con numero Dito dal n. 6 al n. 7.<\/strong><\/li>\n<li><strong>Modello 20035722\/&#8230;\/42 : Fede Oro Ros\u00e9\/Rosso, con numero Dito dal n. 8 al n. 28.<\/strong><\/li>\n<\/ul>\n<div><\/div>\n<div>Tutte le <strong>Fedi in Oro, DAMIANI gioielli<\/strong>, hanno al suo interno <strong>Punzoni e &#8220;Firma&#8221;<\/strong> di riconoscimento per l&#8217;<strong>origine e qualit\u00e0 del prodotto<\/strong>, con applicato un <strong>Diamante<\/strong> Bianco di ct. 0.01 per abbellire ed impreziosire la <strong>Fede Nuziale<\/strong>.<\/div>\n<div>L&#8217;esterno pu\u00f2 essere completamente liscio o con\u00a0<strong>Firma DAMIANI<\/strong>, la si pu\u00f2 avere su richiesta in entrambe le varianti.<\/div>\n","protected":false},"excerpt":{"rendered":"<p>Fedi DAMIANI gioielli Collezione NOI2 mm 3.5 in oro 18kt, Fedi classiche Oro Giallo, Bianco, Ros\u00e9\/Rosso, DAMIANI gioielli, NO12 Rings, a Titolo 750\/000 (18Kt.), larga mm. 3.5, con Diamante interno di ct. 0.01. Disponibili con misura Dito dal n.6 al n.28.<\/p>\n","protected":false},"featured_media":6355,"comment_status":"open","ping_status":"closed","template":"","meta":[],"product_brand":[4],"product_cat":[1998,2006],"product_tag":[],"class_list":{"0":"post-641","1":"product","2":"type-product","3":"status-publish","4":"has-post-thumbnail","6":"product_brand-damiani-gioielli-orologi-italia","7":"product_cat-gioielli","8":"product_cat-damiani","9":"pa_cf_fedieanelli-n646","10":"pa_cf_fedieanelli-n1252","11":"pa_cf_fedieanelli-n1353","12":"pa_cf_fedieanelli-n1454","13":"pa_cf_fedieanelli-n1959","14":"pa_cf_fedieanelli-n2060","15":"pa_cf_fedieanelli-n2262","16":"pa_cf_fedieanelli-n2363","18":"first","19":"instock","20":"sale","21":"shipping-taxable","22":"purchasable","23":"product-type-variable"},"exclude_global_add_ons":[],"addons":[],"_links":{"self":[{"href":"https:\/\/www.rensiweb.com\/it\/wp-json\/wp\/v2\/product\/641","targetHints":{"allow":["GET"]}}],"collection":[{"href":"https:\/\/www.rensiweb.com\/it\/wp-json\/wp\/v2\/product"}],"about":[{"href":"https:\/\/www.rensiweb.com\/it\/wp-json\/wp\/v2\/types\/product"}],"replies":[{"embeddable":true,"href":"https:\/\/www.rensiweb.com\/it\/wp-json\/wp\/v2\/comments?post=641"}],"wp:featuredmedia":[{"embeddable":true,"href":"https:\/\/www.rensiweb.com\/it\/wp-json\/wp\/v2\/media\/6355"}],"wp:attachment":[{"href":"https:\/\/www.rensiweb.com\/it\/wp-json\/wp\/v2\/media?parent=641"}],"wp:term":[{"taxonomy":"product_brand","embeddable":true,"href":"https:\/\/www.rensiweb.com\/it\/wp-json\/wp\/v2\/product_brand?post=641"},{"taxonomy":"product_cat","embeddable":true,"href":"https:\/\/www.rensiweb.com\/it\/wp-json\/wp\/v2\/product_cat?post=641"},{"taxonomy":"product_tag","embeddable":true,"href":"https:\/\/www.rensiweb.com\/it\/wp-json\/wp\/v2\/product_tag?post=641"}],"curies":[{"name":"wp","href":"https:\/\/api.w.org\/{rel}","templated":true}]}}