{"id":638,"date":"2016-06-27T11:03:39","date_gmt":"2016-06-27T09:03:39","guid":{"rendered":"https:\/\/www.rensiweb.com\/orologio-locman-uomo-stealth-300-metri-cassa-carbonio-titanio-uomo-nero-solo-tempo-automatico-cinturino-gomma-blu-giallo-nero-certificato-sio-0216v\/"},"modified":"2026-05-16T20:48:20","modified_gmt":"2026-05-16T18:48:20","slug":"orologio-locman-uomo-stealth-300-metri-cassa-carbonio-titanio-uomo-nero-solo-tempo-automatico-cinturino-gomma-blu-giallo-nero-certificato-sio-0216v","status":"publish","type":"product","link":"https:\/\/www.rensiweb.com\/it\/orologio-locman-uomo-stealth-300-metri-cassa-carbonio-titanio-uomo-nero-solo-tempo-automatico-cinturino-gomma-blu-giallo-nero-certificato-sio-0216v.html","title":{"rendered":"Orologio uomo, Locman, Stealth 300 M. cassa Carbonio, Automatico S.I.O. &#8211; Nero &#8211; ..."},"content":{"rendered":"<div><span style=\"line-height: 1.3em\">Orologio uomo,\u00a0<\/span><strong style=\"line-height: 1.3em\">Locman collezione Stealth 300M Carbonio uomo<\/strong><span style=\"line-height: 1.3em\">, collezione di orologi sportivi ad alta Tecnologis costruttiva,\u00a0<\/span><strong style=\"line-height: 1.3em\">solo tempo Automatico certificato S.I.O.<\/strong><span style=\"line-height: 1.3em\">, datario con lente, ghiera girevole unidirezionale.<\/span><\/div>\n<p><strong>Locman Stealth 300 Metri,<\/strong>\u00a0Carbonio uomo, \u00e8 una collezione sportiva Sub professionale di casa\u00a0<strong>Locman (made in Italy)<\/strong>, che v\u00e0 ad incrementare la gi\u00e0 nota linea Stealth, ma con una caratteristica che lo distingue da tutti gli altri modelli, avendo la cassa interamente in Carbonio, ricavata da un unico pezzo di Carbonio.<\/p>\n<p>Questo fattore Tecnologico della cassa interamente in Carbonio, lo rende <strong>particolarmente leggero (solo g.97)<\/strong>, 23 g. in meno della stessa versione in Acciaio 316L.<\/p>\n<p>La\u00a0<strong>collezione Stealth 300M Carbonio di Locman<\/strong>\u00a0risulta attualmente l&#8217;unico orologio sul panorama orologiaio, che propone una cassa Hi-tech interamente in Carbonio, a meno \u20ac 1000.00 distanziando di molto altri concorrenti.<\/p>\n<p>Orologio uomo,\u00a0<strong>Locman Stealth 300 Metri Carbonio<\/strong>, \u00e8 un orologio perfetto per chi vuole la massima affidabilit\u00e0 e leggerezza nell&#8217;utilizzo in acqua, costruito con materiali di qualit\u00e0, <strong>cassa in Carbonio\u00a0e\u00a0Titanio<\/strong>\u00a0per ottenere robustezza e leggerezza.<\/p>\n<p>Questi orologi sono dotati di un\u00a0<strong>Vetro in Cristallo minerale<\/strong>\u00a0con trattamento Hi-tech ad\u00a0<strong>alta resistenza<\/strong>, collezione\u00a0<strong>resistente all&#8217;acqua 30 Bar (300 m.)<\/strong>, con movimento\u00a0<strong>Automatico-meccanico<\/strong>\u00a0di alta qualit\u00e0,\u00a0<strong>verificato e certificato S.I.O. (Scuola Italiana di Orologeria)<\/strong>.<\/p>\n<ul class=\"gkbullet1\">\n<li><strong>modello 0216V4-CBCB5N0S2K : C<strong>assa completamente in Carbonio con finiture PVD Rose &#8211; cinturino gomma siliconica Nero<\/strong>\u00a0&#8211; quadrante Carbonio Nero.<\/strong><\/li>\n<li><strong>modello 0216V3-CBCBNKBS2B\u00a0: C<strong><strong>assa completamente in Carbonio\u00a0<\/strong><\/strong><strong>\u00a0&#8211; cinturino gomma siliconica Blu<\/strong>\u00a0&#8211;\u00a0<strong>quadrante Carbonio Nero<\/strong><\/strong><strong>.<\/strong><\/li>\n<\/ul>\n<p><strong>Locman uomo, Stealth 300M Carbonio<\/strong>, sono disponibili in varianti che potranno soddisfare il gusto sportivo di molte persone, datario con lente, quadranti in Fibra di Carbonio, cinturini in Gomma siliconica Anallergico.<\/p>\n","protected":false},"excerpt":{"rendered":"<p>Orologio uomo, Locman Stealth 300M, Acciaio e Titanio con funzione solo tempo Automatico, W.R. 30 Bar.<\/p>\n","protected":false},"featured_media":6345,"comment_status":"open","ping_status":"closed","template":"","meta":[],"product_brand":[3],"product_cat":[1994,2012],"product_tag":[],"class_list":{"0":"post-638","1":"product","2":"type-product","3":"status-publish","4":"has-post-thumbnail","6":"product_brand-locman-orologi-italia","7":"product_cat-orologi","8":"product_cat-locman","10":"first","11":"instock","12":"sale","13":"shipping-taxable","14":"purchasable","15":"product-type-variable"},"exclude_global_add_ons":[],"addons":[],"_links":{"self":[{"href":"https:\/\/www.rensiweb.com\/it\/wp-json\/wp\/v2\/product\/638","targetHints":{"allow":["GET"]}}],"collection":[{"href":"https:\/\/www.rensiweb.com\/it\/wp-json\/wp\/v2\/product"}],"about":[{"href":"https:\/\/www.rensiweb.com\/it\/wp-json\/wp\/v2\/types\/product"}],"replies":[{"embeddable":true,"href":"https:\/\/www.rensiweb.com\/it\/wp-json\/wp\/v2\/comments?post=638"}],"wp:featuredmedia":[{"embeddable":true,"href":"https:\/\/www.rensiweb.com\/it\/wp-json\/wp\/v2\/media\/6345"}],"wp:attachment":[{"href":"https:\/\/www.rensiweb.com\/it\/wp-json\/wp\/v2\/media?parent=638"}],"wp:term":[{"taxonomy":"product_brand","embeddable":true,"href":"https:\/\/www.rensiweb.com\/it\/wp-json\/wp\/v2\/product_brand?post=638"},{"taxonomy":"product_cat","embeddable":true,"href":"https:\/\/www.rensiweb.com\/it\/wp-json\/wp\/v2\/product_cat?post=638"},{"taxonomy":"product_tag","embeddable":true,"href":"https:\/\/www.rensiweb.com\/it\/wp-json\/wp\/v2\/product_tag?post=638"}],"curies":[{"name":"wp","href":"https:\/\/api.w.org\/{rel}","templated":true}]}}