{"id":5944,"date":"2022-03-12T08:37:37","date_gmt":"2022-03-12T07:37:37","guid":{"rendered":"https:\/\/www.rensiweb.com\/collana-uomo-baraka-collezione-cyborgceramic-in-ceramica-nera-acciaio-316l-oro-rose-18kt-e-diamante-ct-0-02\/"},"modified":"2026-04-16T20:57:20","modified_gmt":"2026-04-16T18:57:20","slug":"collana-uomo-baraka-collezione-cyborgceramic-in-ceramica-nera-acciaio-316l-oro-rose-18kt-e-diamante-ct-0-02","status":"publish","type":"product","link":"https:\/\/www.rensiweb.com\/it\/collana-uomo-baraka-collezione-cyborgceramic-in-ceramica-nera-acciaio-316l-oro-rose-18kt-e-diamante-ct-0-02.html","title":{"rendered":"Collana Barak\u00e0 CyborgCeramic Nera Acciaio Oro 18 kt..."},"content":{"rendered":"<p><strong>Collana Barak\u00e0 Collezione CyborgCeramic in ceramica nera e oro ros\u00e8 18 Kt. moschettone acciaio con diamante ct 0.02<\/strong><\/p>\n<div class=\"flex max-w-full flex-col flex-grow\">\n<div class=\"min-h-8 text-message flex w-full flex-col items-end gap-2 whitespace-normal break-words text-start [.text-message+&amp;]:mt-5\" dir=\"auto\" data-message-author-role=\"assistant\" data-message-id=\"208f4af5-18d5-4dc5-9819-ab456351d046\" data-message-model-slug=\"o1\">\n<div class=\"flex w-full flex-col gap-1 empty:hidden first:pt-[3px]\">\n<div class=\"markdown prose w-full break-words dark:prose-invert light\">\n<p><strong>Barak\u00e0: gioielli da uomo Made in Italy dal 1960<\/strong><br \/>\nBarak\u00e0 \u00e8 un rinomato brand di gioielleria maschile nato negli anni Sessanta, sinonimo di artigianalit\u00e0 e qualit\u00e0 Made in Italy. Oltre a distinguersi per l\u2019eleganza e la raffinatezza dei suoi prodotti, Barak\u00e0 integra soluzioni tecniche e ingegneristiche all\u2019avanguardia in ogni creazione.<\/p>\n<p><strong>Collezioni Barak\u00e0: stile e innovazione per ogni occasione<\/strong><br \/>\nLe diverse Collezioni Barak\u00e0 raccontano lo stile dell\u2019uomo moderno: impegnato nel business, nel tempo libero e nello svago. In particolare, la <strong>Collezione CyborgCeramic<\/strong> unisce tre elementi fondamentali \u2013 Classe, Carattere e Innovazione \u2013 per trasformare le forme tradizionali in gioielli dalle linee essenziali e dal design deciso e maschile. La ceramica hi-tech \u00e8 il simbolo di un\u2019eleganza contemporanea che, combinata con l\u2019oro ros\u00e8 18 kt, d\u00e0 vita a gioielli unici e riconoscibili. Questo connubio di materiali si distingue per la resistenza, la leggerezza e la forte personalit\u00e0 che caratterizza ogni pezzo della Collezione CyborgCeramic.<\/p>\n<p><strong>Collana CyborgCeramic: dettagli e caratteristiche<\/strong><\/p>\n<ul>\n<li><strong>Materiali<\/strong>: ceramica nera hi-tech, oro ros\u00e8 18 kt, acciaio anallergico 316L<\/li>\n<li><strong>Diamante<\/strong>: naturale bianco da 0,02 ct<\/li>\n<li><strong>Lunghezza<\/strong>: 50 cm con chiusura a moschettone<\/li>\n<li><strong>Modello<\/strong>:<strong> GC232071ROCN500002<\/strong><\/li>\n<\/ul>\n<p>La <strong>Collana Uomo Barak\u00e0 CyborgCeramic<\/strong> \u00e8 perfetta per chi desidera un gioiello di grande classe e carattere. L\u2019equilibrio cromatico tra la ceramica nera hi-tech e gli inserti in oro ros\u00e8 crea un accessorio di forte impatto, mentre l\u2019acciaio 316L e il diamante bianco aggiungono prestigio e sicurezza grazie alla chiusura robusta e affidabile.<\/p>\n<p><strong>Perch\u00e9 scegliere un gioiello Barak\u00e0<\/strong><br \/>\nI gioielli Barak\u00e0 sono ideali per chi ama distinguersi in qualsiasi occasione, dal lavoro agli eventi speciali. Indossare una collana Barak\u00e0 significa scegliere uno stile inconfondibile, frutto di ricerca, design italiano e materiali d\u2019eccellenza.<\/p>\n<p><strong>Collana Uomo Barak\u00e0 Collezione CyborgCeramic<\/strong> \u00a0arricchisci il tuo look con un gioiello esclusivo, dedicato a chi non ha paura di osare.<\/p>\n<\/div>\n<\/div>\n<\/div>\n<\/div>\n<p>&nbsp;<\/p>\n<p>&nbsp;<\/p>\n","protected":false},"excerpt":{"rendered":"<p><strong>Collana Barak\u00e0 CyborgCeramic<\/strong> in ceramica nera e oro ros\u00e9 18Kt con chiusura acciaio 316L e diamante bianco ct.0.02<\/p>\n","protected":false},"featured_media":33331,"comment_status":"open","ping_status":"closed","template":"","meta":[],"product_brand":[6],"product_cat":[1998,2032],"product_tag":[],"class_list":{"0":"post-5944","1":"product","2":"type-product","3":"status-publish","4":"has-post-thumbnail","6":"product_brand-baraka-gioielli-italia","7":"product_cat-gioielli","8":"product_cat-baraka","10":"first","11":"outofstock","12":"shipping-taxable","13":"purchasable","14":"product-type-simple"},"exclude_global_add_ons":[],"addons":[],"_links":{"self":[{"href":"https:\/\/www.rensiweb.com\/it\/wp-json\/wp\/v2\/product\/5944","targetHints":{"allow":["GET"]}}],"collection":[{"href":"https:\/\/www.rensiweb.com\/it\/wp-json\/wp\/v2\/product"}],"about":[{"href":"https:\/\/www.rensiweb.com\/it\/wp-json\/wp\/v2\/types\/product"}],"replies":[{"embeddable":true,"href":"https:\/\/www.rensiweb.com\/it\/wp-json\/wp\/v2\/comments?post=5944"}],"wp:featuredmedia":[{"embeddable":true,"href":"https:\/\/www.rensiweb.com\/it\/wp-json\/wp\/v2\/media\/33331"}],"wp:attachment":[{"href":"https:\/\/www.rensiweb.com\/it\/wp-json\/wp\/v2\/media?parent=5944"}],"wp:term":[{"taxonomy":"product_brand","embeddable":true,"href":"https:\/\/www.rensiweb.com\/it\/wp-json\/wp\/v2\/product_brand?post=5944"},{"taxonomy":"product_cat","embeddable":true,"href":"https:\/\/www.rensiweb.com\/it\/wp-json\/wp\/v2\/product_cat?post=5944"},{"taxonomy":"product_tag","embeddable":true,"href":"https:\/\/www.rensiweb.com\/it\/wp-json\/wp\/v2\/product_tag?post=5944"}],"curies":[{"name":"wp","href":"https:\/\/api.w.org\/{rel}","templated":true}]}}