{"id":5940,"date":"2022-02-22T10:19:01","date_gmt":"2022-02-22T09:19:01","guid":{"rendered":"https:\/\/www.rensiweb.com\/bracciale-uomo-baraka-collezione-316-in-acciaio-pvd-blu-con-inserti-in-oro-rose18-kt-e-diamanti-carati-0-16\/"},"modified":"2026-04-29T14:53:45","modified_gmt":"2026-04-29T12:53:45","slug":"bracciale-uomo-baraka-collezione-316-in-acciaio-pvd-blu-con-inserti-in-oro-rose18-kt-e-diamanti-carati-0-16","status":"publish","type":"product","link":"https:\/\/www.rensiweb.com\/it\/bracciale-uomo-baraka-collezione-316-in-acciaio-pvd-blu-con-inserti-in-oro-rose18-kt-e-diamanti-carati-0-16.html","title":{"rendered":"Bracciale Barak\u00e0 316L in acciaio PVD blu oro 18 Kt. e diamanti..."},"content":{"rendered":"<p><strong>Bracciale uomo Barak\u00e0 Collezione 316L in acciaio PVD blu con inserti in oro ros\u00e8 18 Kt. e diamanti bianchi carati 0.16<\/strong><\/p>\n<p>Barak\u00e0 \u00e8 un marchio di gioielleria Made in Italy, sinonimo di creativit\u00e0 e design d\u2019eccellenza. Le collezioni Barak\u00e0 sono realizzate dai maestri orafi italiani, rispettando i pi\u00f9 elevati standard qualitativi.<\/p>\n<p>Tra le collezioni di maggior successo, spicca la Collezione 316L, ispirata all\u2019iconica torre del Chrysler Building di New York. I maestri orafi Barak\u00e0 hanno reinterpretato il celebre cordone intrecciato in acciaio 316L, lo stesso materiale utilizzato per la guglia del grattacielo, arricchendolo con preziosi dettagli in oro e diamanti.<\/p>\n<p>Questo esclusivo bracciale da uomo \u00e8 composto da quattro fili di acciaio rigido, due con finitura bianca e due con finiture PVD blu, sovrapposti e uniti da tre elementi in oro ros\u00e9 18Kt, impreziositi da diamanti bianchi. La chiusura a moschettone personalizzata Barak\u00e0 garantisce sicurezza e comfort, ed \u00e8 arricchita da un ulteriore diamante bianco.<\/p>\n<p>Caratteristiche:<\/p>\n<p>Materiali: Acciaio 316L, Oro Ros\u00e9 18Kt<br \/>\nFinitura: PVD blu e bianco<br \/>\nDiamanti: Bianchi, incastonati su inserti in oro<br \/>\nLunghezza: 20 cm<br \/>\nChiusura: Moschettone personalizzato con diamante bianco<br \/>\nUn gioiello dal design sofisticato e contemporaneo, perfetto per l\u2019uomo moderno e anticonformista che desidera un accessorio di lusso dal carattere deciso.<\/p>\n<ul>\n<li><strong>Modello\u00a0BR312501RODB200016:\u00a0<strong>Bracciale uomo Barak\u00e0 Collezione 316L in acciaio PVD blu con inserti in oro ros\u00e8 18 Kt. e diamanti bianchi carati 0.16<\/strong><\/strong><\/li>\n<\/ul>\n","protected":false},"excerpt":{"rendered":"<p>Bracciale uomo Barak\u00e0 Collezione 316L realizzato in acciaio PVD blu con 3 elementi in oro rose18 Kt. con diamanti bianchi di carati totali 0.16<\/p>\n","protected":false},"featured_media":33492,"comment_status":"open","ping_status":"closed","template":"","meta":[],"product_brand":[6],"product_cat":[1998,2032],"product_tag":[],"class_list":{"0":"post-5940","1":"product","2":"type-product","3":"status-publish","4":"has-post-thumbnail","6":"product_brand-baraka-gioielli-italia","7":"product_cat-gioielli","8":"product_cat-baraka","10":"first","11":"outofstock","12":"shipping-taxable","13":"purchasable","14":"product-type-simple"},"exclude_global_add_ons":[],"addons":[],"_links":{"self":[{"href":"https:\/\/www.rensiweb.com\/it\/wp-json\/wp\/v2\/product\/5940","targetHints":{"allow":["GET"]}}],"collection":[{"href":"https:\/\/www.rensiweb.com\/it\/wp-json\/wp\/v2\/product"}],"about":[{"href":"https:\/\/www.rensiweb.com\/it\/wp-json\/wp\/v2\/types\/product"}],"replies":[{"embeddable":true,"href":"https:\/\/www.rensiweb.com\/it\/wp-json\/wp\/v2\/comments?post=5940"}],"wp:featuredmedia":[{"embeddable":true,"href":"https:\/\/www.rensiweb.com\/it\/wp-json\/wp\/v2\/media\/33492"}],"wp:attachment":[{"href":"https:\/\/www.rensiweb.com\/it\/wp-json\/wp\/v2\/media?parent=5940"}],"wp:term":[{"taxonomy":"product_brand","embeddable":true,"href":"https:\/\/www.rensiweb.com\/it\/wp-json\/wp\/v2\/product_brand?post=5940"},{"taxonomy":"product_cat","embeddable":true,"href":"https:\/\/www.rensiweb.com\/it\/wp-json\/wp\/v2\/product_cat?post=5940"},{"taxonomy":"product_tag","embeddable":true,"href":"https:\/\/www.rensiweb.com\/it\/wp-json\/wp\/v2\/product_tag?post=5940"}],"curies":[{"name":"wp","href":"https:\/\/api.w.org\/{rel}","templated":true}]}}