{"id":5926,"date":"2022-02-10T09:27:30","date_gmt":"2022-02-10T08:27:30","guid":{"rendered":"https:\/\/www.rensiweb.com\/anello-uomo-fope-collezione-vendome-flexit-oro-bianco-18-kt-con-inserto-in-oro-bianco-e-diamanti-neri\/"},"modified":"2025-03-06T12:04:35","modified_gmt":"2025-03-06T11:04:35","slug":"anello-fope-flexit-oro-diamanti-neri","status":"publish","type":"product","link":"https:\/\/www.rensiweb.com\/it\/anello-fope-flexit-oro-diamanti-neri.html","title":{"rendered":"Anello uomo FOPE collezione Vendome FlexIt &#8211; Oro Bianco 18 Kt con inserto in oro bianco..."},"content":{"rendered":"<p><strong>Anello uomo Fope Collezione Vendome Flex&#8217;it flessibile interamente realizzato in oro 18 carati con diamanti neri di carati totali ct.0.11<\/strong><\/p>\n<p>Il famoso<strong> brand Fope<\/strong> presenta la <strong>Collezione Vendome nella versione maschile<\/strong>, una collezione ispirata all&#8217;incantevole <strong>piazza parigina Vendome<\/strong> simbolo del lusso e dell&#8217;eleganza. La <strong>collezione Vendome<\/strong> nel tempo \u00e9 diventata una linea ricca di modelli e varianti mantenendo le caratteristiche iniziale che le hanno portato un enorme successo:<strong> lusso ed eleganza.<\/strong><\/p>\n<p>Questo<strong> modello di anello Fope della Collezione Vendome<\/strong> \u00e8 caratterizzato da una maglia ovale realizzata in oro 18kt. <strong>larga mm.7 con un spessore di mm.4<\/strong> \u00e8 impreziosita da diamanti naturali neri per una <strong>caratura di 0.11.<\/strong> Presenta il <strong>sistema FLEX&#8217;IT, un sistema brevettato Fope<\/strong> formato da micro molle interne realizzate in oro 18kt. che rendono la maglia elasticizzata, la <strong>misura L<\/strong> veste un dito che misura <strong>dal 18 al 21<\/strong>. Da questo tipo di maglia estensibile nascono gioielli preziosi di una indossabilit\u00e0 confortevole che vestono pi\u00f9 taglie e regalano un concetto di praticit\u00e0 unico, esaltando al massimo la qualit\u00e0 tipica del marchio<strong> FOPE, <\/strong>il peso complessivo di questo bellissimo gioiello<strong> \u00e8 di circa gr.7.30.<\/strong><\/p>\n<p><strong>Gli anelli da uomo Fope <\/strong>sono concepiti per diventare un accessorio prezioso da indossare sempre e<strong> affermano un\u2019identit\u00e0 maschile decisa, consapevole.<\/strong><\/p>\n<ul>\n<li><strong>Modello: 55902AX_BN_B_X1X_00M: Anello UOMO Fope Collezione Vendome FLEX-IT con maglia estensibile in oro bianco 18 kt. e diamanti ct.0.11<\/strong><\/li>\n<li><strong>Modello: 55902AX_BN_G_X1X_00M: Anello\u00a0<strong>UOMO\u00a0<\/strong>Fope Collezione <strong>Vendome\u00a0<\/strong>FLEX-IT con maglia estensibile in oro giallo 18 kt. e diamanti ct.0.11\u00a0<\/strong><\/li>\n<li><strong>Modello: 55902AX_BN_R_X1X_00M: Anello <strong>UOMO\u00a0<\/strong>Fope Collezione\u00a0<strong>Vendome <\/strong>FLEX-IT con maglia estensibile in oro rose 18 kt. e diamanti ct.0.11<\/strong><\/li>\n<\/ul>\n","protected":false},"excerpt":{"rendered":"<p>Anello uomo FOPE Collezione Vendome Flex &#8216;It realizzato in Oro 750\/000 (18 Kt.) con rondella in oro bianco e Diamanti Neri.<br \/>\nDisponibile nelle versioni oro bianco oro giallo e oro rose. la rondella tempestata di diamnati neri rimane per tutte le 3 versioni in oro bianco.<br \/>\nLe misure disponibili a catalogo sono dal S al XL.<\/p>\n","protected":false},"featured_media":28479,"comment_status":"open","ping_status":"closed","template":"","meta":[],"product_brand":[9],"product_cat":[1998,2058],"product_tag":[],"class_list":{"0":"post-5926","1":"product","2":"type-product","3":"status-publish","4":"has-post-thumbnail","6":"product_brand-fope-gioielli-italia","7":"product_cat-gioielli","8":"product_cat-fope","10":"first","11":"outofstock","12":"shipping-taxable","13":"purchasable","14":"product-type-variable"},"exclude_global_add_ons":[],"addons":[],"_links":{"self":[{"href":"https:\/\/www.rensiweb.com\/it\/wp-json\/wp\/v2\/product\/5926","targetHints":{"allow":["GET"]}}],"collection":[{"href":"https:\/\/www.rensiweb.com\/it\/wp-json\/wp\/v2\/product"}],"about":[{"href":"https:\/\/www.rensiweb.com\/it\/wp-json\/wp\/v2\/types\/product"}],"replies":[{"embeddable":true,"href":"https:\/\/www.rensiweb.com\/it\/wp-json\/wp\/v2\/comments?post=5926"}],"wp:featuredmedia":[{"embeddable":true,"href":"https:\/\/www.rensiweb.com\/it\/wp-json\/wp\/v2\/media\/28479"}],"wp:attachment":[{"href":"https:\/\/www.rensiweb.com\/it\/wp-json\/wp\/v2\/media?parent=5926"}],"wp:term":[{"taxonomy":"product_brand","embeddable":true,"href":"https:\/\/www.rensiweb.com\/it\/wp-json\/wp\/v2\/product_brand?post=5926"},{"taxonomy":"product_cat","embeddable":true,"href":"https:\/\/www.rensiweb.com\/it\/wp-json\/wp\/v2\/product_cat?post=5926"},{"taxonomy":"product_tag","embeddable":true,"href":"https:\/\/www.rensiweb.com\/it\/wp-json\/wp\/v2\/product_tag?post=5926"}],"curies":[{"name":"wp","href":"https:\/\/api.w.org\/{rel}","templated":true}]}}