{"id":5921,"date":"2022-02-05T09:49:54","date_gmt":"2022-02-05T08:49:54","guid":{"rendered":"https:\/\/www.rensiweb.com\/collana-uomo-fope-collezione-eka-tiny-in-oro-bianco-18-kt-con-rondella-in-oro-e-diamanti-neri-ct-0-20\/"},"modified":"2025-03-06T12:10:46","modified_gmt":"2025-03-06T11:10:46","slug":"collana-uomo-fope-collezione-eka-tiny-in-oro-bianco-18-kt-con-rondella-in-oro-e-diamanti-neri-ct-0-20","status":"publish","type":"product","link":"https:\/\/www.rensiweb.com\/it\/collana-uomo-fope-collezione-eka-tiny-in-oro-bianco-18-kt-con-rondella-in-oro-e-diamanti-neri-ct-0-20.html","title":{"rendered":"Collana Fope Eka Tiny in Oro 18 kt e Diamanti Neri..."},"content":{"rendered":"<p><strong>Collana Fope Eka Tiny in Oro 18 kt e Diamanti Neri carati totali\u00a0ct. 0.20<\/strong><\/p>\n<p>La <strong>Collezione Eka rappresenta un vero successo Fope\u00a0<\/strong>una combinazione complessa di tecnica ed estetica <strong>Made in Italy<\/strong>.<\/p>\n<p><strong>Fope<\/strong> da vita a una serie di <strong>gioielli da uomo<\/strong> mantenendo il design delle collezione iconiche Fope, sono realizzati in oro 750\/000 che pu\u00f2 variare tra i classici oro bianco e giallo il moderno oro ros\u00e9 impreziositi dai diamanti neri.<\/p>\n<p>Questo modello di collana presenta l&#8217;iconica maglia<strong> Eka<\/strong> in spessore da mm. 2.5. La sua lunghezza finita \u00e8 di cm. 50. La collana \u00e8 impreziosita con un inserto fisso in oro e pav\u00e9 diamanti neri.<\/p>\n<div>\n<div>\n<p>Dotato di un classico e funzionale gancio a moschettone, rinomato per la sua facilit\u00e0 d&#8217;uso e la sua affidabilit\u00e0.<\/p>\n<\/div>\n<\/div>\n<p>Il suo peso complessivo \u00e8 di circa 14.5.<\/p>\n<p><b>Anche nella versione maschile il gioiello Fope garantisce confort ed eleganza nel quotidiano , \u00e9 piacevole da sentire sulla pelle e indossarlo offre sicurezza e maggior disinvoltura.<\/b><\/p>\n<ul>\n<li><strong>Modello 73001CX_PN_B_X1X_050: Collana Fope Collezione Eka Tiny FLEX-IT in oro Bianco 18 kt con rondella in oro e pav\u00e9 di diamanti neri ct.0.20<\/strong><\/li>\n<li><strong>Modello 73001CX_PN_G_X1X_050:\u00a0<strong> Collana<\/strong>\u00a0Fope Collezione Eka\u00a0<strong>Tiny <\/strong><strong>\u00a0<\/strong>FLEX-IT in oro Giallo 18 kt\u00a0<strong>con<strong> rondella in oro e pav\u00e9 di diamanti neri ct.0.20<\/strong><\/strong><\/strong><\/li>\n<li><strong>Modello 73001CX_PN_R_X1X_050:\u00a0<strong> Collana<\/strong>\u00a0Fope Collezione Eka\u00a0<strong>Tiny <\/strong><strong>\u00a0<\/strong>FLEX-IT in oro Rose 18 kt <strong>con<strong> rondella in oro e pav\u00e9 di diamanti neri ct.0.20<\/strong><\/strong><\/strong><\/li>\n<\/ul>\n<p>&nbsp;<\/p>\n<p>&nbsp;<\/p>\n","protected":false},"excerpt":{"rendered":"<p>Collana Fope Eka Tiny in Oro 18 kt e Diamanti Neri ct.0.20. Disponibile in oro bianco, giallo e rosa, il prezzo varia in base alla lunghezza scelta.<\/p>\n","protected":false},"featured_media":28541,"comment_status":"open","ping_status":"closed","template":"","meta":[],"product_brand":[9],"product_cat":[1998,2058],"product_tag":[],"class_list":{"0":"post-5921","1":"product","2":"type-product","3":"status-publish","4":"has-post-thumbnail","6":"product_brand-fope-gioielli-italia","7":"product_cat-gioielli","8":"product_cat-fope","10":"first","11":"outofstock","12":"shipping-taxable","13":"purchasable","14":"product-type-variable"},"exclude_global_add_ons":[],"addons":[],"_links":{"self":[{"href":"https:\/\/www.rensiweb.com\/it\/wp-json\/wp\/v2\/product\/5921","targetHints":{"allow":["GET"]}}],"collection":[{"href":"https:\/\/www.rensiweb.com\/it\/wp-json\/wp\/v2\/product"}],"about":[{"href":"https:\/\/www.rensiweb.com\/it\/wp-json\/wp\/v2\/types\/product"}],"replies":[{"embeddable":true,"href":"https:\/\/www.rensiweb.com\/it\/wp-json\/wp\/v2\/comments?post=5921"}],"wp:featuredmedia":[{"embeddable":true,"href":"https:\/\/www.rensiweb.com\/it\/wp-json\/wp\/v2\/media\/28541"}],"wp:attachment":[{"href":"https:\/\/www.rensiweb.com\/it\/wp-json\/wp\/v2\/media?parent=5921"}],"wp:term":[{"taxonomy":"product_brand","embeddable":true,"href":"https:\/\/www.rensiweb.com\/it\/wp-json\/wp\/v2\/product_brand?post=5921"},{"taxonomy":"product_cat","embeddable":true,"href":"https:\/\/www.rensiweb.com\/it\/wp-json\/wp\/v2\/product_cat?post=5921"},{"taxonomy":"product_tag","embeddable":true,"href":"https:\/\/www.rensiweb.com\/it\/wp-json\/wp\/v2\/product_tag?post=5921"}],"curies":[{"name":"wp","href":"https:\/\/api.w.org\/{rel}","templated":true}]}}