{"id":5919,"date":"2022-01-22T09:59:13","date_gmt":"2022-01-22T08:59:13","guid":{"rendered":"https:\/\/www.rensiweb.com\/bracciale-uomo-fope-collezione-eka-tiny-flessibile-in-oro-bianco-18-kt-con-rondella-in-oro-e-diamanti-neri-ct-0-20\/"},"modified":"2025-03-06T12:15:41","modified_gmt":"2025-03-06T11:15:41","slug":"bracciale-uomo-fope-collezione-eka-tiny-flessibile-in-oro-bianco-18-kt-con-rondella-in-oro-e-diamanti-neri-ct-0-20","status":"publish","type":"product","link":"https:\/\/www.rensiweb.com\/it\/bracciale-uomo-fope-collezione-eka-tiny-flessibile-in-oro-bianco-18-kt-con-rondella-in-oro-e-diamanti-neri-ct-0-20.html","title":{"rendered":"Bracciale Fope Eka Tiny in Oro 18 kt e Diamanti Neri..."},"content":{"rendered":"<p>Bracciale Fope Eka Tiny in Oro 18 kt e Diamanti Neri flessibile realizzato in oro 18 carati , con rondella in oro e pav\u00e9 di diamanti neri di carati totali ct.20.<\/p>\n<p><strong>Fope<\/strong> \u00e8 un&#8217;azienda italiana (<strong>Made in Italy)<\/strong> che ha saputo coltivare e sviluppare antiche tradizioni creando gioielli di grande personalit\u00e0. Facilmente riconoscibili, unici per la loro tecnologia innovativa nel mondo della gioielleria territoriale ed internazionale i gioielli <strong>Fope<\/strong> hanno un grandissimo successo.<\/p>\n<p>I gioielli<strong> Fope<\/strong> sono realizzati in oro 18 kt. impreziositi con diamanti naturali neri, rivela un carattere forte, che ama\u00a0 il confort e praticit\u00e0 ma non smette di essere elegante in ogni occasione.<\/p>\n<p>La maglia di questo modello di bracciale Fope della<strong> Collezione Eka Tiny<\/strong> presenta una morbidezza unica, estremamente confortevole grazie al sistema<strong> Flex&#8217;it.<\/strong> Un sistema altamente tecnologico basato su micromolle in oro. Le molle si trovano al interno della maglia e permettono di indossare questo gioiello con un semplice gesto, senza ganci o chiusure. Lo spessore della maglia misura 3.5 mm. La circonferenza di questo bracciale \u00e9 <strong>L<\/strong> e veste comodamente polsi che misurano <strong>tra cm. 19, 20<\/strong> . L&#8217;inserto con pav\u00e9 di diamanti neri \u00e8 fisso. La rondella in oro lucido \u00e8 incisa con il logo del brand come ulteriore conferma di autenticit\u00e0.<\/p>\n<p><strong>Di fianco al orologio oppure da solo questo gioiello diventa un compagno di viaggio affermando un&#8217;identit\u00e0 maschile decisa.<\/strong><\/p>\n<p>&nbsp;<\/p>\n<ul>\n<li><strong>Modello 73301BX-PN-B-X1X: Bracciale Fope Collezione Eka Tiny FLEX-IT con maglia estensibile in oro Bianco 18 kt con rondella in oro e pav\u00e9 di diamanti neri ct.0.20<\/strong><\/li>\n<li><strong>Modello73301BX-PN-G-X1X : Bracciale Fope Collezione Eka <strong>Tiny <\/strong><strong>\u00a0<\/strong>FLEX-IT con maglia estensibile in oro Giallo 18 kt\u00a0<strong>con<strong> rondella in oro e pav\u00e9 di diamanti neri ct.0.20<\/strong><\/strong><\/strong><\/li>\n<li><strong>Modello 73301BX-PN-R-X1X: Bracciale Fope Collezione Eka<strong>\u00a0<strong>Tiny <\/strong><\/strong>FLEX-IT con maglia estensibile in oro Rose 18 kt\u00a0<strong>con<strong> rondella in oro e pav\u00e9 di diamanti neri ct.0.20<\/strong><\/strong><\/strong><\/li>\n<\/ul>\n<p>&nbsp;<\/p>\n<p>&nbsp;<\/p>\n","protected":false},"excerpt":{"rendered":"<p>Bracciale Fope Eka Tiny in Oro 18 kt e Diamanti Neri ct.0.20. Disponibile in oro bianco, giallo e rosa, il prezzo varia in base alla lunghezza scelta. <strong>Misura L<\/strong><\/p>\n","protected":false},"featured_media":28563,"comment_status":"open","ping_status":"closed","template":"","meta":[],"product_brand":[9],"product_cat":[1998,2058],"product_tag":[],"class_list":{"0":"post-5919","1":"product","2":"type-product","3":"status-publish","4":"has-post-thumbnail","6":"product_brand-fope-gioielli-italia","7":"product_cat-gioielli","8":"product_cat-fope","10":"first","11":"outofstock","12":"shipping-taxable","13":"purchasable","14":"product-type-variable"},"exclude_global_add_ons":[],"addons":[],"_links":{"self":[{"href":"https:\/\/www.rensiweb.com\/it\/wp-json\/wp\/v2\/product\/5919","targetHints":{"allow":["GET"]}}],"collection":[{"href":"https:\/\/www.rensiweb.com\/it\/wp-json\/wp\/v2\/product"}],"about":[{"href":"https:\/\/www.rensiweb.com\/it\/wp-json\/wp\/v2\/types\/product"}],"replies":[{"embeddable":true,"href":"https:\/\/www.rensiweb.com\/it\/wp-json\/wp\/v2\/comments?post=5919"}],"wp:featuredmedia":[{"embeddable":true,"href":"https:\/\/www.rensiweb.com\/it\/wp-json\/wp\/v2\/media\/28563"}],"wp:attachment":[{"href":"https:\/\/www.rensiweb.com\/it\/wp-json\/wp\/v2\/media?parent=5919"}],"wp:term":[{"taxonomy":"product_brand","embeddable":true,"href":"https:\/\/www.rensiweb.com\/it\/wp-json\/wp\/v2\/product_brand?post=5919"},{"taxonomy":"product_cat","embeddable":true,"href":"https:\/\/www.rensiweb.com\/it\/wp-json\/wp\/v2\/product_cat?post=5919"},{"taxonomy":"product_tag","embeddable":true,"href":"https:\/\/www.rensiweb.com\/it\/wp-json\/wp\/v2\/product_tag?post=5919"}],"curies":[{"name":"wp","href":"https:\/\/api.w.org\/{rel}","templated":true}]}}