{"id":5900,"date":"2021-11-30T11:34:21","date_gmt":"2021-11-30T10:34:21","guid":{"rendered":"https:\/\/www.rensiweb.com\/bracciale-donna-fope-collezione-eka-tiny-flexit-in-oro-bianco-18-kt-con-rondelle-in-oro-3-colori\/"},"modified":"2026-05-12T14:52:01","modified_gmt":"2026-05-12T12:52:01","slug":"bracciale-donna-fope-collezione-eka-tiny-flexit-in-oro-bianco-18-kt-con-rondelle-in-oro-3-colori","status":"publish","type":"product","link":"https:\/\/www.rensiweb.com\/it\/bracciale-donna-fope-collezione-eka-tiny-flexit-in-oro-bianco-18-kt-con-rondelle-in-oro-3-colori.html","title":{"rendered":"Bracciale Fope Eka Tiny in Oro 18 kt, con rondelle in oro 3 colori..."},"content":{"rendered":"<p><strong>Bracciale Fope Eka Tiny in Oro 18 kt, con rondelle in oro 3 colori in oro giallo, rosa e bianco.<\/strong><\/p>\n<p>Il brand italiano di gioielleria<strong> FOPE\u00a0<\/strong>con accurata attenzione porta il <strong>Made in Italy<\/strong> ad alti livelli qualificativi e la sua innovazione tecnologica viene apprezzata in tutto il mondo. La qualit\u00e0 dei gioielli <strong>Fope<\/strong> e certificata <strong>RJC<\/strong> (organizzazione internazionale Responsabile Jewellery Council) e la sua originalit\u00e0 \u00e8 coperta da brevetti internazionali.<\/p>\n<p>La <strong>Collezione Eka Tiny<\/strong> \u00e8 un vero successo<strong> Fope<\/strong>, rappresenta una complessa combinazione di tecnica ed estetica. Grazie al <strong>sistema brevettato Flex&#8217;it<\/strong> (una metodologia di piccole molle realizzate in oro all&#8217;interno dei componenti della maglia) l&#8217;indossabilit\u00e0 di questi bracciali \u00e8 davvero confortevole e soprattutto impossibili da perdere. La <strong>Collezione Eka Tiny<\/strong> presenta diversi modelli, i dettagli che arricchiscono i bracciali sono disponibili dalle classiche rondelle in oro lucido alle preziose rondelle in oro tempestate con diamanti naturali.<\/p>\n<p>La maglia di questo modello di bracciale <strong>Fope Flex&#8217;it<\/strong> (Senza chiusura) \u00e8 morbida con un spessore di 3.5mm, arricchita con 3 rondelle in oro lucido bianco, giallo e ros\u00e9 pi\u00f9 una rondella fissa incisa con il logo<strong> Fope<\/strong> come ulteriore certificazione di autenticit\u00e0. Il peso complessivo del bracciale \u00e8 circa gr.10.00.<\/p>\n<p><strong>I gioielli Fope sono l&#8217;accessorio da usare sempre per aggiungere un tocco di eleganza informale ai look quotidiani.<\/strong><\/p>\n<ul>\n<li><strong>Modello 73901BX_XX_B_RBG_00M: Bracciale donna Fope Collezione Eka <strong>Tiny\u00a0<\/strong>FLEX-IT con maglia estensibile in oro Bianco 18 kt <strong>con 3 rondelle in oro giallo, bianco e rosa<\/strong><\/strong><\/li>\n<li><strong>Modello 73901BX_XX_G_RBG_00M: Bracciale donna Fope Collezione Eka <strong>Tiny\u00a0<\/strong>FLEX-IT con maglia estensibile in oro Giallo 18 kt <strong>con 3 rondelle in oro giallo, bianco e rosa<\/strong><\/strong><\/li>\n<li><b>Modello 73901BX_XX_R_RBG_00M: Bracciale donna Fope Collezione Eka <\/b><strong style=\"font-weight: bold\">Tiny\u00a0<\/strong><b>FLEX-IT con maglia estensibile in oro Ros\u00e9\u00a018 kt <\/b><strong style=\"font-weight: bold\">con 3 rondelle in oro giallo, bianco e rosa<\/strong><\/li>\n<\/ul>\n<p>&nbsp;<\/p>\n<p>&nbsp;<\/p>\n","protected":false},"excerpt":{"rendered":"<p>Bracciale Fope Eka Tiny in Oro 18 kt, con rondelle in oro. Disponibile in oro bianco, giallo e rosa, il prezzo varia in base alla misura scelta. Misura M<\/p>\n","protected":false},"featured_media":28584,"comment_status":"open","ping_status":"closed","template":"","meta":[],"product_brand":[9],"product_cat":[1998,2058],"product_tag":[],"class_list":{"0":"post-5900","1":"product","2":"type-product","3":"status-publish","4":"has-post-thumbnail","6":"product_brand-fope-gioielli-italia","7":"product_cat-gioielli","8":"product_cat-fope","10":"first","11":"instock","12":"shipping-taxable","13":"purchasable","14":"product-type-variable"},"exclude_global_add_ons":[],"addons":[],"_links":{"self":[{"href":"https:\/\/www.rensiweb.com\/it\/wp-json\/wp\/v2\/product\/5900","targetHints":{"allow":["GET"]}}],"collection":[{"href":"https:\/\/www.rensiweb.com\/it\/wp-json\/wp\/v2\/product"}],"about":[{"href":"https:\/\/www.rensiweb.com\/it\/wp-json\/wp\/v2\/types\/product"}],"replies":[{"embeddable":true,"href":"https:\/\/www.rensiweb.com\/it\/wp-json\/wp\/v2\/comments?post=5900"}],"wp:featuredmedia":[{"embeddable":true,"href":"https:\/\/www.rensiweb.com\/it\/wp-json\/wp\/v2\/media\/28584"}],"wp:attachment":[{"href":"https:\/\/www.rensiweb.com\/it\/wp-json\/wp\/v2\/media?parent=5900"}],"wp:term":[{"taxonomy":"product_brand","embeddable":true,"href":"https:\/\/www.rensiweb.com\/it\/wp-json\/wp\/v2\/product_brand?post=5900"},{"taxonomy":"product_cat","embeddable":true,"href":"https:\/\/www.rensiweb.com\/it\/wp-json\/wp\/v2\/product_cat?post=5900"},{"taxonomy":"product_tag","embeddable":true,"href":"https:\/\/www.rensiweb.com\/it\/wp-json\/wp\/v2\/product_tag?post=5900"}],"curies":[{"name":"wp","href":"https:\/\/api.w.org\/{rel}","templated":true}]}}