{"id":5895,"date":"2021-11-30T08:53:00","date_gmt":"2021-11-30T07:53:00","guid":{"rendered":"https:\/\/www.rensiweb.com\/bracciale-donna-fope-collezione-panorama-flex-it-in-oro-bianco-18-kt-con-1-inserto-con-diamanti\/"},"modified":"2026-04-17T11:21:59","modified_gmt":"2026-04-17T09:21:59","slug":"bracciale-donna-fope-collezione-panorama-flex-it-in-oro-bianco-18-kt-con-1-inserto-con-diamanti","status":"publish","type":"product","link":"https:\/\/www.rensiweb.com\/it\/bracciale-donna-fope-collezione-panorama-flex-it-in-oro-bianco-18-kt-con-1-inserto-con-diamanti.html","title":{"rendered":"Bracciale donna FOPE Collezione Panorama Flex-it in oro bianco 18 kt. con 2 inseti oro lucido..."},"content":{"rendered":"<p><strong>Bracciale donna FOPE Collezione Panorama Flessibile in oro 750\/000 (18 kt. ) con 2 inserti in oro lucido e 1 inserto in oro con pave diamanti di carati totali ct.0.08<\/strong><\/p>\n<p><strong>FOPE<\/strong>\u00a0\u00e8 un&#8217;azienda orafa italiana,<strong> un marchio Internazionale di gioielleria<\/strong>, una tradizione in continua evoluzione. Oggi<strong> Fope<\/strong> spedisce i suoi preziosi gioielli in oltre 55 paesi, un vero e proprio ambasciatore del <strong>Made in Italy<\/strong> nel modo.<\/p>\n<p><strong>La Collezione Panorama<\/strong>\u00a0<strong>nasce nel 2020 <\/strong>una collezione da volumi importanti e altamente sofisticati. Il design di questa collezione \u00e8 una variante dell&#8217;iconica maglia Novecento ma pi\u00f9 larga, quasi piatta con inserti a forma di barrette in oro con pav\u00e9 di diamanti presenti in numero variabile e con differenti carature per un aggiunta di preziosit\u00e0 e irresistibile bellezza.<\/p>\n<p>I bracciali della <strong>Collezione Panorama<\/strong> sono disponibili unicamente nell\u2019originale versione <strong>Flex\u2019it un sistema esclusivo Fope<\/strong>,\u00a0un capolavoro di oreficeria e di ingegneria che da vita a gioielli con maglia flessibile basata su una metodologia brevettata <strong>Fope<\/strong>\u00a0dove piccole molle realizzate in oro che si trovano all&#8217;interno dei componenti della maglia la rendono flessibile , si tratta quindi non soltanto di gioielli eleganti e confortevoli, ma anche di bellissimi prodotti innovativi, unici nel loro genere.<\/p>\n<p>Questo meraviglioso bracciale \u00e8 disponibile nelle versioni : <b>Oro bianco, Oro Giallo. Oro ros\u00e9.<\/b> La maglia morbida piacevole da indossare con volumi ampi di circa 10 mm. ma con uno spessore molto contenuto di circa 3.5 mm. Sulla parte centrale del bracciale presenta tre rondelle in oro tra cui una con pav\u00e9 di diamanti bianchi naturali attentamente selezionati che arricchiscono la maglia. La loro forma ricorda gli elementi di una ruota panoramica da dove deriva anche il nome stesso della collezione.<\/p>\n<p>Dato che la maglia di questo bracciale \u00e8 flessibile la <strong>misura M<\/strong> copre pi\u00f9 polsi da circa 17 cm al 19 cm di circonferenza.<\/p>\n<ul>\n<li><strong>Modello\u00a0 58704BX_BB_B_BBB_00M:\u00a0 Bracciale donna Fope Collezione Panorama FLEX-IT con maglia estensibile in oro bianco 18 kt. e diamanti ct.0.08<\/strong><\/li>\n<li><strong>Modello 58704BX_BB_B_RBR_00M : Bracciale donna Fope Collezione Panorama FLEX-IT con maglia estensibile in oro bianco 18 kt. e diamanti ct.0.08\u00a0<\/strong><\/li>\n<li><strong>Modello\u00a0 58704BX_BB_G_BBB_00M:\u00a0 Bracciale donna Fope Collezione Panorama FLEX-IT con maglia estensibile in oro giallo 18 kt. e diamanti ct.0.08\u00a0<\/strong><\/li>\n<li><strong>Modello\u00a0 58704BX_BB_G_GBG_00M:\u00a0 Bracciale donna Fope Collezione Panorama FLEX-IT con maglia estensibile in oro giallo 18 kt. e diamanti ct.0.08 <\/strong><\/li>\n<li><strong>Modello\u00a0 58704BX_BB_R_RBR_00M:\u00a0 Bracciale donna Fope Collezione Panorama FLEX-IT con maglia estensibile in oro giallo 18 kt. e diamanti ct.0.08 <\/strong><\/li>\n<\/ul>\n<p><strong>\u00a0Questo bracciale raffigura\u00a0la soluzione perfetta per un regalo senza tempo dove lo stile e l&#8217;eleganza si fondono in una cosa unica.<\/strong><\/p>\n<p><strong>\u00a0<\/strong><\/p>\n","protected":false},"excerpt":{"rendered":"<p>Bracciale donna FOPE Collezione Panorama Flessibile in oro 750\/000 (18 kt. ) con 2 inserti in oro lucido e 1 inserto in oro bianco con pave diamanti di carati totali ct.0.08<br \/>\nDisponibile in oro bianco, giallo e rosa, il prezzo varia in base alla misura scelta. <strong>Misura M<\/strong><\/p>\n","protected":false},"featured_media":14977,"comment_status":"open","ping_status":"closed","template":"","meta":[],"product_brand":[9],"product_cat":[1998,2058],"product_tag":[],"class_list":{"0":"post-5895","1":"product","2":"type-product","3":"status-publish","4":"has-post-thumbnail","6":"product_brand-fope-gioielli-italia","7":"product_cat-gioielli","8":"product_cat-fope","10":"first","11":"outofstock","12":"shipping-taxable","13":"purchasable","14":"product-type-variable"},"exclude_global_add_ons":[],"addons":[],"_links":{"self":[{"href":"https:\/\/www.rensiweb.com\/it\/wp-json\/wp\/v2\/product\/5895","targetHints":{"allow":["GET"]}}],"collection":[{"href":"https:\/\/www.rensiweb.com\/it\/wp-json\/wp\/v2\/product"}],"about":[{"href":"https:\/\/www.rensiweb.com\/it\/wp-json\/wp\/v2\/types\/product"}],"replies":[{"embeddable":true,"href":"https:\/\/www.rensiweb.com\/it\/wp-json\/wp\/v2\/comments?post=5895"}],"wp:featuredmedia":[{"embeddable":true,"href":"https:\/\/www.rensiweb.com\/it\/wp-json\/wp\/v2\/media\/14977"}],"wp:attachment":[{"href":"https:\/\/www.rensiweb.com\/it\/wp-json\/wp\/v2\/media?parent=5895"}],"wp:term":[{"taxonomy":"product_brand","embeddable":true,"href":"https:\/\/www.rensiweb.com\/it\/wp-json\/wp\/v2\/product_brand?post=5895"},{"taxonomy":"product_cat","embeddable":true,"href":"https:\/\/www.rensiweb.com\/it\/wp-json\/wp\/v2\/product_cat?post=5895"},{"taxonomy":"product_tag","embeddable":true,"href":"https:\/\/www.rensiweb.com\/it\/wp-json\/wp\/v2\/product_tag?post=5895"}],"curies":[{"name":"wp","href":"https:\/\/api.w.org\/{rel}","templated":true}]}}