{"id":5888,"date":"2021-09-21T07:15:03","date_gmt":"2021-09-21T05:15:03","guid":{"rendered":"https:\/\/www.rensiweb.com\/orologio-uomo-baume-mercier-riviera-crono-automatico-43-mm-cassa-acciaio-e-cinturino-caucciu-quadrante-blu\/"},"modified":"2026-05-07T15:05:05","modified_gmt":"2026-05-07T13:05:05","slug":"orologio-uomo-baume-mercier-riviera-crono","status":"publish","type":"product","link":"https:\/\/www.rensiweb.com\/it\/orologio-uomo-baume-mercier-riviera-crono.html","title":{"rendered":"Orologio uomo Baume e Mercier &#8211; Riviera &#8211; Crono Automatico &#8211; 43 mm &#8211; ..."},"content":{"rendered":"<p><strong>Orologio uomo BAUME e MERCIER della collezione Riviera, <\/strong>cassa diametro<strong>\u00a0<\/strong>43 mm in Acciaio e cinturino in Caucci\u00f9 con chiusura a fibbia tripla pieghevole e fermaglio di sicurezza.<\/p>\n<p>L&#8217;orologio monta un movimento Automatico a carica automatica, con riserva di circa 38 ore. Il quadrante e il fondo cassa sono ricoperti di vetro in Zaffiro Antiriflesso. Nel quadrante, oltre ad essere presente la funzione cronografo, sono presenti anche indicatori dei giorni della settimana.<\/p>\n<p>Resistente all&#8217;acqua fino a 10 Bar (100 mt)<\/p>\n<p>Disponibile.<\/p>\n<ul>\n<li><strong>Modello M0A10623 : cassa Acciaio e cinturino Caucci\u00f9 Blu &#8211; quadrante Blu<\/strong><\/li>\n<\/ul>\n<p>Questo orologio della collezione Riviera di Baume &amp; Mercier a carica automatica, \u00e8 stato creato per tutti gli uomini grazie alla sua versatilit\u00e0. Da uno stile casual ad uno elegante, Riviera pu\u00f2 accompagnare chiunque e non passare inosservato.<\/p>\n<p>&nbsp;<\/p>\n","protected":false},"excerpt":{"rendered":"<p>Orologio uomo BAUME e MERCIER collezione Riviera, Cronografo Automatico, 43 mm., cassa Acciaio e cinturino Caucci\u00f9, vetro Zaffiro, W.R. 50 Bar<\/p>\n","protected":false},"featured_media":14968,"comment_status":"open","ping_status":"closed","template":"","meta":[],"product_brand":[10],"product_cat":[1994,2038],"product_tag":[],"class_list":{"0":"post-5888","1":"product","2":"type-product","3":"status-publish","4":"has-post-thumbnail","6":"product_brand-baume-e-mercier-orologi-svizzera","7":"product_cat-orologi","8":"product_cat-baume-mercier","10":"first","11":"outofstock","12":"sale","13":"shipping-taxable","14":"purchasable","15":"product-type-simple"},"exclude_global_add_ons":[],"addons":[],"_links":{"self":[{"href":"https:\/\/www.rensiweb.com\/it\/wp-json\/wp\/v2\/product\/5888","targetHints":{"allow":["GET"]}}],"collection":[{"href":"https:\/\/www.rensiweb.com\/it\/wp-json\/wp\/v2\/product"}],"about":[{"href":"https:\/\/www.rensiweb.com\/it\/wp-json\/wp\/v2\/types\/product"}],"replies":[{"embeddable":true,"href":"https:\/\/www.rensiweb.com\/it\/wp-json\/wp\/v2\/comments?post=5888"}],"wp:featuredmedia":[{"embeddable":true,"href":"https:\/\/www.rensiweb.com\/it\/wp-json\/wp\/v2\/media\/14968"}],"wp:attachment":[{"href":"https:\/\/www.rensiweb.com\/it\/wp-json\/wp\/v2\/media?parent=5888"}],"wp:term":[{"taxonomy":"product_brand","embeddable":true,"href":"https:\/\/www.rensiweb.com\/it\/wp-json\/wp\/v2\/product_brand?post=5888"},{"taxonomy":"product_cat","embeddable":true,"href":"https:\/\/www.rensiweb.com\/it\/wp-json\/wp\/v2\/product_cat?post=5888"},{"taxonomy":"product_tag","embeddable":true,"href":"https:\/\/www.rensiweb.com\/it\/wp-json\/wp\/v2\/product_tag?post=5888"}],"curies":[{"name":"wp","href":"https:\/\/api.w.org\/{rel}","templated":true}]}}