{"id":5872,"date":"2021-09-14T07:22:27","date_gmt":"2021-09-14T05:22:27","guid":{"rendered":"https:\/\/www.rensiweb.com\/orologio-donna-baume-mercier-classima-al-quarzo-365-mm-cassa-acciaio-e-cinturino-cuoio-quadrante-bianco\/"},"modified":"2026-04-24T21:03:26","modified_gmt":"2026-04-24T19:03:26","slug":"orologio-donna-baume-mercier-classima-3","status":"publish","type":"product","link":"https:\/\/www.rensiweb.com\/it\/orologio-donna-baume-mercier-classima-3.html","title":{"rendered":"Orologio donna Baume e Mercier Classima &#8211; al Quarzo &#8211; 36,5 mm &#8211; cassa Accia..."},"content":{"rendered":"<p>Orologio donna Baume e Mercier Classima &#8211; al Quarzo &#8211; 36,5 mm &#8211; cassa Acciaio e cinturino Cuoio &#8211; quadrante Bianco. Resistente all&#8217;acqua fino a 5 Bar (50 metri).<\/p>\n<p>Questo orologio monta un Movimento Solo Tempo al Quarzo. Semplice ma luminoso, il quadrante \u00e8 ricoperto da vetro in Zaffiro e mostra un motivo centrale che lo rende ancora pi\u00f9 sinuoso. Le lancette sono in Acciaio e gli indici sono numeri romani. Ad ore 3 \u00e8 presente la funzione di datario.<\/p>\n<p>Disponibile:<\/p>\n<ul>\n<li><strong>Modello M0A10224: cassa Acciaio e cinturino Cuoio &#8211; quadrante Bianco<\/strong><\/li>\n<\/ul>\n<p>Orologio che veste a pieno il carattere Baume &amp; Mercier. Le dimensioni leggermente pi\u00f9 grandi rispetto ai classici orologi da donna lo rendono versatile. Si pu\u00f2 infatti indossare sia in situazioni casual che eleganti.<\/p>\n","protected":false},"excerpt":{"rendered":"<p>Orologio donna Baume e Mercier Classima &#8211; al Quarzo &#8211; 36,5 mm &#8211; cassa Acciaio e cinturino Cuoio &#8211; quadrante Bianco, vetro Zaffiro, W.R. 5 Bar<\/p>\n","protected":false},"featured_media":14940,"comment_status":"open","ping_status":"closed","template":"","meta":[],"product_brand":[10],"product_cat":[1994,2038],"product_tag":[],"class_list":{"0":"post-5872","1":"product","2":"type-product","3":"status-publish","4":"has-post-thumbnail","6":"product_brand-baume-e-mercier-orologi-svizzera","7":"product_cat-orologi","8":"product_cat-baume-mercier","10":"first","11":"instock","12":"sale","13":"shipping-taxable","14":"purchasable","15":"product-type-simple"},"exclude_global_add_ons":[],"addons":[],"_links":{"self":[{"href":"https:\/\/www.rensiweb.com\/it\/wp-json\/wp\/v2\/product\/5872","targetHints":{"allow":["GET"]}}],"collection":[{"href":"https:\/\/www.rensiweb.com\/it\/wp-json\/wp\/v2\/product"}],"about":[{"href":"https:\/\/www.rensiweb.com\/it\/wp-json\/wp\/v2\/types\/product"}],"replies":[{"embeddable":true,"href":"https:\/\/www.rensiweb.com\/it\/wp-json\/wp\/v2\/comments?post=5872"}],"wp:featuredmedia":[{"embeddable":true,"href":"https:\/\/www.rensiweb.com\/it\/wp-json\/wp\/v2\/media\/14940"}],"wp:attachment":[{"href":"https:\/\/www.rensiweb.com\/it\/wp-json\/wp\/v2\/media?parent=5872"}],"wp:term":[{"taxonomy":"product_brand","embeddable":true,"href":"https:\/\/www.rensiweb.com\/it\/wp-json\/wp\/v2\/product_brand?post=5872"},{"taxonomy":"product_cat","embeddable":true,"href":"https:\/\/www.rensiweb.com\/it\/wp-json\/wp\/v2\/product_cat?post=5872"},{"taxonomy":"product_tag","embeddable":true,"href":"https:\/\/www.rensiweb.com\/it\/wp-json\/wp\/v2\/product_tag?post=5872"}],"curies":[{"name":"wp","href":"https:\/\/api.w.org\/{rel}","templated":true}]}}