{"id":5870,"date":"2021-09-10T09:47:49","date_gmt":"2021-09-10T07:47:49","guid":{"rendered":"https:\/\/www.rensiweb.com\/orologio-donna-baume-mercier-classima-movimento-automatico-365-mm-cassa-e-cinturino-acciaio-quadrante-bianco\/"},"modified":"2026-04-30T21:04:12","modified_gmt":"2026-04-30T19:04:12","slug":"orologio-baume-mercier-classima-10220","status":"publish","type":"product","link":"https:\/\/www.rensiweb.com\/it\/orologio-baume-mercier-classima-10220.html","title":{"rendered":"Orologio BAUME MERCIER Classima &#8211; Automatico &#8211; 36,5 mm &#8211; cassa e cinturino ..."},"content":{"rendered":"<p><strong>Orologio donna Baume &amp; Mercier,\u00a0<\/strong>collezione Classima con cassa di diametro 36,5mm. e cinturino in Acciaio. Resistente all&#8217;acqua fino a 5 Bar.<\/p>\n<p>Questo orologio monta un Movimento Swiss Made Automatico. Semplice ma luminoso, il quadrante \u00e8 ricoperto da vetro in Zaffiro e mostra un motivo centrale che lo rende ancora pi\u00f9 sinuoso. Le lancette sono in Acciaio e gli indici sono numeri romani. Ad ore 3 \u00e8 presente la funzione di datario.<\/p>\n<p>Disponibile:<\/p>\n<ul>\n<li><strong>Modello M0A10220: cassa e cinturino Acciaio &#8211; quadrante Bianco<\/strong><\/li>\n<\/ul>\n<p>Orologio che veste a pieno il carattere Baume &amp; Mercier. Le dimensioni leggermente pi\u00f9 grandi rispetto ai classici orologi da donna lo rendono versatile. Si pu\u00f2 infatti indossare sia in situazioni casual che eleganti.<\/p>\n","protected":false},"excerpt":{"rendered":"<p>Orologio donna BAUME &amp; MERCIER Classima, movimento Automatico, diametro 36,5 mm, cassa e cinturino in Acciaio, vetro Zaffiro, W.R. 5 Bar<\/p>\n","protected":false},"featured_media":14933,"comment_status":"open","ping_status":"closed","template":"","meta":[],"product_brand":[10],"product_cat":[1994,2038,1992],"product_tag":[],"class_list":{"0":"post-5870","1":"product","2":"type-product","3":"status-publish","4":"has-post-thumbnail","6":"product_brand-baume-e-mercier-orologi-svizzera","7":"product_cat-orologi","8":"product_cat-baume-mercier","9":"product_cat-orologi-outlet","11":"first","12":"instock","13":"sale","14":"shipping-taxable","15":"purchasable","16":"product-type-variable","17":"has-default-attributes"},"exclude_global_add_ons":[],"addons":[],"_links":{"self":[{"href":"https:\/\/www.rensiweb.com\/it\/wp-json\/wp\/v2\/product\/5870","targetHints":{"allow":["GET"]}}],"collection":[{"href":"https:\/\/www.rensiweb.com\/it\/wp-json\/wp\/v2\/product"}],"about":[{"href":"https:\/\/www.rensiweb.com\/it\/wp-json\/wp\/v2\/types\/product"}],"replies":[{"embeddable":true,"href":"https:\/\/www.rensiweb.com\/it\/wp-json\/wp\/v2\/comments?post=5870"}],"wp:featuredmedia":[{"embeddable":true,"href":"https:\/\/www.rensiweb.com\/it\/wp-json\/wp\/v2\/media\/14933"}],"wp:attachment":[{"href":"https:\/\/www.rensiweb.com\/it\/wp-json\/wp\/v2\/media?parent=5870"}],"wp:term":[{"taxonomy":"product_brand","embeddable":true,"href":"https:\/\/www.rensiweb.com\/it\/wp-json\/wp\/v2\/product_brand?post=5870"},{"taxonomy":"product_cat","embeddable":true,"href":"https:\/\/www.rensiweb.com\/it\/wp-json\/wp\/v2\/product_cat?post=5870"},{"taxonomy":"product_tag","embeddable":true,"href":"https:\/\/www.rensiweb.com\/it\/wp-json\/wp\/v2\/product_tag?post=5870"}],"curies":[{"name":"wp","href":"https:\/\/api.w.org\/{rel}","templated":true}]}}