{"id":5869,"date":"2021-09-10T07:56:00","date_gmt":"2021-09-10T05:56:00","guid":{"rendered":"https:\/\/www.rensiweb.com\/orologio-uomo-baume-mercier-classima-al-quarzo-40-mm-cassa-acciaio-e-cinturino-cuoio-quadrante-bianco\/"},"modified":"2026-04-17T21:03:23","modified_gmt":"2026-04-17T19:03:23","slug":"orologio-uomo-baume-mercier-classima-3","status":"publish","type":"product","link":"https:\/\/www.rensiweb.com\/it\/orologio-uomo-baume-mercier-classima-3.html","title":{"rendered":"Orologio uomo Baume e Mercier Classima &#8211; al Quarzo &#8211; 40 mm &#8211; cassa Acciaio ..."},"content":{"rendered":"<p>Orologio uomo Baume e Mercier Classima &#8211; al Quarzo &#8211; 40 mm &#8211; cassa Acciaio e cinturino Cuoio &#8211; quadrante Bianco. Resistente all&#8217;acqua fino a 5 Bar (50 metri).<\/p>\n<p>Questo orologio monta un Movimento Solo Tempo al Quarzo. La casa svizzera garantisce qualit\u00e0 e affidabilit\u00e0 grazie alla scelta dei materiali pi\u00f9 pregiati. Il quadrante \u00e8 ricoperto di vetro in zaffiro ed \u00e8 completo di datario a ore 12 e contatore di piccoli secondi. Il motivo leggero a linee parallele posto in centro al quadrante, dona un tocco di movimento e classicit\u00e0 in pi\u00f9. Disponibile:<\/p>\n<ul>\n<li><strong>Modello M0A10218: cassa Acciaio e cinturino Cuoio &#8211; quadrante Bianco<\/strong><\/li>\n<\/ul>\n<p>Questa collezione di Baume and Mercier \u00e8 stata pensata per coloro che sono amanti del classico, ma con qualche tocco contemporaneo. Questo modello \u00e8 dedicato ai professionisti ambiziosi.<\/p>\n","protected":false},"excerpt":{"rendered":"<p>Orologio uomo Baume e Mercier Classima &#8211; al Quarzo &#8211; 40 mm &#8211; cassa Acciaio e cinturino Cuoio &#8211; quadrante Bianco, vetro Zaffiro, W.R. 5 Bar<\/p>\n","protected":false},"featured_media":14931,"comment_status":"open","ping_status":"closed","template":"","meta":[],"product_brand":[10],"product_cat":[1994,2038,1992],"product_tag":[],"class_list":{"0":"post-5869","1":"product","2":"type-product","3":"status-publish","4":"has-post-thumbnail","6":"product_brand-baume-e-mercier-orologi-svizzera","7":"product_cat-orologi","8":"product_cat-baume-mercier","9":"product_cat-orologi-outlet","11":"first","12":"instock","13":"sale","14":"shipping-taxable","15":"purchasable","16":"product-type-simple"},"exclude_global_add_ons":[],"addons":[],"_links":{"self":[{"href":"https:\/\/www.rensiweb.com\/it\/wp-json\/wp\/v2\/product\/5869","targetHints":{"allow":["GET"]}}],"collection":[{"href":"https:\/\/www.rensiweb.com\/it\/wp-json\/wp\/v2\/product"}],"about":[{"href":"https:\/\/www.rensiweb.com\/it\/wp-json\/wp\/v2\/types\/product"}],"replies":[{"embeddable":true,"href":"https:\/\/www.rensiweb.com\/it\/wp-json\/wp\/v2\/comments?post=5869"}],"wp:featuredmedia":[{"embeddable":true,"href":"https:\/\/www.rensiweb.com\/it\/wp-json\/wp\/v2\/media\/14931"}],"wp:attachment":[{"href":"https:\/\/www.rensiweb.com\/it\/wp-json\/wp\/v2\/media?parent=5869"}],"wp:term":[{"taxonomy":"product_brand","embeddable":true,"href":"https:\/\/www.rensiweb.com\/it\/wp-json\/wp\/v2\/product_brand?post=5869"},{"taxonomy":"product_cat","embeddable":true,"href":"https:\/\/www.rensiweb.com\/it\/wp-json\/wp\/v2\/product_cat?post=5869"},{"taxonomy":"product_tag","embeddable":true,"href":"https:\/\/www.rensiweb.com\/it\/wp-json\/wp\/v2\/product_tag?post=5869"}],"curies":[{"name":"wp","href":"https:\/\/api.w.org\/{rel}","templated":true}]}}