{"id":5867,"date":"2021-09-09T15:45:48","date_gmt":"2021-09-09T13:45:48","guid":{"rendered":"https:\/\/www.rensiweb.com\/orologio-donna-baume-mercier-promessa-automatico-34-mm-cassa-e-cinturino-acciaio-quadrante-madreperla-con-diamanti\/"},"modified":"2026-04-29T15:03:26","modified_gmt":"2026-04-29T13:03:26","slug":"orologio-donna-baume-mercier-promessa","status":"publish","type":"product","link":"https:\/\/www.rensiweb.com\/it\/orologio-donna-baume-mercier-promessa.html","title":{"rendered":"Orologio donna Baume e Mercier Promesse &#8211; Automatico &#8211; 34 mm &#8211; cassa e cint..."},"content":{"rendered":"<p>Orologio donna Baume e Mercier Promesse &#8211; Automatico &#8211; 34 mm &#8211; cassa e cinturino Acciaio &#8211; quadrante Madreperla con Diamanti. Chiusura d\u00e9ployante e resistente all&#8217;acqua fino a 5 Bar (50 metri).<\/p>\n<p>Questo orologio monta un movimento Solo Tempo al Quarzo. \u00c8 realizzato con materiali preziosi che lo rendono un accessorio-gioiello di cui non si pu\u00f2 fare a meno. Il quadrante \u00e8 ricoperto di vetro in Zaffiro ed \u00e8 impreziosito dagli 8 diamanti in taglio brillante perfettamente incastonati al posto degli indici. Disponibile:<\/p>\n<ul>\n<li><strong>Modello M0A10162: cassa e cinturino in Acciaio &#8211; quadrante Madreperla con Diamanti.<\/strong><\/li>\n<\/ul>\n<p>Orologio semplice e delicato, per una donna di classe. I diamanti e la madreperla sono quel tocco in pi\u00f9 che lo rendono un vero e unico gioiello.<\/p>\n","protected":false},"excerpt":{"rendered":"<p>Orologio donna Baume e Mercier Promesse &#8211; Automatico &#8211; 34 mm &#8211; cassa e cinturino Acciaio &#8211; quadrante Madreperla con Diamanti, vetro Zaffiro, W.R. 5 Bar<\/p>\n","protected":false},"featured_media":14927,"comment_status":"open","ping_status":"closed","template":"","meta":[],"product_brand":[10],"product_cat":[1994,2038,1992],"product_tag":[],"class_list":{"0":"post-5867","1":"product","2":"type-product","3":"status-publish","4":"has-post-thumbnail","6":"product_brand-baume-e-mercier-orologi-svizzera","7":"product_cat-orologi","8":"product_cat-baume-mercier","9":"product_cat-orologi-outlet","11":"first","12":"instock","13":"sale","14":"shipping-taxable","15":"purchasable","16":"product-type-simple"},"exclude_global_add_ons":[],"addons":[],"_links":{"self":[{"href":"https:\/\/www.rensiweb.com\/it\/wp-json\/wp\/v2\/product\/5867","targetHints":{"allow":["GET"]}}],"collection":[{"href":"https:\/\/www.rensiweb.com\/it\/wp-json\/wp\/v2\/product"}],"about":[{"href":"https:\/\/www.rensiweb.com\/it\/wp-json\/wp\/v2\/types\/product"}],"replies":[{"embeddable":true,"href":"https:\/\/www.rensiweb.com\/it\/wp-json\/wp\/v2\/comments?post=5867"}],"wp:featuredmedia":[{"embeddable":true,"href":"https:\/\/www.rensiweb.com\/it\/wp-json\/wp\/v2\/media\/14927"}],"wp:attachment":[{"href":"https:\/\/www.rensiweb.com\/it\/wp-json\/wp\/v2\/media?parent=5867"}],"wp:term":[{"taxonomy":"product_brand","embeddable":true,"href":"https:\/\/www.rensiweb.com\/it\/wp-json\/wp\/v2\/product_brand?post=5867"},{"taxonomy":"product_cat","embeddable":true,"href":"https:\/\/www.rensiweb.com\/it\/wp-json\/wp\/v2\/product_cat?post=5867"},{"taxonomy":"product_tag","embeddable":true,"href":"https:\/\/www.rensiweb.com\/it\/wp-json\/wp\/v2\/product_tag?post=5867"}],"curies":[{"name":"wp","href":"https:\/\/api.w.org\/{rel}","templated":true}]}}