{"id":5864,"date":"2021-09-09T10:43:59","date_gmt":"2021-09-09T08:43:59","guid":{"rendered":"https:\/\/www.rensiweb.com\/orologio-donna-baume-mercier-classima-al-quarzo-33-mm-cassa-acciaio-e-cinturino-cuoio-quadrante-argentato\/"},"modified":"2026-05-10T15:03:31","modified_gmt":"2026-05-10T13:03:31","slug":"orologio-donna-baume-mercier-classima-4","status":"publish","type":"product","link":"https:\/\/www.rensiweb.com\/it\/orologio-donna-baume-mercier-classima-4.html","title":{"rendered":"Orologio donna Baume e Mercier Classima &#8211; al Quarzo &#8211; 33 mm &#8211; cassa Acciaio..."},"content":{"rendered":"<p>Orologio donna Baume e Mercier Classima &#8211; al Quarzo &#8211; 33 mm &#8211; cassa Acciaio e cinturino Cuoio &#8211; quadrante Argentato. Chiusura cinturino ad ardiglione e resistente all&#8217;acqua fino a 3 Bar (30 metri).<\/p>\n<p>Questo orologio monta un Movimento al Quarzo. Il quadrante \u00e8 ricoperto di vetro in zaffiro ed \u00e8 completo di datario a ore 3. Lancette color oro e indici a numeri romani sono dettagli che donano un tocco di classicit\u00e0 in pi\u00f9 a questo modello.<\/p>\n<p>Disponibile:<\/p>\n<ul>\n<li><strong>Modello M0A10147: cassa Acciaio e cinturino Cuoio &#8211; quadrante Silver<\/strong><\/li>\n<\/ul>\n<p>Questa collezione di Baume and Mercier \u00e8 stata pensata per coloro che sono amanti del classico, ma con qualche tocco contemporaneo. Segantempo adatto ad ogni polso grazie alle sue linee sinuose e al quadrante luminoso. Rappresenta a pieno il concetto del Brand.<\/p>\n","protected":false},"excerpt":{"rendered":"<p>Orologio donna Baume e Mercier Classima &#8211; al Quarzo &#8211; 33 mm &#8211; cassa Acciaio e cinturino Cuoio &#8211; quadrante Argentato, vetro Zaffiro, W.R. 3 Bar<\/p>\n","protected":false},"featured_media":14918,"comment_status":"open","ping_status":"closed","template":"","meta":[],"product_brand":[10],"product_cat":[1994,2038,1992],"product_tag":[],"class_list":{"0":"post-5864","1":"product","2":"type-product","3":"status-publish","4":"has-post-thumbnail","6":"product_brand-baume-e-mercier-orologi-svizzera","7":"product_cat-orologi","8":"product_cat-baume-mercier","9":"product_cat-orologi-outlet","11":"first","12":"instock","13":"sale","14":"shipping-taxable","15":"purchasable","16":"product-type-simple"},"exclude_global_add_ons":[],"addons":[],"_links":{"self":[{"href":"https:\/\/www.rensiweb.com\/it\/wp-json\/wp\/v2\/product\/5864","targetHints":{"allow":["GET"]}}],"collection":[{"href":"https:\/\/www.rensiweb.com\/it\/wp-json\/wp\/v2\/product"}],"about":[{"href":"https:\/\/www.rensiweb.com\/it\/wp-json\/wp\/v2\/types\/product"}],"replies":[{"embeddable":true,"href":"https:\/\/www.rensiweb.com\/it\/wp-json\/wp\/v2\/comments?post=5864"}],"wp:featuredmedia":[{"embeddable":true,"href":"https:\/\/www.rensiweb.com\/it\/wp-json\/wp\/v2\/media\/14918"}],"wp:attachment":[{"href":"https:\/\/www.rensiweb.com\/it\/wp-json\/wp\/v2\/media?parent=5864"}],"wp:term":[{"taxonomy":"product_brand","embeddable":true,"href":"https:\/\/www.rensiweb.com\/it\/wp-json\/wp\/v2\/product_brand?post=5864"},{"taxonomy":"product_cat","embeddable":true,"href":"https:\/\/www.rensiweb.com\/it\/wp-json\/wp\/v2\/product_cat?post=5864"},{"taxonomy":"product_tag","embeddable":true,"href":"https:\/\/www.rensiweb.com\/it\/wp-json\/wp\/v2\/product_tag?post=5864"}],"curies":[{"name":"wp","href":"https:\/\/api.w.org\/{rel}","templated":true}]}}