{"id":5845,"date":"2021-09-06T08:10:45","date_gmt":"2021-09-06T06:10:45","guid":{"rendered":"https:\/\/www.rensiweb.com\/orologio-uomo-baume-mercier-classima-movimento-automatico-meccanico-42-mm-cassa-oro-giallo-18-kt-e-cinturino-cuoio-quadrante-silver\/"},"modified":"2026-04-29T15:03:17","modified_gmt":"2026-04-29T13:03:17","slug":"orologio-uomo-baume-mercier-classima-5","status":"publish","type":"product","link":"https:\/\/www.rensiweb.com\/it\/orologio-uomo-baume-mercier-classima-5.html","title":{"rendered":"Orologio uomo BAUME &amp; MERCIER Classima &#8211; movimento Automatico meccanico &#8211; 42 ..."},"content":{"rendered":"<p><strong>Orologio uomo Baume &amp; Mercier,\u00a0<\/strong>collezione Classima con cassa di diametro 42mm. in Oro Giallo 18 Kt. (750\/000) e cinturino in Cuoio. Resistente all&#8217;acqua fino a 3 Bar (30 metri).<\/p>\n<p>Questo orologio monta un movimento Automatico a vista. La casa svizzera garantisce qualit\u00e0 e affidabilit\u00e0 grazie alla scelta dei materiali pi\u00f9 pregiati. Il quadrante \u00e8 ricoperto di vetro in zaffiro ed \u00e8 decorato con numeri romani e datario a ore 3. Presenta un motivo centrale che richiama quello del brand stesso, rendendolo un accessorio dal look pi\u00f9 classico e serio.<\/p>\n<p>Disponibile:<\/p>\n<ul>\n<li><strong>Modello M0A08787: cassa Oro 18 Kt. e cinturino Cuoio &#8211; quadrante Silver<\/strong><\/li>\n<\/ul>\n<p>Questa collezione di Baume and Mercier \u00e8 stata pensata per coloro che sono amanti del classico, ma anche del contemporaneo. Questo modello \u00e8 dedicato ai professionisti ambiziosi.<\/p>\n","protected":false},"excerpt":{"rendered":"<p>Orologio uomo BAUME &amp; MERCIER Classima, movimento Automatico, diametro cassa 42 mm., cassa Acciaio PVD e cinturino Cuoio, quadrante Silver<\/p>\n","protected":false},"featured_media":14880,"comment_status":"open","ping_status":"closed","template":"","meta":[],"product_brand":[10],"product_cat":[1994,2038,1992],"product_tag":[],"class_list":{"0":"post-5845","1":"product","2":"type-product","3":"status-publish","4":"has-post-thumbnail","6":"product_brand-baume-e-mercier-orologi-svizzera","7":"product_cat-orologi","8":"product_cat-baume-mercier","9":"product_cat-orologi-outlet","11":"first","12":"instock","13":"sale","14":"shipping-taxable","15":"purchasable","16":"product-type-simple"},"exclude_global_add_ons":[],"addons":[],"_links":{"self":[{"href":"https:\/\/www.rensiweb.com\/it\/wp-json\/wp\/v2\/product\/5845","targetHints":{"allow":["GET"]}}],"collection":[{"href":"https:\/\/www.rensiweb.com\/it\/wp-json\/wp\/v2\/product"}],"about":[{"href":"https:\/\/www.rensiweb.com\/it\/wp-json\/wp\/v2\/types\/product"}],"replies":[{"embeddable":true,"href":"https:\/\/www.rensiweb.com\/it\/wp-json\/wp\/v2\/comments?post=5845"}],"wp:featuredmedia":[{"embeddable":true,"href":"https:\/\/www.rensiweb.com\/it\/wp-json\/wp\/v2\/media\/14880"}],"wp:attachment":[{"href":"https:\/\/www.rensiweb.com\/it\/wp-json\/wp\/v2\/media?parent=5845"}],"wp:term":[{"taxonomy":"product_brand","embeddable":true,"href":"https:\/\/www.rensiweb.com\/it\/wp-json\/wp\/v2\/product_brand?post=5845"},{"taxonomy":"product_cat","embeddable":true,"href":"https:\/\/www.rensiweb.com\/it\/wp-json\/wp\/v2\/product_cat?post=5845"},{"taxonomy":"product_tag","embeddable":true,"href":"https:\/\/www.rensiweb.com\/it\/wp-json\/wp\/v2\/product_tag?post=5845"}],"curies":[{"name":"wp","href":"https:\/\/api.w.org\/{rel}","templated":true}]}}