{"id":5823,"date":"2021-09-02T07:07:05","date_gmt":"2021-09-02T05:07:05","guid":{"rendered":"https:\/\/www.rensiweb.com\/orologio-donna-baume-mercier-capeland-al-quarzo-33x20-5-mm-cassa-acciaio-e-cinturino-cuoio-quadrante-madreperla\/"},"modified":"2026-05-07T11:33:18","modified_gmt":"2026-05-07T09:33:18","slug":"orologio-baume-mercier-capeland-08448","status":"publish","type":"product","link":"https:\/\/www.rensiweb.com\/it\/orologio-baume-mercier-capeland-08448.html","title":{"rendered":"Orologio BAUME &amp; MERCIER Capeland &#8211; 33&#215;20.5 mm &#8211; cassa Acciaio e cinturi..."},"content":{"rendered":"<p><strong>Orologio donna Baume &amp; Mercier,\u00a0<\/strong>collezione Capeland con cassa rettangolare di mm. 30&#215;20.5 in Acciaio e cinturino in Cuoio. Resistente all&#8217;acqua fino a 3 Bar (30 metri).<\/p>\n<p>Questo orologio presenta un Movimento Solo Tempo al Quarzo. Il quadrante in Madreperla \u00e8 decorato da indici ed \u00e8 ricoperto di vetro in Zaffiro. La chiusura del cinturino \u00e8 deployante.<\/p>\n<p>Disponibile:<\/p>\n<ul>\n<li><strong>Modello M0A08448: cassa Acciaio e cinturino Cuoio &#8211; quadrante Madreperla<\/strong><\/li>\n<\/ul>\n<p>Orologio semplice ed essenziale, parte di una edizione speciale di Baume and Mercier. Riprende uno stile elegante grazie alle sue forme ultra slim e risulta comfortevole al polso grazie ai suoi materiali facilmente adattabili ad ogni conformazione.<\/p>\n","protected":false},"excerpt":{"rendered":"<p>Orologio donna BAUME &amp; MERCIER Capeland, al Quarzo, cassa rettangolare 33&#215;20.5 mm, cassa Acciaio e cinturino Cuoio, quadrante Madreperla<\/p>\n","protected":false},"featured_media":14850,"comment_status":"open","ping_status":"closed","template":"","meta":[],"product_brand":[10],"product_cat":[1994,2038,1992],"product_tag":[],"class_list":{"0":"post-5823","1":"product","2":"type-product","3":"status-publish","4":"has-post-thumbnail","6":"product_brand-baume-e-mercier-orologi-svizzera","7":"product_cat-orologi","8":"product_cat-baume-mercier","9":"product_cat-orologi-outlet","11":"first","12":"instock","13":"sale","14":"shipping-taxable","15":"purchasable","16":"product-type-simple"},"exclude_global_add_ons":[],"addons":[],"_links":{"self":[{"href":"https:\/\/www.rensiweb.com\/it\/wp-json\/wp\/v2\/product\/5823","targetHints":{"allow":["GET"]}}],"collection":[{"href":"https:\/\/www.rensiweb.com\/it\/wp-json\/wp\/v2\/product"}],"about":[{"href":"https:\/\/www.rensiweb.com\/it\/wp-json\/wp\/v2\/types\/product"}],"replies":[{"embeddable":true,"href":"https:\/\/www.rensiweb.com\/it\/wp-json\/wp\/v2\/comments?post=5823"}],"wp:featuredmedia":[{"embeddable":true,"href":"https:\/\/www.rensiweb.com\/it\/wp-json\/wp\/v2\/media\/14850"}],"wp:attachment":[{"href":"https:\/\/www.rensiweb.com\/it\/wp-json\/wp\/v2\/media?parent=5823"}],"wp:term":[{"taxonomy":"product_brand","embeddable":true,"href":"https:\/\/www.rensiweb.com\/it\/wp-json\/wp\/v2\/product_brand?post=5823"},{"taxonomy":"product_cat","embeddable":true,"href":"https:\/\/www.rensiweb.com\/it\/wp-json\/wp\/v2\/product_cat?post=5823"},{"taxonomy":"product_tag","embeddable":true,"href":"https:\/\/www.rensiweb.com\/it\/wp-json\/wp\/v2\/product_tag?post=5823"}],"curies":[{"name":"wp","href":"https:\/\/api.w.org\/{rel}","templated":true}]}}