{"id":5820,"date":"2021-09-01T09:11:12","date_gmt":"2021-09-01T07:11:12","guid":{"rendered":"https:\/\/www.rensiweb.com\/orologio-uomo-baume-mercier-classima-movimento-automatico-meccanico-33-mm-cassa-oro-giallo-18-kt-con-cinturino-cuoio-quadrante-bianco\/"},"modified":"2026-04-17T11:33:28","modified_gmt":"2026-04-17T09:33:28","slug":"orologio-baume-mercier-classima-oro-08160","status":"publish","type":"product","link":"https:\/\/www.rensiweb.com\/it\/orologio-baume-mercier-classima-oro-08160.html","title":{"rendered":"Orologio BAUME &amp; MERCIER Classima &#8211; 33 mm &#8211; cassa Oro Giallo con cinturino Cu..."},"content":{"rendered":"<p><strong>Orologio uomo Baume &amp; Mercier,\u00a0<\/strong>collezione Classima con cassa di diametro 33mm. in Acciaio PVD e cinturino in Cuoio. Resistente all&#8217;acqua fino a 3 Bar (30 metri).<\/p>\n<p>Questo orologio presenta un Movimento Swiss Made automatico a carica automatica. La casa svizzera garantisce qualit\u00e0 e affidabilit\u00e0 grazie alla scelta dei materiali pi\u00f9 pregiati. Il quadrante \u00e8 ricoperto di vetro in zaffiro ed \u00e8 completo di datario. Lancette color oro e indici a numeri romani sono dettagli che donano un tocco di classicit\u00e0 in pi\u00f9 a questo modello.<\/p>\n<p>Disponibile:<\/p>\n<ul>\n<li><strong>Modello M0A08160: cassa Acciaio PVD e cinturino Cuoio &#8211; quadrante Bianco<\/strong><\/li>\n<\/ul>\n<p>Questa collezione di Baume and Mercier \u00e8 stata pensata per coloro che sono amanti del classico, ma con qualche tocco contemporaneo. Questo modello \u00e8 dedicato ai professionisti ambiziosi. Il motivo a righe del quadrante lo rende un accessorio dal look ancora pi\u00f9 classico ma sempre attuale<\/p>\n","protected":false},"excerpt":{"rendered":"<p>Orologio uomo BAUME &amp; MERCIER Classima, movimento Automatico, cassa 33 mm., cassa in Acciaio PVD e cinturino in Cuoio, quadrante Bianco<\/p>\n","protected":false},"featured_media":14846,"comment_status":"open","ping_status":"closed","template":"","meta":[],"product_brand":[10],"product_cat":[1994,2038,1992],"product_tag":[],"class_list":{"0":"post-5820","1":"product","2":"type-product","3":"status-publish","4":"has-post-thumbnail","6":"product_brand-baume-e-mercier-orologi-svizzera","7":"product_cat-orologi","8":"product_cat-baume-mercier","9":"product_cat-orologi-outlet","11":"first","12":"instock","13":"sale","14":"shipping-taxable","15":"purchasable","16":"product-type-simple"},"exclude_global_add_ons":[],"addons":[],"_links":{"self":[{"href":"https:\/\/www.rensiweb.com\/it\/wp-json\/wp\/v2\/product\/5820","targetHints":{"allow":["GET"]}}],"collection":[{"href":"https:\/\/www.rensiweb.com\/it\/wp-json\/wp\/v2\/product"}],"about":[{"href":"https:\/\/www.rensiweb.com\/it\/wp-json\/wp\/v2\/types\/product"}],"replies":[{"embeddable":true,"href":"https:\/\/www.rensiweb.com\/it\/wp-json\/wp\/v2\/comments?post=5820"}],"wp:featuredmedia":[{"embeddable":true,"href":"https:\/\/www.rensiweb.com\/it\/wp-json\/wp\/v2\/media\/14846"}],"wp:attachment":[{"href":"https:\/\/www.rensiweb.com\/it\/wp-json\/wp\/v2\/media?parent=5820"}],"wp:term":[{"taxonomy":"product_brand","embeddable":true,"href":"https:\/\/www.rensiweb.com\/it\/wp-json\/wp\/v2\/product_brand?post=5820"},{"taxonomy":"product_cat","embeddable":true,"href":"https:\/\/www.rensiweb.com\/it\/wp-json\/wp\/v2\/product_cat?post=5820"},{"taxonomy":"product_tag","embeddable":true,"href":"https:\/\/www.rensiweb.com\/it\/wp-json\/wp\/v2\/product_tag?post=5820"}],"curies":[{"name":"wp","href":"https:\/\/api.w.org\/{rel}","templated":true}]}}