{"id":5803,"date":"2021-08-26T07:29:49","date_gmt":"2021-08-26T05:29:49","guid":{"rendered":"https:\/\/www.rensiweb.com\/orologio-da-tasca-uomo-longines-della-collezione-heritage-movimento-a-carica-manuale-cassa-mm-48-5-in-acciaio-quadrante-bianco\/"},"modified":"2026-05-09T15:03:06","modified_gmt":"2026-05-09T13:03:06","slug":"orologio-da-tasca-uomo-longines","status":"publish","type":"product","link":"https:\/\/www.rensiweb.com\/it\/orologio-da-tasca-uomo-longines.html","title":{"rendered":"Orologio da Tasca uomo Longines collezione Heritage L7014 &#8211; Carica Manuale &#8211; (mm...."},"content":{"rendered":"<p><strong>Orologio da Tasca uomo Longines collezione Heritage L7014<\/strong>, un classico dell&#8217;orologeria Svizzera, con cassa in Acciaio Placcato PVD di diametro 48.5mm ricoperta da<strong> Vetro in Esalite (Plexiglas)<\/strong>.<\/p>\n<p>Questo orologio Longines \u00e8 un modello che presenta un movimento Swiss Made a Carica Manuale. Il quadrante \u00e8 decorato da indici a numeri arabi.<\/p>\n<ul>\n<li><strong><strong>Modello L70142111 : cassa in Acciaio Placcato PVD &#8211; quadrante Bianco con numeri arabi<\/strong><\/strong><\/li>\n<\/ul>\n<p><strong>Orologio uomo Longines<\/strong> dal gusto retr\u00f2 che evoca la storia e la tradizione del noto Brand Svizzero. Accessorio perfetto per chi \u00e8 legato al passato e ricerca un pizzico in pi\u00f9 di originalit\u00e0.<\/p>\n","protected":false},"excerpt":{"rendered":"<p>Orologio da Tasca uomo Longines collezione Heritage L7014, movimento Swiss Made, Meccanico carica Manuale, cassa diametro mm.48.5 in Acciaio Placcato PVD, quadrante Bianco.<\/p>\n","protected":false},"featured_media":32487,"comment_status":"open","ping_status":"closed","template":"","meta":[],"product_brand":[11],"product_cat":[1994,2068],"product_tag":[],"class_list":{"0":"post-5803","1":"product","2":"type-product","3":"status-publish","4":"has-post-thumbnail","6":"product_brand-longines-orologi-svizzera","7":"product_cat-orologi","8":"product_cat-longines","10":"first","11":"instock","12":"shipping-taxable","13":"purchasable","14":"product-type-simple"},"exclude_global_add_ons":[],"addons":[],"_links":{"self":[{"href":"https:\/\/www.rensiweb.com\/it\/wp-json\/wp\/v2\/product\/5803","targetHints":{"allow":["GET"]}}],"collection":[{"href":"https:\/\/www.rensiweb.com\/it\/wp-json\/wp\/v2\/product"}],"about":[{"href":"https:\/\/www.rensiweb.com\/it\/wp-json\/wp\/v2\/types\/product"}],"replies":[{"embeddable":true,"href":"https:\/\/www.rensiweb.com\/it\/wp-json\/wp\/v2\/comments?post=5803"}],"wp:featuredmedia":[{"embeddable":true,"href":"https:\/\/www.rensiweb.com\/it\/wp-json\/wp\/v2\/media\/32487"}],"wp:attachment":[{"href":"https:\/\/www.rensiweb.com\/it\/wp-json\/wp\/v2\/media?parent=5803"}],"wp:term":[{"taxonomy":"product_brand","embeddable":true,"href":"https:\/\/www.rensiweb.com\/it\/wp-json\/wp\/v2\/product_brand?post=5803"},{"taxonomy":"product_cat","embeddable":true,"href":"https:\/\/www.rensiweb.com\/it\/wp-json\/wp\/v2\/product_cat?post=5803"},{"taxonomy":"product_tag","embeddable":true,"href":"https:\/\/www.rensiweb.com\/it\/wp-json\/wp\/v2\/product_tag?post=5803"}],"curies":[{"name":"wp","href":"https:\/\/api.w.org\/{rel}","templated":true}]}}