{"id":5781,"date":"2021-08-14T07:47:59","date_gmt":"2021-08-14T05:47:59","guid":{"rendered":"https:\/\/www.rensiweb.com\/orologio-uomo-longines-collezione-master-collection-automatico-cassa-mm-44-acciaio-e-cinturino-cuoio-quadrante-argento\/"},"modified":"2026-04-30T14:58:59","modified_gmt":"2026-04-30T12:58:59","slug":"orologio-uomo-longines-collezione-master-collection-automatico-cassa-mm-44-acciaio-e-cinturino-cuoio-quadrante-argento","status":"publish","type":"product","link":"https:\/\/www.rensiweb.com\/it\/orologio-uomo-longines-collezione-master-collection-automatico-cassa-mm-44-acciaio-e-cinturino-cuoio-quadrante-argento.html","title":{"rendered":"Orologio uomo LONGINES collezione Master Collection L2717 &#8211; Meccanico Automatico &#8211..."},"content":{"rendered":"<p><strong>Orologio uomo LONGINES collezione Master Collection L2717,<\/strong>\u00a0con cassa Acciaio da mm.44 ricoperta da vetro Zaffiro antigraffio. Il cinturino \u00e8 realizzato in Cuoio e presenta una chiusura a fibbia classica. L&#8217;orologio \u00e8 resistente all&#8217;acqua fino a 3 Bar (30 m.).<\/p>\n<p>Questa famiglia di orologi monta un movimento meccanico a carica Automatica. Il quadrante \u00e8 completo di datario e cronografo con quattro indicatori retrogradi. Quest&#8217;ultima \u00e8 la caratteristica che pi\u00f9 lo rende noto e amato dalle persone.\u00a0<span style=\"background-color: inherit;color: inherit;font-family: inherit;font-size: 1rem\">Disponibile:<\/span><\/p>\n<ul>\n<li><strong>Modello L27174783 : cassa Acciaio e cinturino Cuoio &#8211; quadrante Argento.<\/strong><\/li>\n<\/ul>\n<p><strong>The Longines Master Collection<\/strong> \u00e8 la perfetta rappresentazione della filosofia del marchio, offrendo numerosi modelli con diverse caratteristiche particolari.<\/p>\n","protected":false},"excerpt":{"rendered":"<p>Orologio uomo LONGINES collezione Master Collection L2717, Automatico, cassa mm. 44 Acciaio e cinturino Cuoio, quadrante Argento, W.R. 3 Bar<\/p>\n","protected":false},"featured_media":14795,"comment_status":"open","ping_status":"closed","template":"","meta":[],"product_brand":[11],"product_cat":[1994,2068,1992],"product_tag":[],"class_list":{"0":"post-5781","1":"product","2":"type-product","3":"status-publish","4":"has-post-thumbnail","6":"product_brand-longines-orologi-svizzera","7":"product_cat-orologi","8":"product_cat-longines","9":"product_cat-orologi-outlet","11":"first","12":"instock","13":"sale","14":"shipping-taxable","15":"purchasable","16":"product-type-simple"},"exclude_global_add_ons":[],"addons":[],"_links":{"self":[{"href":"https:\/\/www.rensiweb.com\/it\/wp-json\/wp\/v2\/product\/5781","targetHints":{"allow":["GET"]}}],"collection":[{"href":"https:\/\/www.rensiweb.com\/it\/wp-json\/wp\/v2\/product"}],"about":[{"href":"https:\/\/www.rensiweb.com\/it\/wp-json\/wp\/v2\/types\/product"}],"replies":[{"embeddable":true,"href":"https:\/\/www.rensiweb.com\/it\/wp-json\/wp\/v2\/comments?post=5781"}],"wp:featuredmedia":[{"embeddable":true,"href":"https:\/\/www.rensiweb.com\/it\/wp-json\/wp\/v2\/media\/14795"}],"wp:attachment":[{"href":"https:\/\/www.rensiweb.com\/it\/wp-json\/wp\/v2\/media?parent=5781"}],"wp:term":[{"taxonomy":"product_brand","embeddable":true,"href":"https:\/\/www.rensiweb.com\/it\/wp-json\/wp\/v2\/product_brand?post=5781"},{"taxonomy":"product_cat","embeddable":true,"href":"https:\/\/www.rensiweb.com\/it\/wp-json\/wp\/v2\/product_cat?post=5781"},{"taxonomy":"product_tag","embeddable":true,"href":"https:\/\/www.rensiweb.com\/it\/wp-json\/wp\/v2\/product_tag?post=5781"}],"curies":[{"name":"wp","href":"https:\/\/api.w.org\/{rel}","templated":true}]}}