{"id":5780,"date":"2021-08-14T07:17:13","date_gmt":"2021-08-14T05:17:13","guid":{"rendered":"https:\/\/www.rensiweb.com\/orologio-donna-longines-collezione-belle-arti-solo-tempo-al-quarzo-cassa-mm-27-3x54-6-e-cinturino-acciaio-quadrante-nero\/"},"modified":"2026-04-17T20:57:48","modified_gmt":"2026-04-17T18:57:48","slug":"orologio-donna-longines-collezione-belle-arti-solo-tempo-al-quarzo-cassa-mm-27-3x54-6-e-cinturino-acciaio-quadrante-nero","status":"publish","type":"product","link":"https:\/\/www.rensiweb.com\/it\/orologio-donna-longines-collezione-belle-arti-solo-tempo-al-quarzo-cassa-mm-27-3x54-6-e-cinturino-acciaio-quadrante-nero.html","title":{"rendered":"Orologio donna LONGINES Collezione Belle Arti Quarzo L2694 &#8211; solo Tempo &#8211; mm. 27...."},"content":{"rendered":"<p><strong>Orologio donna LONGINES Collezione Belle Arti Quarzo L2694, solo Tempo al Quarzo<\/strong>, con cassa rettangolare tonneau mm. 27.3&#215;54.6 e cinturino in Acciaio Inox.\u00a0L&#8217;orologio resiste all&#8217;acqua fino a 3 Bar (30 Metri).<\/p>\n<p>Questo <strong>orologio da donna Longines<\/strong>, classico ma prezioso, dai tratti quasi retr\u00f3. Il quadrante nero \u00e8 completo di cronografo di secondi ed \u00e8 ricoperto di vetro in Zaffiro. Prodotto disponibile:<\/p>\n<ul>\n<li><strong>Modello L26944536 : cassa e cinturino Acciaio &#8211; quadrante Nero.<\/strong><\/li>\n<\/ul>\n<p><strong>Orologio donna Longines Belle Arti,\u00a0<\/strong>da sempre una delle collezioni pi\u00f9 amate di Longines, anche dagli Attori pi\u00f9 celebri. Kate Winslet e altri atleti mondiali infatti sono stati ambasciatori di questa collezione facendola diventare di grande successo.<\/p>\n","protected":false},"excerpt":{"rendered":"<p>Orologio donna LONGINES Collezione Belle Arti Quarzo L2694, solo Tempo al Quarzo, cassa mm. 27.3&#215;54.6 e cinturino Acciaio, quadrante Nero, vetro Zaffiro<\/p>\n","protected":false},"featured_media":29720,"comment_status":"open","ping_status":"closed","template":"","meta":[],"product_brand":[11],"product_cat":[1994,2068,1992],"product_tag":[],"class_list":{"0":"post-5780","1":"product","2":"type-product","3":"status-publish","4":"has-post-thumbnail","6":"product_brand-longines-orologi-svizzera","7":"product_cat-orologi","8":"product_cat-longines","9":"product_cat-orologi-outlet","11":"first","12":"instock","13":"sale","14":"shipping-taxable","15":"purchasable","16":"product-type-simple"},"exclude_global_add_ons":[],"addons":[],"_links":{"self":[{"href":"https:\/\/www.rensiweb.com\/it\/wp-json\/wp\/v2\/product\/5780","targetHints":{"allow":["GET"]}}],"collection":[{"href":"https:\/\/www.rensiweb.com\/it\/wp-json\/wp\/v2\/product"}],"about":[{"href":"https:\/\/www.rensiweb.com\/it\/wp-json\/wp\/v2\/types\/product"}],"replies":[{"embeddable":true,"href":"https:\/\/www.rensiweb.com\/it\/wp-json\/wp\/v2\/comments?post=5780"}],"wp:featuredmedia":[{"embeddable":true,"href":"https:\/\/www.rensiweb.com\/it\/wp-json\/wp\/v2\/media\/29720"}],"wp:attachment":[{"href":"https:\/\/www.rensiweb.com\/it\/wp-json\/wp\/v2\/media?parent=5780"}],"wp:term":[{"taxonomy":"product_brand","embeddable":true,"href":"https:\/\/www.rensiweb.com\/it\/wp-json\/wp\/v2\/product_brand?post=5780"},{"taxonomy":"product_cat","embeddable":true,"href":"https:\/\/www.rensiweb.com\/it\/wp-json\/wp\/v2\/product_cat?post=5780"},{"taxonomy":"product_tag","embeddable":true,"href":"https:\/\/www.rensiweb.com\/it\/wp-json\/wp\/v2\/product_tag?post=5780"}],"curies":[{"name":"wp","href":"https:\/\/api.w.org\/{rel}","templated":true}]}}