{"id":5759,"date":"2021-08-10T07:30:12","date_gmt":"2021-08-10T05:30:12","guid":{"rendered":"https:\/\/www.rensiweb.com\/orologio-donna-longines-lyre-movimento-automatico-cassa-mm-25-e-cinturino-acciaio-quadrante-silver\/"},"modified":"2026-04-17T21:01:21","modified_gmt":"2026-04-17T19:01:21","slug":"orologio-donna-longines-lyre-movimento-2","status":"publish","type":"product","link":"https:\/\/www.rensiweb.com\/it\/orologio-donna-longines-lyre-movimento-2.html","title":{"rendered":"Orologio donna LONGINES Lyre Meccanico Automatico L4360 &#8211; solo Tempo &#8211; mm.25 &#82..."},"content":{"rendered":"<p><strong>Orologio donna LONGINES Lyre Meccanico Automatico L4360<\/strong>, con riserva di carica fino a 45 ore. La cassa, di diametro 25mm, \u00e8 in Acciaio e ricoperta di <strong>Vetro in Zaffiro antigraffio<\/strong><strong>. <\/strong>Il\u00a0cinturino viene proposto in Acciaio con chiusura deployante a tripla sicurezza.<\/p>\n<p>Il quadrante \u00e8 completo di datario ed \u00e8 resistente all&#8217;acqua fino a 3 Bar (30 metri) di profondit\u00e0.<\/p>\n<p>Disponibil:<\/p>\n<ul>\n<li><strong>Modello L43604726 : cassa e cinturino Acciaio<strong>\u00a0<\/strong>&#8211; quadrante Silver.<\/strong><\/li>\n<\/ul>\n<p><strong>Orologio donna Longines<\/strong>\u00a0<strong>Lyre<\/strong>, icona di classe e semplicit\u00e0 del celebre marchio Svizzero. Collezione che da sempre \u00e8 rimasta fedele al suo stile riscuotendo moltissimo successo dalle donne di ogni et\u00e0 che lo scelgono come accessorio per la loro vita quotidiana.<\/p>\n","protected":false},"excerpt":{"rendered":"<p>Orologio donna LONGINES Lyre Meccanico Automatico L4360, cassa mm.25 e cinturino Acciaio, quadrante Silver, vetro Zaffiro, W.R. 3 Bar<\/p>\n","protected":false},"featured_media":14756,"comment_status":"open","ping_status":"closed","template":"","meta":[],"product_brand":[11],"product_cat":[1994,2068],"product_tag":[],"class_list":{"0":"post-5759","1":"product","2":"type-product","3":"status-publish","4":"has-post-thumbnail","6":"product_brand-longines-orologi-svizzera","7":"product_cat-orologi","8":"product_cat-longines","10":"first","11":"outofstock","12":"shipping-taxable","13":"purchasable","14":"product-type-simple"},"exclude_global_add_ons":[],"addons":[],"_links":{"self":[{"href":"https:\/\/www.rensiweb.com\/it\/wp-json\/wp\/v2\/product\/5759","targetHints":{"allow":["GET"]}}],"collection":[{"href":"https:\/\/www.rensiweb.com\/it\/wp-json\/wp\/v2\/product"}],"about":[{"href":"https:\/\/www.rensiweb.com\/it\/wp-json\/wp\/v2\/types\/product"}],"replies":[{"embeddable":true,"href":"https:\/\/www.rensiweb.com\/it\/wp-json\/wp\/v2\/comments?post=5759"}],"wp:featuredmedia":[{"embeddable":true,"href":"https:\/\/www.rensiweb.com\/it\/wp-json\/wp\/v2\/media\/14756"}],"wp:attachment":[{"href":"https:\/\/www.rensiweb.com\/it\/wp-json\/wp\/v2\/media?parent=5759"}],"wp:term":[{"taxonomy":"product_brand","embeddable":true,"href":"https:\/\/www.rensiweb.com\/it\/wp-json\/wp\/v2\/product_brand?post=5759"},{"taxonomy":"product_cat","embeddable":true,"href":"https:\/\/www.rensiweb.com\/it\/wp-json\/wp\/v2\/product_cat?post=5759"},{"taxonomy":"product_tag","embeddable":true,"href":"https:\/\/www.rensiweb.com\/it\/wp-json\/wp\/v2\/product_tag?post=5759"}],"curies":[{"name":"wp","href":"https:\/\/api.w.org\/{rel}","templated":true}]}}