{"id":5757,"date":"2021-08-09T10:51:25","date_gmt":"2021-08-09T08:51:25","guid":{"rendered":"https:\/\/www.rensiweb.com\/orologio-donna-longines-elegant-movimento-automatico-cassa-mm-29-e-cinturino-acciaio-quadrante-bianco\/"},"modified":"2026-05-07T15:01:20","modified_gmt":"2026-05-07T13:01:20","slug":"orologio-donna-longines-elegant-movimento","status":"publish","type":"product","link":"https:\/\/www.rensiweb.com\/it\/orologio-donna-longines-elegant-movimento.html","title":{"rendered":"Orologio donna LONGINES Elegant Meccanico Automatico L4310 &#8211; solo Tempo &#8211; mm.29 &..."},"content":{"rendered":"<p><strong>Orologio donna LONGINES Elegant Meccanico Automatico L4310<\/strong>, con riserva di carica fino a 45 ore. La cassa, di diametro 29mm, \u00e8 in Acciaio e ricoperta di <strong>Vetro in Zaffiro antigraffio<\/strong><strong>. <\/strong>Il\u00a0cinturino viene proposto in Acciaio con chiusura deployante a tripla sicurezza.<\/p>\n<p>Il quadrante bianco \u00e8 completo di datario e presenta indici a numeri romani. L&#8217;orologio \u00e8 resistente all&#8217;acqua fino a 3 Bar (30 metri) di profondit\u00e0.<\/p>\n<p>Disponibil:<\/p>\n<ul>\n<li><strong>Modello\u00a0L43104116: cassa e cinturino Acciaio &#8211; quadrante Bianco<\/strong><\/li>\n<\/ul>\n<p><strong>Orologio donna Longines<\/strong>\u00a0<strong>Elegant<\/strong>, perch\u00e9 &#8220;Elegance is an attitude&#8221;. Collezione composta da modelli che rappresentano il classicismo e la sobriet\u00e0 della casa Svizzera. Ogni modello presenta un particolare classico sul quadrante, per soddisfare i gusti di tutti.<\/p>\n","protected":false},"excerpt":{"rendered":"<p>Orologio donna LONGINES Elegant Meccanico Automatico L4310, cassa mm.29 e cinturino Acciaio, quadrante Bianco, vetro Zaffiro, W.R. 3 Bar<\/p>\n","protected":false},"featured_media":14752,"comment_status":"open","ping_status":"closed","template":"","meta":[],"product_brand":[11],"product_cat":[1994,2068],"product_tag":[],"class_list":{"0":"post-5757","1":"product","2":"type-product","3":"status-publish","4":"has-post-thumbnail","6":"product_brand-longines-orologi-svizzera","7":"product_cat-orologi","8":"product_cat-longines","10":"first","11":"outofstock","12":"shipping-taxable","13":"purchasable","14":"product-type-simple"},"exclude_global_add_ons":[],"addons":[],"_links":{"self":[{"href":"https:\/\/www.rensiweb.com\/it\/wp-json\/wp\/v2\/product\/5757","targetHints":{"allow":["GET"]}}],"collection":[{"href":"https:\/\/www.rensiweb.com\/it\/wp-json\/wp\/v2\/product"}],"about":[{"href":"https:\/\/www.rensiweb.com\/it\/wp-json\/wp\/v2\/types\/product"}],"replies":[{"embeddable":true,"href":"https:\/\/www.rensiweb.com\/it\/wp-json\/wp\/v2\/comments?post=5757"}],"wp:featuredmedia":[{"embeddable":true,"href":"https:\/\/www.rensiweb.com\/it\/wp-json\/wp\/v2\/media\/14752"}],"wp:attachment":[{"href":"https:\/\/www.rensiweb.com\/it\/wp-json\/wp\/v2\/media?parent=5757"}],"wp:term":[{"taxonomy":"product_brand","embeddable":true,"href":"https:\/\/www.rensiweb.com\/it\/wp-json\/wp\/v2\/product_brand?post=5757"},{"taxonomy":"product_cat","embeddable":true,"href":"https:\/\/www.rensiweb.com\/it\/wp-json\/wp\/v2\/product_cat?post=5757"},{"taxonomy":"product_tag","embeddable":true,"href":"https:\/\/www.rensiweb.com\/it\/wp-json\/wp\/v2\/product_tag?post=5757"}],"curies":[{"name":"wp","href":"https:\/\/api.w.org\/{rel}","templated":true}]}}