{"id":5716,"date":"2021-08-02T07:04:19","date_gmt":"2021-08-02T05:04:19","guid":{"rendered":"https:\/\/www.rensiweb.com\/orologio-uomo-longines-collezione-evidenza-automatico-cassa-mm-33x38-e-cinturino-acciaio-quadrante-bianco\/"},"modified":"2026-04-30T14:58:57","modified_gmt":"2026-04-30T12:58:57","slug":"orologio-longines-evidenza-automatico","status":"publish","type":"product","link":"https:\/\/www.rensiweb.com\/it\/orologio-longines-evidenza-automatico.html","title":{"rendered":"Orologio Longines Evidenza L2672 &#8211; mm.33&#215;38 &#8211; cassa e cinturino Acciaio..."},"content":{"rendered":"<p><strong>Orologio uomo LONGINES Collezione Evidenza Meccanico Automatico L2672<\/strong>, con cassa tonneau mm. 33&#215;38 ricoperta da vetro in Zaffiro. Sia Cassa che Cinturino sono realizzati in Acciaio Inox. L&#8217;orologio resiste all&#8217;acqua fino a 3 Bar (30 Metri).<\/p>\n<p>Questo <strong>orologio da uomo Longines<\/strong>, classico ed elegante che monta un movimento Automatico Swiss Made. Prodotto disponibile:<\/p>\n<ul>\n<li><strong>Modello L26724736 : cassa e cinturino Acciaio &#8211; quadrante Bianco.<\/strong><\/li>\n<\/ul>\n<p><strong>Collezione uomo Longines Evidenza<\/strong>, classico dalle forme vintage ma senza et\u00e0. Un modello intramontabile grazie alla forma della sua cassa e alla preziosit\u00e0 dei materiali con cui \u00e8 realizzato.<\/p>\n","protected":false},"excerpt":{"rendered":"<p>Orologio uomo LONGINES Collezione Evidenza Meccanico Automatico L2672, cassa mm.33&#215;38 e cinturino Acciaio, quadrante Bianco, W.R. 3 Bar<\/p>\n","protected":false},"featured_media":14663,"comment_status":"open","ping_status":"closed","template":"","meta":[],"product_brand":[11],"product_cat":[1994,2068,1992],"product_tag":[],"class_list":{"0":"post-5716","1":"product","2":"type-product","3":"status-publish","4":"has-post-thumbnail","6":"product_brand-longines-orologi-svizzera","7":"product_cat-orologi","8":"product_cat-longines","9":"product_cat-orologi-outlet","11":"first","12":"outofstock","13":"shipping-taxable","14":"purchasable","15":"product-type-simple"},"exclude_global_add_ons":[],"addons":[],"_links":{"self":[{"href":"https:\/\/www.rensiweb.com\/it\/wp-json\/wp\/v2\/product\/5716","targetHints":{"allow":["GET"]}}],"collection":[{"href":"https:\/\/www.rensiweb.com\/it\/wp-json\/wp\/v2\/product"}],"about":[{"href":"https:\/\/www.rensiweb.com\/it\/wp-json\/wp\/v2\/types\/product"}],"replies":[{"embeddable":true,"href":"https:\/\/www.rensiweb.com\/it\/wp-json\/wp\/v2\/comments?post=5716"}],"wp:featuredmedia":[{"embeddable":true,"href":"https:\/\/www.rensiweb.com\/it\/wp-json\/wp\/v2\/media\/14663"}],"wp:attachment":[{"href":"https:\/\/www.rensiweb.com\/it\/wp-json\/wp\/v2\/media?parent=5716"}],"wp:term":[{"taxonomy":"product_brand","embeddable":true,"href":"https:\/\/www.rensiweb.com\/it\/wp-json\/wp\/v2\/product_brand?post=5716"},{"taxonomy":"product_cat","embeddable":true,"href":"https:\/\/www.rensiweb.com\/it\/wp-json\/wp\/v2\/product_cat?post=5716"},{"taxonomy":"product_tag","embeddable":true,"href":"https:\/\/www.rensiweb.com\/it\/wp-json\/wp\/v2\/product_tag?post=5716"}],"curies":[{"name":"wp","href":"https:\/\/api.w.org\/{rel}","templated":true}]}}