{"id":5701,"date":"2021-07-30T07:22:31","date_gmt":"2021-07-30T05:22:31","guid":{"rendered":"https:\/\/www.rensiweb.com\/orologio-donna-longines-collezione-conquest-heritage-solo-tempo-automatico-cassa-mm-35-acciaio-e-cinturino-cuoio-quadrante-nero\/"},"modified":"2026-05-15T14:58:07","modified_gmt":"2026-05-15T12:58:07","slug":"orologio-donna-longines-collezione-7","status":"publish","type":"product","link":"https:\/\/www.rensiweb.com\/it\/orologio-donna-longines-collezione-7.html","title":{"rendered":"Orologio unisex LONGINES Conquest Heritage Meccanico Automatico L1611 &#8211; solo Tempo &#82..."},"content":{"rendered":"<p><strong>Orologio unisex LONGINES Conquest Heritage Meccanico Automatico L1611<\/strong>, con cassa di diametro mm.35 in Acciaio ricoperta da vetro Esalite. Il cinturino \u00e8 proposto in Cuoio di diverse colorazioni<\/p>\n<p>Il movimento meccanico a carica Automatica con riserva di carica fino a 38 ore. Resistente all&#8217;acqua fino a 3 Bar (30 Metri).<\/p>\n<p>Questo <strong>orologio unisex Longines<\/strong>, classico ma deciso grazie alla sua struttura solida e robusta. Le lancette e gli indici dorati donano sono una particolarit\u00e0 un p\u00f2 retr\u00f3, ma che conquista al primo sguardo.<\/p>\n<p>Prodotto disponibile nelle seguenti varianti:<\/p>\n<ul>\n<li><strong>Modello L16114522 : cassa Acciaio e\u00a0cinturino Cuoio Nero &#8211; quadrante Nero.<\/strong><\/li>\n<li><strong>Modello L16114752 :\u00a0cassa Acciaio e\u00a0cinturino Cuoio Nero &#8211; quadrante Silver.<\/strong><\/li>\n<\/ul>\n<p><strong>Orologio unisex Longines Conquest Heritage<\/strong>, combina l&#8217;estetica dei modelli pi\u00f9 amati di sempre con una meccanica all&#8217;avanguardia. Classico ma casual si adatta alla vita di ogni donna diventando accessorio indispensabile.<\/p>\n","protected":false},"excerpt":{"rendered":"<p>Orologio unisex LONGINES Conquest Heritage Meccanico Automatico L1611, cassa mm.35 Acciaio e cinturino Cuoio, W. R. fino a 3 Bar<\/p>\n","protected":false},"featured_media":14630,"comment_status":"open","ping_status":"closed","template":"","meta":[],"product_brand":[11],"product_cat":[1994,2068],"product_tag":[],"class_list":{"0":"post-5701","1":"product","2":"type-product","3":"status-publish","4":"has-post-thumbnail","6":"product_brand-longines-orologi-svizzera","7":"product_cat-orologi","8":"product_cat-longines","10":"first","11":"outofstock","12":"shipping-taxable","13":"purchasable","14":"product-type-variable"},"exclude_global_add_ons":[],"addons":[],"_links":{"self":[{"href":"https:\/\/www.rensiweb.com\/it\/wp-json\/wp\/v2\/product\/5701","targetHints":{"allow":["GET"]}}],"collection":[{"href":"https:\/\/www.rensiweb.com\/it\/wp-json\/wp\/v2\/product"}],"about":[{"href":"https:\/\/www.rensiweb.com\/it\/wp-json\/wp\/v2\/types\/product"}],"replies":[{"embeddable":true,"href":"https:\/\/www.rensiweb.com\/it\/wp-json\/wp\/v2\/comments?post=5701"}],"wp:featuredmedia":[{"embeddable":true,"href":"https:\/\/www.rensiweb.com\/it\/wp-json\/wp\/v2\/media\/14630"}],"wp:attachment":[{"href":"https:\/\/www.rensiweb.com\/it\/wp-json\/wp\/v2\/media?parent=5701"}],"wp:term":[{"taxonomy":"product_brand","embeddable":true,"href":"https:\/\/www.rensiweb.com\/it\/wp-json\/wp\/v2\/product_brand?post=5701"},{"taxonomy":"product_cat","embeddable":true,"href":"https:\/\/www.rensiweb.com\/it\/wp-json\/wp\/v2\/product_cat?post=5701"},{"taxonomy":"product_tag","embeddable":true,"href":"https:\/\/www.rensiweb.com\/it\/wp-json\/wp\/v2\/product_tag?post=5701"}],"curies":[{"name":"wp","href":"https:\/\/api.w.org\/{rel}","templated":true}]}}