{"id":5553,"date":"2021-06-26T14:33:19","date_gmt":"2021-06-26T12:33:19","guid":{"rendered":"https:\/\/www.rensiweb.com\/orecchini-donna-fope-collezione-vendome-in-oro-bianco-18-kt-con-inserto-con-diamanti\/"},"modified":"2026-04-16T20:51:51","modified_gmt":"2026-04-16T18:51:51","slug":"orecchini-donna-fope-collezione-vendome-in-oro-bianco-18-kt-con-inserto-con-diamanti","status":"publish","type":"product","link":"https:\/\/www.rensiweb.com\/it\/orecchini-donna-fope-collezione-vendome-in-oro-bianco-18-kt-con-inserto-con-diamanti.html","title":{"rendered":"Orecchini donna FOPE collezione Vendome  in Oro Bianco 18 kt. con inserto con Diamanti..."},"content":{"rendered":"<p><strong>Orecchini donna FOPE Collezione Vendome in oro 750\/000 (18 kt. ) con inserto in oro bianco con diamanti di carati totali ct.0.20<\/strong><\/p>\n<p><strong>FOPE<\/strong>\u00a0\u00e8 un&#8217;azienda orafa italiana,<strong> un marchio Internazionale di gioielleria<\/strong>, una tradizione in continua evoluzione, oggi<strong> Fope<\/strong> spedisce i suoi preziosi gioielli<strong> in oltre 55 paesi,<\/strong> un vero e proprio ambasciatore del <strong>Made in Italy<\/strong> nel modo.<\/p>\n<p>La\u00a0<strong>Collezione Vendome,<\/strong> \u00e8 una collezione ricca di gioielli, bracciali, collane, orecchini, anelli da abbinare e mischiare tra di loro. Tutti i gioielli della <strong>Collezione Vendome<\/strong> sono caratterizzati da un&#8217;eleganza sobria. La <strong>Collezione<\/strong> prende il nome dell&#8217;affascinante <strong>piazza Vendome una delle piazze pi\u00f9 famose di Parigi <\/strong>che rappresenta il lusso per eccellenza. Per la realizzazione della <strong>Collezione Vendome\u00a0\u00a0<\/strong>gli artigiani orafi, abili professionisti prendono come ispirazione le rotondit\u00e0 tipiche della maglia Novecento e vanno a reinterpretarla in modo pi\u00f9 definito ed esigente rendendola quasi piatta, morbida, elegante e confortevole. Per un aggiunta extra di preziosit\u00e0 nella realizzazione dei gioielli vengono usate pietre naturali come diamanti, zaffiri, rubini, attentamente selezionate.<\/p>\n<p>Questi bellissimi orecchini <strong>Fope<\/strong> fanno parte della <strong>Collezione Vendome <\/strong>sono realizzati in oro 18 kt. la maglia piatta si arricchisce di un prezioso inserto di diamanti a forma di barretta, che valorizza tutto il gioiello donando luce e brillantezza. Le dimensioni di questi orecchini sono contenute, la larghezza della maglia misura un spessore di 4.5mm , un&#8217;altezza di 13.5mm, sono a di forma mezzo cerchio provvisti con la comodissima chiusura perno e clip.<\/p>\n<p><strong>Disponibili nelle varianti Oro giallo, Oro bianco e Oro rose, l&#8217;inserto in oro con diamanti viene realizzato per tutte le versioni in oro bianco per esaltare la luminosit\u00e0 e brillantezza dei diamanti.<\/strong><\/p>\n<ul>\n<li><strong>\u00a0Modello\u00a0OR560-BBR-WG : Orecchini donna Fope Collezione Vendome in oro bianco 18 kt. e diamanti ct. 0.20<\/strong><\/li>\n<li><strong>\u00a0Modello\u00a0OR560-BBR-YG : Orecchini donna Fope Collezione Vendome in oro giallo 18 kt. e diamanti ct. 0.20<\/strong><\/li>\n<li><strong>\u00a0Modello\u00a0OR560-BBR-RG : Orecchini donna Fope Collezione Vendome in oro rose 18 kt. e diamanti ct. 0.20<\/strong><\/li>\n<\/ul>\n<p>&nbsp;<\/p>\n<p>&nbsp;<\/p>\n","protected":false},"excerpt":{"rendered":"<p>Orecchini donna FOPE Collezione Vendome in oro 750\/000(18 kt. ) con inserto in oro bianco con diamanti di carati totali ct.0.20.<br \/>\nDisponibile in nelle varianti: oro bianco, giallo e rose.<\/p>\n","protected":false},"featured_media":28627,"comment_status":"open","ping_status":"closed","template":"","meta":[],"product_brand":[9],"product_cat":[1998,2058],"product_tag":[],"class_list":{"0":"post-5553","1":"product","2":"type-product","3":"status-publish","4":"has-post-thumbnail","6":"product_brand-fope-gioielli-italia","7":"product_cat-gioielli","8":"product_cat-fope","10":"first","11":"instock","12":"shipping-taxable","13":"purchasable","14":"product-type-variable"},"exclude_global_add_ons":[],"addons":[],"_links":{"self":[{"href":"https:\/\/www.rensiweb.com\/it\/wp-json\/wp\/v2\/product\/5553","targetHints":{"allow":["GET"]}}],"collection":[{"href":"https:\/\/www.rensiweb.com\/it\/wp-json\/wp\/v2\/product"}],"about":[{"href":"https:\/\/www.rensiweb.com\/it\/wp-json\/wp\/v2\/types\/product"}],"replies":[{"embeddable":true,"href":"https:\/\/www.rensiweb.com\/it\/wp-json\/wp\/v2\/comments?post=5553"}],"wp:featuredmedia":[{"embeddable":true,"href":"https:\/\/www.rensiweb.com\/it\/wp-json\/wp\/v2\/media\/28627"}],"wp:attachment":[{"href":"https:\/\/www.rensiweb.com\/it\/wp-json\/wp\/v2\/media?parent=5553"}],"wp:term":[{"taxonomy":"product_brand","embeddable":true,"href":"https:\/\/www.rensiweb.com\/it\/wp-json\/wp\/v2\/product_brand?post=5553"},{"taxonomy":"product_cat","embeddable":true,"href":"https:\/\/www.rensiweb.com\/it\/wp-json\/wp\/v2\/product_cat?post=5553"},{"taxonomy":"product_tag","embeddable":true,"href":"https:\/\/www.rensiweb.com\/it\/wp-json\/wp\/v2\/product_tag?post=5553"}],"curies":[{"name":"wp","href":"https:\/\/api.w.org\/{rel}","templated":true}]}}