{"id":5546,"date":"2021-06-19T17:31:10","date_gmt":"2021-06-19T15:31:10","guid":{"rendered":"https:\/\/www.rensiweb.com\/anello-donna-fope-collezione-prima-flexit-in-oro-bianco-18-kt-con-1-inserto-con-diamanti\/"},"modified":"2026-04-07T20:51:52","modified_gmt":"2026-04-07T18:51:52","slug":"anello-donna-fope-collezione-prima-flexit-in-oro-bianco-18-kt-con-1-inserto-con-diamanti","status":"publish","type":"product","link":"https:\/\/www.rensiweb.com\/it\/anello-donna-fope-collezione-prima-flexit-in-oro-bianco-18-kt-con-1-inserto-con-diamanti.html","title":{"rendered":"Anello donna FOPE Collezione Prima FlexIt in oro bianco 18 kt. con 1 inserto con diamanti..."},"content":{"rendered":"<p>Anello donna <strong>FOPE Collezione Prima Flex-it\u00a0<\/strong>in oro 750\/000 (18 kt) con 1 inserto in oro bianco con diamanti di carati ct.0.18<\/p>\n<p>Il famoso brand<strong> Fope<\/strong> opera nel mercato della gioielleria dal 1929. Ha realizzato nel corso degli anni molteplici Collezioni. Tra le collezioni che hanno scritto la sua storia e assegnato un successo Internazionale a Fope si conta anche la <strong>Collezione Prima<\/strong>. Dal design essenziale e delicato inconfondibilmente Fope, questa Collezione presenta gioielli dalle linee morbide e incredibilmente resistente impreziositi con rondelle ellittiche oppure dettagli preziosi in oro bianco tempestati di diamanti.<\/p>\n<p>Il successo della<strong> Collezione Prima<\/strong> \u00e8 dovuto in particolare a due fattori: lo stile e la tecnologia utilizzata per realizzare i gioielli. Il sistema <strong>Flex -it<\/strong> \u00e8 un sistema esclusivo Fope. All&#8217; interno dei componenti della maglia ci sono delle micro molle che conferiscono elasticit\u00e0 e morbidezza alla maglia rendendo i gioielli Fope unici al mondo per questa metodologia innovativa.<\/p>\n<p>Questo anello della <strong>Collezione Prima<\/strong> con la sua raffinatezza ed eleganza conquista il cuore delle donne. La sua maglia elastica e morbida dal design facilmente riconoscibile avvolge il dito in maniera dolce. La comodit\u00e0 e la praticit\u00e0 sono le caratteristiche vincenti di questo modello. Per aggiungere un extra di preziosit\u00e0 e brillantezza l&#8217;anello presenta un inserto in oro e diamanti naturali attentamente selezionati. La sezione della maglia \u00e8 rotonda e il suo spessore misura circa 3.4 mm. La misura <strong>M<\/strong>\u00a0 \u00e8 adatta per una misura del dito che varia dal 14 al 17 circa, la maglia estensibile veste pi\u00f9 taglie e regala un nuovo concetto di portabilit\u00e0 al lusso <strong>Made in Italy.\u00a0<\/strong><\/p>\n<ul>\n<li><strong>Modello 74508AX_BB_B_XBX_00M: Anello donna Fope Collezione Prima in oro bianco 750\/000 (18 kt.) e diamanti caratura totale ct.0,18.<\/strong><\/li>\n<li><strong>Modello 74508AX_BB_G_XBX_00M: Anello donna Fope Collezione Prima in oro giallo 750\/000 (18 kt.) e diamanti caratura totale ct.0,18.<\/strong><\/li>\n<li><strong>Modello 74508AX_BB_R_XBX_00M: Anello donna Fope Collezione Prima in oro rose 750\/000 (18 kt.) e diamanti caratura totale ct.0,18.<\/strong><\/li>\n<\/ul>\n<p>&nbsp;<\/p>\n<p>&nbsp;<\/p>\n<p>&nbsp;<\/p>\n","protected":false},"excerpt":{"rendered":"<p>Anello donna FOPE Collezione Prima Flessibile in oro bianco 750\/000 (18 kt ) con 1 inserto in oro bianco con diamanti carati totali ct.0.18<br \/>\nDisponibile in oro bianco, giallo e rosa, il prezzo varia in base alla misura scelta. <strong>Misura M<\/strong><\/p>\n","protected":false},"featured_media":14329,"comment_status":"open","ping_status":"closed","template":"","meta":[],"product_brand":[9],"product_cat":[1998,2058],"product_tag":[],"class_list":{"0":"post-5546","1":"product","2":"type-product","3":"status-publish","4":"has-post-thumbnail","6":"product_brand-fope-gioielli-italia","7":"product_cat-gioielli","8":"product_cat-fope","10":"first","11":"instock","12":"shipping-taxable","13":"purchasable","14":"product-type-variable"},"exclude_global_add_ons":[],"addons":[],"_links":{"self":[{"href":"https:\/\/www.rensiweb.com\/it\/wp-json\/wp\/v2\/product\/5546","targetHints":{"allow":["GET"]}}],"collection":[{"href":"https:\/\/www.rensiweb.com\/it\/wp-json\/wp\/v2\/product"}],"about":[{"href":"https:\/\/www.rensiweb.com\/it\/wp-json\/wp\/v2\/types\/product"}],"replies":[{"embeddable":true,"href":"https:\/\/www.rensiweb.com\/it\/wp-json\/wp\/v2\/comments?post=5546"}],"wp:featuredmedia":[{"embeddable":true,"href":"https:\/\/www.rensiweb.com\/it\/wp-json\/wp\/v2\/media\/14329"}],"wp:attachment":[{"href":"https:\/\/www.rensiweb.com\/it\/wp-json\/wp\/v2\/media?parent=5546"}],"wp:term":[{"taxonomy":"product_brand","embeddable":true,"href":"https:\/\/www.rensiweb.com\/it\/wp-json\/wp\/v2\/product_brand?post=5546"},{"taxonomy":"product_cat","embeddable":true,"href":"https:\/\/www.rensiweb.com\/it\/wp-json\/wp\/v2\/product_cat?post=5546"},{"taxonomy":"product_tag","embeddable":true,"href":"https:\/\/www.rensiweb.com\/it\/wp-json\/wp\/v2\/product_tag?post=5546"}],"curies":[{"name":"wp","href":"https:\/\/api.w.org\/{rel}","templated":true}]}}