{"id":5535,"date":"2021-06-19T09:34:13","date_gmt":"2021-06-19T07:34:13","guid":{"rendered":"https:\/\/www.rensiweb.com\/anello-donna-fope-collezione-panorama-flex-it-oro-bianco-18-kt-3-inserti-con-diamanti\/"},"modified":"2026-04-17T11:21:58","modified_gmt":"2026-04-17T09:21:58","slug":"anello-donna-fope-collezione-panorama-flex-it-oro-bianco-18-kt-3-inserti-con-diamanti","status":"publish","type":"product","link":"https:\/\/www.rensiweb.com\/it\/anello-donna-fope-collezione-panorama-flex-it-oro-bianco-18-kt-3-inserti-con-diamanti.html","title":{"rendered":"Anello donna FOPE collezione Panorama Flex-it &#8211; Oro Bianco 18 Kt. &#8211; 3 inserti con..."},"content":{"rendered":"<p><strong>Anello donna FOPE Collezione Panorama Flex-it in oro bianco 18 kt. con 3 inserti in oro bianco con diamanti carati totali ct.0.23<\/strong><\/p>\n<p><strong>FOPE<\/strong>\u00a0\u00e8 un&#8217;azienda orafa italiana,<strong> un marchio Internazionale di gioielleria<\/strong>, una tradizione in continua evoluzione, oggi<strong> Fope<\/strong> spedisce i suoi preziosi gioielli in oltre 55 paesi, un vero e proprio ambasciatore del <strong>Made in Italy<\/strong> nel modo.<\/p>\n<p>Nei laboratori vicentini del brand Fope, dalle mani abili dei maestri orafi artigiani\u00a0<strong>nasce nel 2020 la Collezione Panorama<\/strong> sotto il simbolo di lusso che da sempre contraddistingue il brand. Il design di questa collezione \u00e8 una variante dell&#8217;iconica maglia Novecento ma pi\u00f9 larga, quasi piatta con inserti a forma di barrette in oro con pav\u00e9 di diamanti presenti in numero variabile e con differenti carature per un aggiunta di preziosit\u00e0 e irresistibile bellezza.<\/p>\n<p>Gli anelli della <strong>Collezione Panorama<\/strong> sono disponibili unicamente nell\u2019originale versione <strong>Flex\u2019it un sistema esclusivo Fope<\/strong>, un capolavoro di oreficeria e di ingegneria che da vita a gioielli con maglia flessibile basata su una metodologia brevettata di piccole molle all&#8217;interno dei componenti della maglia si tratta quindi non soltanto di gioielli eleganti e confortevoli, ma anche di bellissimi oggetti innovati e originali, unici nel loro genere.<\/p>\n<p>Questo meraviglioso anello \u00e8 disponibile nelle versioni : <strong>Oro bianco, Oro Giallo. Oro ros\u00e9.<\/strong> La maglia morbida piacevole da indossare con volumi ampi di circa 10 mm. ma con uno spessore molto contenuto di circa 3.5 mm presenta tre barrette in oro con pav\u00e9 di diamanti bianchi naturali che arricchiscono la maglia la loro forma ricorda gli elementi di una ruota panoramica da dove deriva anche il nome stesso della collezione. Dato che la maglia di questo anello \u00e8 flessibile la misura M copre pi\u00f9 numeri circa dal 12 al 16.<\/p>\n<ul>\n<li><strong>Modello\u00a0 58704AX_PB_R_BBB_00M:\u00a0 Anello donna Fope Collezione Panorama FLEX-IT con maglia estensibile in oro ros\u00e8 18 kt. e diamanti ct.0.23\u00a0<\/strong><\/li>\n<li><strong>Modello\u00a0 58704AX_PB_B_BBB_00M: Anello donna Fope Collezione Panorama FLEX-IT con maglia estensibile in oro bianco 18 kt. e diamanti ct.0.23\u00a0<\/strong><\/li>\n<li><strong>Modello\u00a0 58704AX_PB_G_BBB_00M:\u00a0 Anello donna Fope Collezione Panorama FLEX-IT con maglia estensibile in oro giallo 18 kt. e diamanti ct.0.23\u00a0<\/strong><\/li>\n<\/ul>\n<p><strong> Un gioiello di grand classe, la soluzione perfetta per un regalo senza tempo dove lo stile e l&#8217;eleganza si fondono in una cosa unica.<\/strong><\/p>\n<p><strong>\u00a0<\/strong><\/p>\n<p>&nbsp;<\/p>\n<p>&nbsp;<\/p>\n","protected":false},"excerpt":{"rendered":"<p>Anello donna FOPE Collezione Panorama Flessibile in oro 750\/000 (18 kt. ) con 3 inserti in oro bianco con pave diamanti di carati totali ct.0.23<br \/>\nDisponibile in oro bianco, giallo e rosa, il prezzo varia in base alla misura scelta. <strong>Misura M<\/strong>.<\/p>\n","protected":false},"featured_media":14291,"comment_status":"open","ping_status":"closed","template":"","meta":[],"product_brand":[9],"product_cat":[1998,2058],"product_tag":[],"class_list":{"0":"post-5535","1":"product","2":"type-product","3":"status-publish","4":"has-post-thumbnail","6":"product_brand-fope-gioielli-italia","7":"product_cat-gioielli","8":"product_cat-fope","10":"first","11":"instock","12":"shipping-taxable","13":"purchasable","14":"product-type-variable"},"exclude_global_add_ons":[],"addons":[],"_links":{"self":[{"href":"https:\/\/www.rensiweb.com\/it\/wp-json\/wp\/v2\/product\/5535","targetHints":{"allow":["GET"]}}],"collection":[{"href":"https:\/\/www.rensiweb.com\/it\/wp-json\/wp\/v2\/product"}],"about":[{"href":"https:\/\/www.rensiweb.com\/it\/wp-json\/wp\/v2\/types\/product"}],"replies":[{"embeddable":true,"href":"https:\/\/www.rensiweb.com\/it\/wp-json\/wp\/v2\/comments?post=5535"}],"wp:featuredmedia":[{"embeddable":true,"href":"https:\/\/www.rensiweb.com\/it\/wp-json\/wp\/v2\/media\/14291"}],"wp:attachment":[{"href":"https:\/\/www.rensiweb.com\/it\/wp-json\/wp\/v2\/media?parent=5535"}],"wp:term":[{"taxonomy":"product_brand","embeddable":true,"href":"https:\/\/www.rensiweb.com\/it\/wp-json\/wp\/v2\/product_brand?post=5535"},{"taxonomy":"product_cat","embeddable":true,"href":"https:\/\/www.rensiweb.com\/it\/wp-json\/wp\/v2\/product_cat?post=5535"},{"taxonomy":"product_tag","embeddable":true,"href":"https:\/\/www.rensiweb.com\/it\/wp-json\/wp\/v2\/product_tag?post=5535"}],"curies":[{"name":"wp","href":"https:\/\/api.w.org\/{rel}","templated":true}]}}