{"id":5534,"date":"2021-06-19T09:30:03","date_gmt":"2021-06-19T07:30:03","guid":{"rendered":"https:\/\/www.rensiweb.com\/orologio-donna-baume-mercier-baume-movimento-al-quarzo-35-mm-cassa-acciaio-e-cinturino-tela-quadrante-bianco\/"},"modified":"2026-04-07T21:06:05","modified_gmt":"2026-04-07T19:06:05","slug":"orologio-donna-baume-mercier-baume","status":"publish","type":"product","link":"https:\/\/www.rensiweb.com\/it\/orologio-donna-baume-mercier-baume.html","title":{"rendered":"Orologio donna BAUME &amp; MERCIER Baume &#8211; movimento al Quarzo &#8211; 35 mm. &#8211; c..."},"content":{"rendered":"<p><strong>Orologio donna Baume &amp; Mercier,\u00a0<\/strong>collezione Baume con cassa di diametro 35mm. in acciaio e cinturino tela. Resistente all&#8217;acqua fino a 3 Bar.<\/p>\n<p>Questo orologio presenta un Movimento Swiss Made al quarzo. Viene proposto con cassa in acciaio e cinturino in lino. Il quadrante di colori diversi nelle diverse versioni, \u00e8 particolare perch\u00e8 \u00e8 ornato da un esclusivo disco con le fasi di luna.\u00a0<span style=\"background-color: inherit;color: inherit;font-family: inherit;font-size: 1rem\">Disponibile:<\/span><\/p>\n<ul>\n<li><strong>Modello M0A10639: cassa Acciaio e cinturino Lino &#8211; quadrante Bianco<\/strong><\/li>\n<li><strong>Modello M0A10638: cassa Acciaio e cinturino Lino &#8211; quadrante Blu<\/strong><\/li>\n<\/ul>\n<p>Baume and Mercier con questa collezione mira ad esprimere l&#8217;orologeria in modo diverso, con design minimalista e dettagli particolari. Segnatempo raffinato, di una misura contenuta, ideale per ogni occasione.<\/p>\n","protected":false},"excerpt":{"rendered":"<p>Orologio donna BAUME &amp; MERCIER collezione Baume, movimento al Quarzo, cassa diametro 35 mm., cassa Acciaio e cinturino Tela, W.R. 3 Bar<\/p>\n","protected":false},"featured_media":14282,"comment_status":"open","ping_status":"closed","template":"","meta":[],"product_brand":[10],"product_cat":[1994,2038],"product_tag":[],"class_list":{"0":"post-5534","1":"product","2":"type-product","3":"status-publish","4":"has-post-thumbnail","6":"product_brand-baume-e-mercier-orologi-svizzera","7":"product_cat-orologi","8":"product_cat-baume-mercier","10":"first","11":"outofstock","12":"shipping-taxable","13":"purchasable","14":"product-type-variable"},"exclude_global_add_ons":[],"addons":[],"_links":{"self":[{"href":"https:\/\/www.rensiweb.com\/it\/wp-json\/wp\/v2\/product\/5534","targetHints":{"allow":["GET"]}}],"collection":[{"href":"https:\/\/www.rensiweb.com\/it\/wp-json\/wp\/v2\/product"}],"about":[{"href":"https:\/\/www.rensiweb.com\/it\/wp-json\/wp\/v2\/types\/product"}],"replies":[{"embeddable":true,"href":"https:\/\/www.rensiweb.com\/it\/wp-json\/wp\/v2\/comments?post=5534"}],"wp:featuredmedia":[{"embeddable":true,"href":"https:\/\/www.rensiweb.com\/it\/wp-json\/wp\/v2\/media\/14282"}],"wp:attachment":[{"href":"https:\/\/www.rensiweb.com\/it\/wp-json\/wp\/v2\/media?parent=5534"}],"wp:term":[{"taxonomy":"product_brand","embeddable":true,"href":"https:\/\/www.rensiweb.com\/it\/wp-json\/wp\/v2\/product_brand?post=5534"},{"taxonomy":"product_cat","embeddable":true,"href":"https:\/\/www.rensiweb.com\/it\/wp-json\/wp\/v2\/product_cat?post=5534"},{"taxonomy":"product_tag","embeddable":true,"href":"https:\/\/www.rensiweb.com\/it\/wp-json\/wp\/v2\/product_tag?post=5534"}],"curies":[{"name":"wp","href":"https:\/\/api.w.org\/{rel}","templated":true}]}}