{"id":5531,"date":"2021-06-19T07:16:19","date_gmt":"2021-06-19T05:16:19","guid":{"rendered":"https:\/\/www.rensiweb.com\/orologio-uomo-baume-mercier-hampton-movimento-al-quarzo-426x292-mm-cassa-acciaio-e-cinturino-cuoio-quadrante-bianco\/"},"modified":"2026-05-07T11:33:27","modified_gmt":"2026-05-07T09:33:27","slug":"orologio-uomo-baume-mercier-hampton-4","status":"publish","type":"product","link":"https:\/\/www.rensiweb.com\/it\/orologio-uomo-baume-mercier-hampton-4.html","title":{"rendered":"Orologio uomo BAUME &amp; MERCIER Hampton &#8211; movimento al Quarzo &#8211; 42,6&#215;29,2 ..."},"content":{"rendered":"<p><strong>Orologio uomo Baume &amp; Mercier,\u00a0<\/strong>collezione Hampton con cassa rettangolare 42,6&#215;29,2mm. in Acciaio e cinturino in Cuoio. Resistente all&#8217;acqua fino a 5 Bar.<\/p>\n<p>Questo orologio presenta un Movimento Swiss Made al Quarzo. Classico e urbano, un segnatempo intramontabile per un uomo. Il quadrante bianco \u00e8 ricoperto di vetro zaffiro per garantire resistenza e qualit\u00e0 ed \u00e8 circondato da una cassa in metallo e un cinturino d cuoio pregiato. Disponibile:<\/p>\n<ul>\n<li><strong>Modello M0A10153: cassa Acciaio e cinturino Cuoio &#8211; quadrante Bianco<\/strong><\/li>\n<\/ul>\n<p>Baume and Mercier con questa collezione propone linee slanciate che richiamano i design classici. Segnatempo moderno e raffinato, per un uomo che cerca il giusto accessorio per completare ogni sua giornata.<\/p>\n","protected":false},"excerpt":{"rendered":"<p>Orologio uomo BAUME &amp; MERCIER collezione Hampton, movimento al Quarzo, 42,6&#215;29,2 mm., cassa Acciaio e cinturino Cuoio, quadrante Bianco<\/p>\n","protected":false},"featured_media":14276,"comment_status":"open","ping_status":"closed","template":"","meta":[],"product_brand":[10],"product_cat":[1994,2038],"product_tag":[],"class_list":{"0":"post-5531","1":"product","2":"type-product","3":"status-publish","4":"has-post-thumbnail","6":"product_brand-baume-e-mercier-orologi-svizzera","7":"product_cat-orologi","8":"product_cat-baume-mercier","10":"first","11":"instock","12":"sale","13":"shipping-taxable","14":"purchasable","15":"product-type-simple"},"exclude_global_add_ons":[],"addons":[],"_links":{"self":[{"href":"https:\/\/www.rensiweb.com\/it\/wp-json\/wp\/v2\/product\/5531","targetHints":{"allow":["GET"]}}],"collection":[{"href":"https:\/\/www.rensiweb.com\/it\/wp-json\/wp\/v2\/product"}],"about":[{"href":"https:\/\/www.rensiweb.com\/it\/wp-json\/wp\/v2\/types\/product"}],"replies":[{"embeddable":true,"href":"https:\/\/www.rensiweb.com\/it\/wp-json\/wp\/v2\/comments?post=5531"}],"wp:featuredmedia":[{"embeddable":true,"href":"https:\/\/www.rensiweb.com\/it\/wp-json\/wp\/v2\/media\/14276"}],"wp:attachment":[{"href":"https:\/\/www.rensiweb.com\/it\/wp-json\/wp\/v2\/media?parent=5531"}],"wp:term":[{"taxonomy":"product_brand","embeddable":true,"href":"https:\/\/www.rensiweb.com\/it\/wp-json\/wp\/v2\/product_brand?post=5531"},{"taxonomy":"product_cat","embeddable":true,"href":"https:\/\/www.rensiweb.com\/it\/wp-json\/wp\/v2\/product_cat?post=5531"},{"taxonomy":"product_tag","embeddable":true,"href":"https:\/\/www.rensiweb.com\/it\/wp-json\/wp\/v2\/product_tag?post=5531"}],"curies":[{"name":"wp","href":"https:\/\/api.w.org\/{rel}","templated":true}]}}