{"id":5511,"date":"2021-06-16T15:07:33","date_gmt":"2021-06-16T13:07:33","guid":{"rendered":"https:\/\/www.rensiweb.com\/orologio-donna-baume-mercier-hampton-movimento-al-quarzo-35x22-mm-cassa-acciaio-e-cinturino-cuoio-quadrante-madreperla\/"},"modified":"2024-08-21T11:04:25","modified_gmt":"2024-08-21T09:04:25","slug":"orologio-donna-baume-mercier-hampton-4","status":"publish","type":"product","link":"https:\/\/www.rensiweb.com\/it\/orologio-donna-baume-mercier-hampton-4.html","title":{"rendered":"Orologio donna BAUME &amp; MERCIER Hampton &#8211; movimento al Quarzo &#8211; 35&#215;22 mm...."},"content":{"rendered":"<p><strong>Orologio donna Baume &amp; Mercier,\u00a0<\/strong>collezione Hampton con cassa rettangolare 35x22mm. in Acciaio e cinturino in Cuoio. Resistente all&#8217;acqua fino a 5 Bar.<\/p>\n<p>Questo orologio presenta un Movimento Swiss Made al Quarzo. Segnatempo classico da sempre amato dalle donne grazie ai suoi colori tenui. I materiali scelti dalla casa svizzera, come il vetro in zaffiro e il cuoio del cinturino, ancora una volta sono di altissima qualit\u00e0. Il quadrante in madreperla e i suoi quattro diamantini in taglio brillante, costituiscono una particolarit\u00e0 di questo accessorio che lo rende ancora pi\u00f9 prezioso.<\/p>\n<p>Disponibile:<\/p>\n<ul>\n<li><strong>Modello M0A10562: cassa Acciaio e cinturino Cuoio &#8211; quadrante Madreperla<\/strong><\/li>\n<\/ul>\n<p>Baume and Mercier con questa collezione propone linee slanciate che richiamano i design classici. Questo segnatempo dalla cassa sottile e femminile \u00e8 destinato a chi ama la raffinatezza.<\/p>\n","protected":false},"excerpt":{"rendered":"<p>Orologio donna BAUME &amp; MERCIER collezione Hampton, movimento al Quarzo, 35&#215;22 mm., cassa Acciaio e cinturino Cuoio, quadrante Madreperla<\/p>\n","protected":false},"featured_media":14219,"comment_status":"open","ping_status":"closed","template":"","meta":[],"product_brand":[10],"product_cat":[1994,2038],"product_tag":[],"class_list":{"0":"post-5511","1":"product","2":"type-product","3":"status-publish","4":"has-post-thumbnail","6":"product_brand-baume-e-mercier-orologi-svizzera","7":"product_cat-orologi","8":"product_cat-baume-mercier","10":"first","11":"outofstock","12":"sale","13":"shipping-taxable","14":"purchasable","15":"product-type-simple"},"exclude_global_add_ons":[],"addons":[],"_links":{"self":[{"href":"https:\/\/www.rensiweb.com\/it\/wp-json\/wp\/v2\/product\/5511","targetHints":{"allow":["GET"]}}],"collection":[{"href":"https:\/\/www.rensiweb.com\/it\/wp-json\/wp\/v2\/product"}],"about":[{"href":"https:\/\/www.rensiweb.com\/it\/wp-json\/wp\/v2\/types\/product"}],"replies":[{"embeddable":true,"href":"https:\/\/www.rensiweb.com\/it\/wp-json\/wp\/v2\/comments?post=5511"}],"wp:featuredmedia":[{"embeddable":true,"href":"https:\/\/www.rensiweb.com\/it\/wp-json\/wp\/v2\/media\/14219"}],"wp:attachment":[{"href":"https:\/\/www.rensiweb.com\/it\/wp-json\/wp\/v2\/media?parent=5511"}],"wp:term":[{"taxonomy":"product_brand","embeddable":true,"href":"https:\/\/www.rensiweb.com\/it\/wp-json\/wp\/v2\/product_brand?post=5511"},{"taxonomy":"product_cat","embeddable":true,"href":"https:\/\/www.rensiweb.com\/it\/wp-json\/wp\/v2\/product_cat?post=5511"},{"taxonomy":"product_tag","embeddable":true,"href":"https:\/\/www.rensiweb.com\/it\/wp-json\/wp\/v2\/product_tag?post=5511"}],"curies":[{"name":"wp","href":"https:\/\/api.w.org\/{rel}","templated":true}]}}