{"id":5510,"date":"2021-06-16T14:34:28","date_gmt":"2021-06-16T12:34:28","guid":{"rendered":"https:\/\/www.rensiweb.com\/orologio-donna-baume-mercier-hampton-movimento-al-quarzo-35x22-mm-cassa-oro-rose-18-kt-e-cinturino-cuoio-quadrante-silver\/"},"modified":"2024-08-21T11:04:50","modified_gmt":"2024-08-21T09:04:50","slug":"orologio-donna-baume-mercier-hampton-5","status":"publish","type":"product","link":"https:\/\/www.rensiweb.com\/it\/orologio-donna-baume-mercier-hampton-5.html","title":{"rendered":"Orologio donna BAUME &amp; MERCIER Hampton &#8211; movimento al Quarzo &#8211; 35&#215;22 mm...."},"content":{"rendered":"<p><strong>Orologio donna Baume &amp; Mercier,\u00a0<\/strong>collezione Hampton con cassa rettangolare 35x22mm. in Titanio e Oro Rosa e cinturino in Cuoio. Resistente all&#8217;acqua fino a 5 Bar.<\/p>\n<p>Questo orologio presenta un Movimento Swiss Made al Quarzo. Segnatempo insolito, connubio tra la forma originale della collezione e il colore verde vivo del suo cinturino. I materiali scelti dalla casa svizzera, come il vetro in zaffiro e il cuoio del cinturino, ancora una volta sono di altissima qualit\u00e0. Il dettaglio pi\u00f9 prezioso \u00e8 la cassa in Titanio e Oro Rosa, che conferisce un look ancora pi\u00f9 deciso a chi lo indossa.<\/p>\n<p>Disponibile:<\/p>\n<ul>\n<li><strong>Modello M0A10628: cassa Titanio e Oro Rosa e cinturino Cuoio &#8211; quadrante Silver<\/strong><\/li>\n<\/ul>\n<p>Baume and Mercier con questa collezione propone linee slanciate che richiamano i design classici. Questo segnatempo dalla cassa sottile e femminile, \u00e8 perfetto per una donna sicura di s\u00e8 che ricerca originalit\u00e0 ma allo stesso tempo classicit\u00e0 per i suoi accessori.<\/p>\n","protected":false},"excerpt":{"rendered":"<p>Orologio donna BAUME &amp; MERCIER Hampton, movimento al Quarzo, 35&#215;22 mm., cassa Oro Rose 18 Kt. con fondo cassa in Titanio, cinturino in Cuoio, quadrante Silver<\/p>\n","protected":false},"featured_media":14216,"comment_status":"open","ping_status":"closed","template":"","meta":[],"product_brand":[10],"product_cat":[1994,2038],"product_tag":[],"class_list":{"0":"post-5510","1":"product","2":"type-product","3":"status-publish","4":"has-post-thumbnail","6":"product_brand-baume-e-mercier-orologi-svizzera","7":"product_cat-orologi","8":"product_cat-baume-mercier","10":"first","11":"outofstock","12":"sale","13":"shipping-taxable","14":"purchasable","15":"product-type-simple"},"exclude_global_add_ons":[],"addons":[],"_links":{"self":[{"href":"https:\/\/www.rensiweb.com\/it\/wp-json\/wp\/v2\/product\/5510","targetHints":{"allow":["GET"]}}],"collection":[{"href":"https:\/\/www.rensiweb.com\/it\/wp-json\/wp\/v2\/product"}],"about":[{"href":"https:\/\/www.rensiweb.com\/it\/wp-json\/wp\/v2\/types\/product"}],"replies":[{"embeddable":true,"href":"https:\/\/www.rensiweb.com\/it\/wp-json\/wp\/v2\/comments?post=5510"}],"wp:featuredmedia":[{"embeddable":true,"href":"https:\/\/www.rensiweb.com\/it\/wp-json\/wp\/v2\/media\/14216"}],"wp:attachment":[{"href":"https:\/\/www.rensiweb.com\/it\/wp-json\/wp\/v2\/media?parent=5510"}],"wp:term":[{"taxonomy":"product_brand","embeddable":true,"href":"https:\/\/www.rensiweb.com\/it\/wp-json\/wp\/v2\/product_brand?post=5510"},{"taxonomy":"product_cat","embeddable":true,"href":"https:\/\/www.rensiweb.com\/it\/wp-json\/wp\/v2\/product_cat?post=5510"},{"taxonomy":"product_tag","embeddable":true,"href":"https:\/\/www.rensiweb.com\/it\/wp-json\/wp\/v2\/product_tag?post=5510"}],"curies":[{"name":"wp","href":"https:\/\/api.w.org\/{rel}","templated":true}]}}