{"id":5505,"date":"2021-06-16T08:15:37","date_gmt":"2021-06-16T06:15:37","guid":{"rendered":"https:\/\/www.rensiweb.com\/orologio-uomo-baume-mercier-classima-movimento-automatico-40-mm-cassa-e-cinturino-acciaio-quadrante-bianco\/"},"modified":"2026-04-07T21:03:53","modified_gmt":"2026-04-07T19:03:53","slug":"orologio-uomo-baume-mercier-classima-7","status":"publish","type":"product","link":"https:\/\/www.rensiweb.com\/it\/orologio-uomo-baume-mercier-classima-7.html","title":{"rendered":"Orologio uomo BAUME &amp; MERCIER Classima &#8211; movimento Automatico &#8211; 40 mm &#8211;..."},"content":{"rendered":"<p><strong>Orologio uomo Baume &amp; Mercier,\u00a0<\/strong>collezione Classima con cassa di diametro 40mm. e cinturino in Acciaio. Resistente all&#8217;acqua fino a 5 Bar.<\/p>\n<p>Questo orologio presenta un Movimento Swiss Made automatico a carica automatica. Semplice e versatile con il suo cinturino in acciaio e quadrante bianco, rappresenta un accessorio indispensabile per un uomo. La casa svizzera garantisce qualit\u00e0 e affidabilit\u00e0 grazie alla scelta dei materiali pi\u00f9 pregiati. Il quadrante infatti \u00e8 ricoperto di vetro in zaffiro.<\/p>\n<p>Disponibile:<\/p>\n<ul>\n<li><strong>Modello M0A10215: cassa e cinturino Acciaio &#8211; quadrante Bianco<\/strong><\/li>\n<li><strong>Modello M0A10217: cassa e cinturino Acciaio Bicolore &#8211; quadrante Bianco<\/strong><\/li>\n<\/ul>\n<p>Baume and Mercier con questa collezione ha deciso di dare un tocco di modernit\u00e0 ai suoi orologi. Questo modello \u00e8 dedicato ai professionisti ambiziosi. Il motivo a righe del quadrante lo rende un accessorio dal look ancora pi\u00f9 classico ma sempre attuale<\/p>\n","protected":false},"excerpt":{"rendered":"<p>Orologio uomo BAUME &amp; MERCIER collezione Classima, movimento Automatico, cassa diametro 40 mm., cassa e cinturino Acciaio, quadrante Bianco<\/p>\n","protected":false},"featured_media":14198,"comment_status":"open","ping_status":"closed","template":"","meta":[],"product_brand":[10],"product_cat":[1994,2038],"product_tag":[],"class_list":{"0":"post-5505","1":"product","2":"type-product","3":"status-publish","4":"has-post-thumbnail","6":"product_brand-baume-e-mercier-orologi-svizzera","7":"product_cat-orologi","8":"product_cat-baume-mercier","10":"first","11":"outofstock","12":"shipping-taxable","13":"purchasable","14":"product-type-variable"},"exclude_global_add_ons":[],"addons":[],"_links":{"self":[{"href":"https:\/\/www.rensiweb.com\/it\/wp-json\/wp\/v2\/product\/5505","targetHints":{"allow":["GET"]}}],"collection":[{"href":"https:\/\/www.rensiweb.com\/it\/wp-json\/wp\/v2\/product"}],"about":[{"href":"https:\/\/www.rensiweb.com\/it\/wp-json\/wp\/v2\/types\/product"}],"replies":[{"embeddable":true,"href":"https:\/\/www.rensiweb.com\/it\/wp-json\/wp\/v2\/comments?post=5505"}],"wp:featuredmedia":[{"embeddable":true,"href":"https:\/\/www.rensiweb.com\/it\/wp-json\/wp\/v2\/media\/14198"}],"wp:attachment":[{"href":"https:\/\/www.rensiweb.com\/it\/wp-json\/wp\/v2\/media?parent=5505"}],"wp:term":[{"taxonomy":"product_brand","embeddable":true,"href":"https:\/\/www.rensiweb.com\/it\/wp-json\/wp\/v2\/product_brand?post=5505"},{"taxonomy":"product_cat","embeddable":true,"href":"https:\/\/www.rensiweb.com\/it\/wp-json\/wp\/v2\/product_cat?post=5505"},{"taxonomy":"product_tag","embeddable":true,"href":"https:\/\/www.rensiweb.com\/it\/wp-json\/wp\/v2\/product_tag?post=5505"}],"curies":[{"name":"wp","href":"https:\/\/api.w.org\/{rel}","templated":true}]}}