{"id":5504,"date":"2021-06-15T09:13:52","date_gmt":"2021-06-15T07:13:52","guid":{"rendered":"https:\/\/www.rensiweb.com\/orologio-uomo-baume-mercier-classima-movimento-al-quarzo-40-mm-cassa-e-cinturino-acciaio-quadrante-blu\/"},"modified":"2026-04-30T11:33:41","modified_gmt":"2026-04-30T09:33:41","slug":"orologio-uomo-baume-mercier-classima-6","status":"publish","type":"product","link":"https:\/\/www.rensiweb.com\/it\/orologio-uomo-baume-mercier-classima-6.html","title":{"rendered":"Orologio uomo BAUME &amp; MERCIER Classima &#8211; movimento al Quarzo &#8211; 40 mm &#8211; ..."},"content":{"rendered":"<p><strong>Orologio uomo Baume &amp; Mercier,\u00a0<\/strong>collezione Classima con cassa di diametro 40mm. e cinturino in Acciaio. Resistente all&#8217;acqua fino a 5 Bar.<\/p>\n<p>Questo orologio presenta un Movimento Swiss Made al quarzo. Semplice e versatile con il suo cinturino in acciaio e quadrante blu, rappresenta un accessorio indispensabile per un uomo. La casa svizzera garantisce qualit\u00e0 e affidabilit\u00e0 grazie alla scelta dei materiali pi\u00f9 pregiati. Il quadrante \u00e8 ricoperto di vetro in zaffiro.<\/p>\n<p>Disponibile:<\/p>\n<ul>\n<li><strong>Modello M0A10382: cassa e cinturino Acciaio &#8211; quadrante Blu<\/strong><\/li>\n<\/ul>\n<p>Baume and Mercier con questa collezione ha deciso di dare un tocco di modernit\u00e0 ai suoi orologi. Questo modello \u00e8 dedicato ai professionisti ambiziosi. Il colore vivo del quadrante gli dona lucentezza.<\/p>\n","protected":false},"excerpt":{"rendered":"<p>Orologio uomo BAUME &amp; MERCIER collezione Classima, movimento al Quarzo, cassa diematro 40 mm., cassa e cinturino Acciaio, quadrante Blu<\/p>\n","protected":false},"featured_media":14195,"comment_status":"open","ping_status":"closed","template":"","meta":[],"product_brand":[10],"product_cat":[1994,2038],"product_tag":[],"class_list":{"0":"post-5504","1":"product","2":"type-product","3":"status-publish","4":"has-post-thumbnail","6":"product_brand-baume-e-mercier-orologi-svizzera","7":"product_cat-orologi","8":"product_cat-baume-mercier","10":"first","11":"instock","12":"sale","13":"shipping-taxable","14":"purchasable","15":"product-type-simple"},"exclude_global_add_ons":[],"addons":[],"_links":{"self":[{"href":"https:\/\/www.rensiweb.com\/it\/wp-json\/wp\/v2\/product\/5504","targetHints":{"allow":["GET"]}}],"collection":[{"href":"https:\/\/www.rensiweb.com\/it\/wp-json\/wp\/v2\/product"}],"about":[{"href":"https:\/\/www.rensiweb.com\/it\/wp-json\/wp\/v2\/types\/product"}],"replies":[{"embeddable":true,"href":"https:\/\/www.rensiweb.com\/it\/wp-json\/wp\/v2\/comments?post=5504"}],"wp:featuredmedia":[{"embeddable":true,"href":"https:\/\/www.rensiweb.com\/it\/wp-json\/wp\/v2\/media\/14195"}],"wp:attachment":[{"href":"https:\/\/www.rensiweb.com\/it\/wp-json\/wp\/v2\/media?parent=5504"}],"wp:term":[{"taxonomy":"product_brand","embeddable":true,"href":"https:\/\/www.rensiweb.com\/it\/wp-json\/wp\/v2\/product_brand?post=5504"},{"taxonomy":"product_cat","embeddable":true,"href":"https:\/\/www.rensiweb.com\/it\/wp-json\/wp\/v2\/product_cat?post=5504"},{"taxonomy":"product_tag","embeddable":true,"href":"https:\/\/www.rensiweb.com\/it\/wp-json\/wp\/v2\/product_tag?post=5504"}],"curies":[{"name":"wp","href":"https:\/\/api.w.org\/{rel}","templated":true}]}}