{"id":5492,"date":"2021-06-14T10:06:40","date_gmt":"2021-06-14T08:06:40","guid":{"rendered":"https:\/\/www.rensiweb.com\/orologio-uomo-baume-mercier-classima-movimento-automatico-42-mm-cassa-e-cinturino-acciaio-quadrante-blu-1\/"},"modified":"2024-08-21T11:07:55","modified_gmt":"2024-08-21T09:07:55","slug":"orologio-uomo-baume-mercier-classima-8","status":"publish","type":"product","link":"https:\/\/www.rensiweb.com\/it\/orologio-uomo-baume-mercier-classima-8.html","title":{"rendered":"Orologio uomo BAUME &amp; MERCIER Classima &#8211; movimento Automatico &#8211; 42 mm &#8211;..."},"content":{"rendered":"<p><strong>Orologio uomo Baume &amp; Mercier,\u00a0<\/strong>collezione Classima con cassa di diametro 42mm. in Acciaio e cinturino in Acciaio o Cuoio. Resistente all&#8217;acqua fino a 5 Bar.<\/p>\n<p>Questo orologio presenta un Movimento Swiss Made Automatico a carica automatica. Dalle linee accentuate e moderne, questo accessorio \u00e8 composto da un quadrante blu con doppio fuso orario e lancetta centrale, ricoperto da vetro in Zaffiro. Il cinturino \u00e8 proposto in acciaio lucido o in cuoio, in base alla versione scelta. Disponibile<span style=\"background-color: inherit;color: inherit;font-family: inherit;font-size: 1rem\">:<\/span><\/p>\n<ul>\n<li><strong>Modello M0A10483: cassa e cinturino Acciaio &#8211; quadrante Blu<\/strong><\/li>\n<li><strong>Modello M0A10483: cassa Acciaio e cinturino Cuoio &#8211; quadrante Blu<\/strong><\/li>\n<\/ul>\n<p>Baume and Mercier grazie alla collezione Classima, ha potuto esprimere tutto il suo fascino. Questo modello in particolare \u00e8 ststo pensato per dare un tocco di carattere al polso degli uomini. Il cinturino \u00e8 proposto sia in Acciaio che in Cuoio, cos\u00ec da poter soddisfare gusti diversi.<\/p>\n","protected":false},"excerpt":{"rendered":"<p>Orologio uomo BAUME &amp; MERCIER Classima, movimento Automatico, cassa con secondi di diametro 42 mm., cassa e cinturino Acciaio, quadrante Blu<\/p>\n","protected":false},"featured_media":14158,"comment_status":"open","ping_status":"closed","template":"","meta":[],"product_brand":[10],"product_cat":[1994,2038],"product_tag":[],"class_list":{"0":"post-5492","1":"product","2":"type-product","3":"status-publish","4":"has-post-thumbnail","6":"product_brand-baume-e-mercier-orologi-svizzera","7":"product_cat-orologi","8":"product_cat-baume-mercier","10":"first","11":"outofstock","12":"sale","13":"shipping-taxable","14":"purchasable","15":"product-type-variable"},"exclude_global_add_ons":[],"addons":[],"_links":{"self":[{"href":"https:\/\/www.rensiweb.com\/it\/wp-json\/wp\/v2\/product\/5492","targetHints":{"allow":["GET"]}}],"collection":[{"href":"https:\/\/www.rensiweb.com\/it\/wp-json\/wp\/v2\/product"}],"about":[{"href":"https:\/\/www.rensiweb.com\/it\/wp-json\/wp\/v2\/types\/product"}],"replies":[{"embeddable":true,"href":"https:\/\/www.rensiweb.com\/it\/wp-json\/wp\/v2\/comments?post=5492"}],"wp:featuredmedia":[{"embeddable":true,"href":"https:\/\/www.rensiweb.com\/it\/wp-json\/wp\/v2\/media\/14158"}],"wp:attachment":[{"href":"https:\/\/www.rensiweb.com\/it\/wp-json\/wp\/v2\/media?parent=5492"}],"wp:term":[{"taxonomy":"product_brand","embeddable":true,"href":"https:\/\/www.rensiweb.com\/it\/wp-json\/wp\/v2\/product_brand?post=5492"},{"taxonomy":"product_cat","embeddable":true,"href":"https:\/\/www.rensiweb.com\/it\/wp-json\/wp\/v2\/product_cat?post=5492"},{"taxonomy":"product_tag","embeddable":true,"href":"https:\/\/www.rensiweb.com\/it\/wp-json\/wp\/v2\/product_tag?post=5492"}],"curies":[{"name":"wp","href":"https:\/\/api.w.org\/{rel}","templated":true}]}}