{"id":5482,"date":"2021-06-12T09:38:49","date_gmt":"2021-06-12T07:38:49","guid":{"rendered":"https:\/\/www.rensiweb.com\/orologio-uomo-baume-mercier-classima-movimento-automatico-42-mm-cassa-e-cinturino-acciaio-quadrante-silver\/"},"modified":"2026-04-07T21:06:03","modified_gmt":"2026-04-07T19:06:03","slug":"orologio-baume-mercier-classima-10524","status":"publish","type":"product","link":"https:\/\/www.rensiweb.com\/it\/orologio-baume-mercier-classima-10524.html","title":{"rendered":"Orologio BAUME &amp; MERCIER Classima &#8211; 42 mm &#8211; cassa e cinturino Acciaio..."},"content":{"rendered":"<p><strong>Orologio uomo Baume &amp; Mercier,\u00a0<\/strong>collezione Classima con cassa di diametro 42mm. in Acciaio e cinturino in Acciaio o Cuoio. Resistente all&#8217;acqua fino a 5 Bar.<\/p>\n<p>Questo orologio presenta un Movimento Swiss Made al Quarzo. Dalle linee classiche e minimaliste, questo accessorio \u00e8 composto da un raffinato quadrante bianco ricoperto da vetro in Zaffiro e da un cinturino in acciaio lucido o in cuoio. Il dettaglio pi\u00f9 amato resta il vilancere a vista a ore 12. Disponibile<span style=\"background-color: inherit;color: inherit;font-family: inherit;font-size: 1rem\">:<\/span><\/p>\n<ul>\n<li><strong>Modello M0A10525: cassa e cinturino Acciaio &#8211; quadrante Silver<\/strong><\/li>\n<li><strong>Modello M0A10524: cassa Acciaio e cinturino Cuoio &#8211; quadrante Silver<\/strong><\/li>\n<\/ul>\n<p>Baume and Mercier grazie alla collezione Classima, ha potuto esprimere tutto il suo fascino. La classicit\u00e0 di questo modello diventa simbolo di eleganza. Il cinturino \u00e8 proposto sia in Acciaio che in Cuoio, cos\u00ec da poter soddisfare gusti diversi.<\/p>\n","protected":false},"excerpt":{"rendered":"<p>Orologio uomo BAUME &amp; MERCIER Classima, movimento Automatico, 42 mm, cassa Acciaio e cinturino Acciaio o Cuoio, quadrante Bianco, movimento a vista<\/p>\n","protected":false},"featured_media":14131,"comment_status":"open","ping_status":"closed","template":"","meta":[],"product_brand":[10],"product_cat":[1994,2038],"product_tag":[],"class_list":{"0":"post-5482","1":"product","2":"type-product","3":"status-publish","4":"has-post-thumbnail","6":"product_brand-baume-e-mercier-orologi-svizzera","7":"product_cat-orologi","8":"product_cat-baume-mercier","10":"first","11":"outofstock","12":"sale","13":"shipping-taxable","14":"purchasable","15":"product-type-variable","16":"has-default-attributes"},"exclude_global_add_ons":[],"addons":[],"_links":{"self":[{"href":"https:\/\/www.rensiweb.com\/it\/wp-json\/wp\/v2\/product\/5482","targetHints":{"allow":["GET"]}}],"collection":[{"href":"https:\/\/www.rensiweb.com\/it\/wp-json\/wp\/v2\/product"}],"about":[{"href":"https:\/\/www.rensiweb.com\/it\/wp-json\/wp\/v2\/types\/product"}],"replies":[{"embeddable":true,"href":"https:\/\/www.rensiweb.com\/it\/wp-json\/wp\/v2\/comments?post=5482"}],"wp:featuredmedia":[{"embeddable":true,"href":"https:\/\/www.rensiweb.com\/it\/wp-json\/wp\/v2\/media\/14131"}],"wp:attachment":[{"href":"https:\/\/www.rensiweb.com\/it\/wp-json\/wp\/v2\/media?parent=5482"}],"wp:term":[{"taxonomy":"product_brand","embeddable":true,"href":"https:\/\/www.rensiweb.com\/it\/wp-json\/wp\/v2\/product_brand?post=5482"},{"taxonomy":"product_cat","embeddable":true,"href":"https:\/\/www.rensiweb.com\/it\/wp-json\/wp\/v2\/product_cat?post=5482"},{"taxonomy":"product_tag","embeddable":true,"href":"https:\/\/www.rensiweb.com\/it\/wp-json\/wp\/v2\/product_tag?post=5482"}],"curies":[{"name":"wp","href":"https:\/\/api.w.org\/{rel}","templated":true}]}}