{"id":5471,"date":"2021-06-11T08:05:18","date_gmt":"2021-06-11T06:05:18","guid":{"rendered":"https:\/\/www.rensiweb.com\/collana-donna-fope-collezione-vendome-in-oro-bianco-18-kt-cm-43\/"},"modified":"2026-04-17T11:21:59","modified_gmt":"2026-04-17T09:21:59","slug":"collana-donna-fope-collezione-vendome-in-oro-bianco-18-kt-cm-43","status":"publish","type":"product","link":"https:\/\/www.rensiweb.com\/it\/collana-donna-fope-collezione-vendome-in-oro-bianco-18-kt-cm-43.html","title":{"rendered":"Collana donna FOPE collezione Vendome in Oro Bianco 18 Kt. &#8211; cm.43..."},"content":{"rendered":"<p><strong>Collana donna FOPE Collezione Vendome in oro giallo 750\/000 18 kt. con chisura gancio a moschettone.<\/strong><\/p>\n<p>Il famoso brand<strong> Fope <\/strong>presenta la<strong> Collezione Vendome<\/strong>, una collezione ispirata all&#8217;incantevole <strong>piazza parigina, Vendome simbolo del lusso e dell&#8217;eleganza<\/strong>\u00a0 nel tempo diventa una linea ricca di modelli e varianti mantenendo le caratteristiche iniziale che le hanno portato un enorme successo:<strong> un lusso che si fa notare da chi sa riconoscerlo.<\/strong><\/p>\n<p>Questo modello di <strong>collana Fope<\/strong> della<strong> collezione Vendome<\/strong> \u00e8 realizzata in<strong> oro 750\/000,<\/strong> presenta una maglia di sezione ovale, morbida e preziosa, piacevole da indossare e arrichire qualsiasi look. La sua lunghezza misura 43 cm, ha un peso di 37 gr., \u00e8 dotata di una pratica e robusta chiusura a moschettone dov&#8217;\u00e8 inciso il logo del brand Fope come simbolo di autenticit\u00e0 del prodotto.<\/p>\n<p><strong>\u00a0I gioielli Fope rappresentano la scelta assolutamente perfetta per un regalo di grande classe.<\/strong><\/p>\n<ul>\n<li><strong>Modello 59102CX_XX_G_XXX_043 : Collana donna Fope Collezione Vendome\u00a0 in oro giallo 750\/000 (18 kt.) con chiusura gancio a moschettone<\/strong><\/li>\n<li><strong>Modello 59102CX_XX_B_XXX_043 : Collana donna Fope Collezione Vendome\u00a0 in oro bianco 750\/000 (18 kt.) con chiusura gancio a moschettone<\/strong><\/li>\n<li><strong>Modello 59102CX_XX_R_XXX_043 \u00a0:<\/strong><strong>Collana donna Fope Collezione Vendome\u00a0 in oro rose 750\/000 (18 kt.) con chiusura gancio a moschettone<\/strong><\/li>\n<\/ul>\n<p>&nbsp;<\/p>\n<p>&nbsp;<\/p>\n","protected":false},"excerpt":{"rendered":"<p>Collana donna FOPE Collezione Vendome in oro giallo 750\/000 (18 kt.) con chiusura gancio a moschettone. Disponibile in oro bianco, giallo e rosa, il prezzo varia in base alla misura scelta. Misura 43cm.<\/p>\n","protected":false},"featured_media":14105,"comment_status":"open","ping_status":"closed","template":"","meta":[],"product_brand":[9],"product_cat":[1998,2058],"product_tag":[],"class_list":{"0":"post-5471","1":"product","2":"type-product","3":"status-publish","4":"has-post-thumbnail","6":"product_brand-fope-gioielli-italia","7":"product_cat-gioielli","8":"product_cat-fope","10":"first","11":"instock","12":"shipping-taxable","13":"purchasable","14":"product-type-variable"},"exclude_global_add_ons":[],"addons":[],"_links":{"self":[{"href":"https:\/\/www.rensiweb.com\/it\/wp-json\/wp\/v2\/product\/5471","targetHints":{"allow":["GET"]}}],"collection":[{"href":"https:\/\/www.rensiweb.com\/it\/wp-json\/wp\/v2\/product"}],"about":[{"href":"https:\/\/www.rensiweb.com\/it\/wp-json\/wp\/v2\/types\/product"}],"replies":[{"embeddable":true,"href":"https:\/\/www.rensiweb.com\/it\/wp-json\/wp\/v2\/comments?post=5471"}],"wp:featuredmedia":[{"embeddable":true,"href":"https:\/\/www.rensiweb.com\/it\/wp-json\/wp\/v2\/media\/14105"}],"wp:attachment":[{"href":"https:\/\/www.rensiweb.com\/it\/wp-json\/wp\/v2\/media?parent=5471"}],"wp:term":[{"taxonomy":"product_brand","embeddable":true,"href":"https:\/\/www.rensiweb.com\/it\/wp-json\/wp\/v2\/product_brand?post=5471"},{"taxonomy":"product_cat","embeddable":true,"href":"https:\/\/www.rensiweb.com\/it\/wp-json\/wp\/v2\/product_cat?post=5471"},{"taxonomy":"product_tag","embeddable":true,"href":"https:\/\/www.rensiweb.com\/it\/wp-json\/wp\/v2\/product_tag?post=5471"}],"curies":[{"name":"wp","href":"https:\/\/api.w.org\/{rel}","templated":true}]}}