{"id":5464,"date":"2021-06-10T08:28:26","date_gmt":"2021-06-10T06:28:26","guid":{"rendered":"https:\/\/www.rensiweb.com\/orologio-donna-baume-mercier-classima-movimento-automatico-31-mm-cassa-titanio-e-oro-rosa-e-cinturino-cuoio-quadrante-madreperla\/"},"modified":"2024-08-21T16:45:31","modified_gmt":"2024-08-21T14:45:31","slug":"orologio-donna-baume-mercier-classima-7","status":"publish","type":"product","link":"https:\/\/www.rensiweb.com\/it\/orologio-donna-baume-mercier-classima-7.html","title":{"rendered":"Orologio donna BAUME &amp; MERCIER Classima &#8211; movimento Automatico &#8211; 31 mm &#8211..."},"content":{"rendered":"<p><strong>Orologio donna Baume &amp; Mercier,\u00a0<\/strong>collezione Classima con cassa di diametro 31mm. in Titanio e Oro Rosa e cinturino in Cuoio. Resistente all&#8217;acqua fino a 5 Bar.<\/p>\n<p>Questo orologio presenta un Movimento Swiss Made Automatico a carica automatica e per garantire maggiore qualit\u00e0 e resistenza, \u00e8 ricoperto con vetro in Zaffiro. Il quadrante, con datario, \u00e8 in madreperla, che insieme alla cassa rendono dona un tocco di eleganza. Anche le lancette e gli indici romani sono realizzati in oro rosa.<\/p>\n<p>Disponibile:<\/p>\n<ul>\n<li><strong>Modello M0A10598: cassa Titanio e Oro Rosa e cinturino Cuoio &#8211; quadrante Madreperla<\/strong><\/li>\n<\/ul>\n<p>Espressione di una moderna raffinatezza, Baume and Mercier con questo modello vuole proporre un pezzo unico per le donne. L&#8217;eleganza donata dalla madreperla e dell&#8217;oro rosa si adattano ad ogni personalit\u00e0.<\/p>\n","protected":false},"excerpt":{"rendered":"<p>Orologio donna BAUME &amp; MERCIER Classima, movimento Automatico, 31 mm., cassa Titanio e Oro Rosa e cinturino Cuoio, quadrante Madreperla<\/p>\n","protected":false},"featured_media":14091,"comment_status":"open","ping_status":"closed","template":"","meta":[],"product_brand":[10],"product_cat":[1994,2038],"product_tag":[],"class_list":{"0":"post-5464","1":"product","2":"type-product","3":"status-publish","4":"has-post-thumbnail","6":"product_brand-baume-e-mercier-orologi-svizzera","7":"product_cat-orologi","8":"product_cat-baume-mercier","10":"first","11":"outofstock","12":"sale","13":"shipping-taxable","14":"purchasable","15":"product-type-simple"},"exclude_global_add_ons":[],"addons":[],"_links":{"self":[{"href":"https:\/\/www.rensiweb.com\/it\/wp-json\/wp\/v2\/product\/5464","targetHints":{"allow":["GET"]}}],"collection":[{"href":"https:\/\/www.rensiweb.com\/it\/wp-json\/wp\/v2\/product"}],"about":[{"href":"https:\/\/www.rensiweb.com\/it\/wp-json\/wp\/v2\/types\/product"}],"replies":[{"embeddable":true,"href":"https:\/\/www.rensiweb.com\/it\/wp-json\/wp\/v2\/comments?post=5464"}],"wp:featuredmedia":[{"embeddable":true,"href":"https:\/\/www.rensiweb.com\/it\/wp-json\/wp\/v2\/media\/14091"}],"wp:attachment":[{"href":"https:\/\/www.rensiweb.com\/it\/wp-json\/wp\/v2\/media?parent=5464"}],"wp:term":[{"taxonomy":"product_brand","embeddable":true,"href":"https:\/\/www.rensiweb.com\/it\/wp-json\/wp\/v2\/product_brand?post=5464"},{"taxonomy":"product_cat","embeddable":true,"href":"https:\/\/www.rensiweb.com\/it\/wp-json\/wp\/v2\/product_cat?post=5464"},{"taxonomy":"product_tag","embeddable":true,"href":"https:\/\/www.rensiweb.com\/it\/wp-json\/wp\/v2\/product_tag?post=5464"}],"curies":[{"name":"wp","href":"https:\/\/api.w.org\/{rel}","templated":true}]}}