{"id":5461,"date":"2021-06-09T15:15:44","date_gmt":"2021-06-09T13:15:44","guid":{"rendered":"https:\/\/www.rensiweb.com\/orologio-uomo-baume-mercier-classima-movimento-automatico-42-mm-cassa-acciaio-e-cinturino-tela-quadrante-antracite\/"},"modified":"2026-05-07T15:04:59","modified_gmt":"2026-05-07T13:04:59","slug":"orologio-uomo-baume-mercier-classima-movimento-automatico-42-mm-cassa-acciaio-e-cinturino-tela-quadrante-antracite","status":"publish","type":"product","link":"https:\/\/www.rensiweb.com\/it\/orologio-uomo-baume-mercier-classima-movimento-automatico-42-mm-cassa-acciaio-e-cinturino-tela-quadrante-antracite.html","title":{"rendered":"Orologio uomo BAUME &amp; MERCIER Classima &#8211; movimento Automatico &#8211; 42 mm &#8211;..."},"content":{"rendered":"<p><strong>Orologio uomo Baume &amp; Mercier,\u00a0<\/strong>collezione Classima con cassa di diametro 42mm. in Acciaio e cinturino in Tela. Resistente all&#8217;acqua fino a 5 Bar.<\/p>\n<p>Questo orologio presenta un Movimento Automatico a carica automatica, con riserva fino a 38 ore. Per garantire maggiore qualit\u00e0 e resistenza, \u00e8 ricoperto con vetro in Zaffiro e fondello con viti e vetro Zaffiro. Il quadrante, con datario, \u00e8 di color antracite e rende il modello sobrio ma elegante. Le lancette di colore blu offrono uno stile ricercato.<\/p>\n<p>Disponibile:<\/p>\n<ul>\n<li><strong>Modello M0A10608: cassa Acciaio e cinturino Tela &#8211; quadrante Antracite<\/strong><\/li>\n<\/ul>\n<p>Baume and Mercier con questa collezione ha deciso di dare un tocco di modernit\u00e0 ai suoi orologi. In prticolare questo modello \u00e8 amatissimo per la sua versatilit\u00e0. Grazie ai suoi colori e materiali risulta ideale per una vita quotidiana.<\/p>\n","protected":false},"excerpt":{"rendered":"<p>Orologio uomo BAUME &amp; MERCIER Classima, movimento Automatico, cassa diametro 42 mm., cassa Acciaio e cinturino Tela, quadrante Antracite<\/p>\n","protected":false},"featured_media":14078,"comment_status":"open","ping_status":"closed","template":"","meta":[],"product_brand":[10],"product_cat":[1994,2038],"product_tag":[],"class_list":{"0":"post-5461","1":"product","2":"type-product","3":"status-publish","4":"has-post-thumbnail","6":"product_brand-baume-e-mercier-orologi-svizzera","7":"product_cat-orologi","8":"product_cat-baume-mercier","10":"first","11":"outofstock","12":"sale","13":"shipping-taxable","14":"purchasable","15":"product-type-simple"},"exclude_global_add_ons":[],"addons":[],"_links":{"self":[{"href":"https:\/\/www.rensiweb.com\/it\/wp-json\/wp\/v2\/product\/5461","targetHints":{"allow":["GET"]}}],"collection":[{"href":"https:\/\/www.rensiweb.com\/it\/wp-json\/wp\/v2\/product"}],"about":[{"href":"https:\/\/www.rensiweb.com\/it\/wp-json\/wp\/v2\/types\/product"}],"replies":[{"embeddable":true,"href":"https:\/\/www.rensiweb.com\/it\/wp-json\/wp\/v2\/comments?post=5461"}],"wp:featuredmedia":[{"embeddable":true,"href":"https:\/\/www.rensiweb.com\/it\/wp-json\/wp\/v2\/media\/14078"}],"wp:attachment":[{"href":"https:\/\/www.rensiweb.com\/it\/wp-json\/wp\/v2\/media?parent=5461"}],"wp:term":[{"taxonomy":"product_brand","embeddable":true,"href":"https:\/\/www.rensiweb.com\/it\/wp-json\/wp\/v2\/product_brand?post=5461"},{"taxonomy":"product_cat","embeddable":true,"href":"https:\/\/www.rensiweb.com\/it\/wp-json\/wp\/v2\/product_cat?post=5461"},{"taxonomy":"product_tag","embeddable":true,"href":"https:\/\/www.rensiweb.com\/it\/wp-json\/wp\/v2\/product_tag?post=5461"}],"curies":[{"name":"wp","href":"https:\/\/api.w.org\/{rel}","templated":true}]}}