{"id":5460,"date":"2021-06-09T14:47:41","date_gmt":"2021-06-09T12:47:41","guid":{"rendered":"https:\/\/www.rensiweb.com\/orologio-donna-baume-mercier-classima-movimento-al-quarzo-31-mm-cassa-e-cinturino-acciaio-quadrante-verde\/"},"modified":"2026-04-27T15:05:30","modified_gmt":"2026-04-27T13:05:30","slug":"orologio-baume-mercier-classima-10609","status":"publish","type":"product","link":"https:\/\/www.rensiweb.com\/it\/orologio-baume-mercier-classima-10609.html","title":{"rendered":"Orologio BAUME &amp; MERCIER Classima &#8211; 31 mm &#8211; cassa e cinturino Acciaio..."},"content":{"rendered":"<p><strong>Orologio donna Baume &amp; Mercier,\u00a0<\/strong>collezione Classima con cassa di diametro 31mm. realizzato interamente in Acciaio. Resistente all&#8217;acqua fino a 5 Bar.<\/p>\n<p>Questo orologio presenta un lassico movimento al Quarzo e mostra un datario ad ore 3 con datario. Per garantire maggiore qualit\u00e0 e resistenza, \u00e8 ricoperto con vetro in Zaffiro e fondello con viti e vetro Zaffiro. Il quadrantedi colore verde chiaro, lo rende un accessorio vivace e luminoso.<\/p>\n<p>Disponibile:<\/p>\n<ul>\n<li><strong>Modello M0A10609: cassa e cinturino Acciaio &#8211; quadrante Verde<\/strong><\/li>\n<\/ul>\n<p>Classima \u00e8 un segnatempo classico e rotondo dalle proporzioni equilibrate e semplice da indossare. In particolare questo modello, \u00e8 adatto alle personalit\u00e0 pi\u00f9 vivaci, grazie al suo colore intenso.<\/p>\n","protected":false},"excerpt":{"rendered":"<p>Orologio donna BAUME &amp; MERCIER collezione Classima, movimento al Quarzo, cassa diametro 31 mm., cassa e cinturino Acciaio, quadrante Verde<\/p>\n","protected":false},"featured_media":14075,"comment_status":"open","ping_status":"closed","template":"","meta":[],"product_brand":[10],"product_cat":[1994,2038],"product_tag":[],"class_list":{"0":"post-5460","1":"product","2":"type-product","3":"status-publish","4":"has-post-thumbnail","6":"product_brand-baume-e-mercier-orologi-svizzera","7":"product_cat-orologi","8":"product_cat-baume-mercier","10":"first","11":"instock","12":"sale","13":"shipping-taxable","14":"purchasable","15":"product-type-simple"},"exclude_global_add_ons":[],"addons":[],"_links":{"self":[{"href":"https:\/\/www.rensiweb.com\/it\/wp-json\/wp\/v2\/product\/5460","targetHints":{"allow":["GET"]}}],"collection":[{"href":"https:\/\/www.rensiweb.com\/it\/wp-json\/wp\/v2\/product"}],"about":[{"href":"https:\/\/www.rensiweb.com\/it\/wp-json\/wp\/v2\/types\/product"}],"replies":[{"embeddable":true,"href":"https:\/\/www.rensiweb.com\/it\/wp-json\/wp\/v2\/comments?post=5460"}],"wp:featuredmedia":[{"embeddable":true,"href":"https:\/\/www.rensiweb.com\/it\/wp-json\/wp\/v2\/media\/14075"}],"wp:attachment":[{"href":"https:\/\/www.rensiweb.com\/it\/wp-json\/wp\/v2\/media?parent=5460"}],"wp:term":[{"taxonomy":"product_brand","embeddable":true,"href":"https:\/\/www.rensiweb.com\/it\/wp-json\/wp\/v2\/product_brand?post=5460"},{"taxonomy":"product_cat","embeddable":true,"href":"https:\/\/www.rensiweb.com\/it\/wp-json\/wp\/v2\/product_cat?post=5460"},{"taxonomy":"product_tag","embeddable":true,"href":"https:\/\/www.rensiweb.com\/it\/wp-json\/wp\/v2\/product_tag?post=5460"}],"curies":[{"name":"wp","href":"https:\/\/api.w.org\/{rel}","templated":true}]}}